{"id":67039,"date":"2022-09-05T16:47:53","date_gmt":"2022-09-05T08:47:53","guid":{"rendered":"https:\/\/www.maysunsolar.com\/casto-kladene-dotazy\/"},"modified":"2025-08-12T16:36:15","modified_gmt":"2025-08-12T08:36:15","slug":"casto-kladene-dotazy","status":"publish","type":"page","link":"https:\/\/www.maysunsolar.com\/cs\/casto-kladene-dotazy\/","title":{"rendered":"\u010cASTO KLADEN\u00c9 DOTAZY"},"content":{"rendered":"\t\t<div data-elementor-type=\"wp-page\" data-elementor-id=\"67039\" class=\"elementor elementor-67039 elementor-3624\" data-elementor-post-type=\"page\">\n\t\t\t\t\t\t<section class=\"elementor-section elementor-top-section elementor-element elementor-element-3168f5d elementor-section-boxed elementor-section-height-default elementor-section-height-default\" data-id=\"3168f5d\" data-element_type=\"section\" data-e-type=\"section\">\n\t\t\t\t\t\t<div class=\"elementor-container elementor-column-gap-default\">\n\t\t\t\t\t<div class=\"elementor-column elementor-col-100 elementor-top-column elementor-element elementor-element-d6185f1\" data-id=\"d6185f1\" data-element_type=\"column\" data-e-type=\"column\">\n\t\t\t<div class=\"elementor-widget-wrap elementor-element-populated\">\n\t\t\t\t\t\t<div class=\"elementor-element elementor-element-e2e12de elementor-widget elementor-widget-image\" data-id=\"e2e12de\" data-element_type=\"widget\" data-e-type=\"widget\" data-widget_type=\"image.default\">\n\t\t\t\t<div class=\"elementor-widget-container\">\n\t\t\t\t\t\t\t\t\t\t\t\t\t\t\t<img fetchpriority=\"high\" decoding=\"async\" width=\"768\" height=\"549\" src=\"https:\/\/www.maysunsolar.com\/wp-content\/uploads\/2022\/09\/questions-question-mark-quiz-6988157-768x549.png\" class=\"attachment-medium_large size-medium_large wp-image-3911\" alt=\"questions, question mark, quiz-6988157.jpg\" srcset=\"https:\/\/www.maysunsolar.com\/wp-content\/uploads\/2022\/09\/questions-question-mark-quiz-6988157-768x549.png 768w, https:\/\/www.maysunsolar.com\/wp-content\/uploads\/2022\/09\/questions-question-mark-quiz-6988157-300x214.png 300w, https:\/\/www.maysunsolar.com\/wp-content\/uploads\/2022\/09\/questions-question-mark-quiz-6988157-1024x732.png 1024w, https:\/\/www.maysunsolar.com\/wp-content\/uploads\/2022\/09\/questions-question-mark-quiz-6988157.png 1280w\" sizes=\"(max-width: 768px) 100vw, 768px\" \/>\t\t\t\t\t\t\t\t\t\t\t\t\t\t\t<\/div>\n\t\t\t\t<\/div>\n\t\t\t\t<div class=\"elementor-element elementor-element-43d3faa elementor-widget elementor-widget-heading\" data-id=\"43d3faa\" data-element_type=\"widget\" data-e-type=\"widget\" data-widget_type=\"heading.default\">\n\t\t\t\t<div class=\"elementor-widget-container\">\n\t\t\t\t\t<h1 class=\"elementor-heading-title elementor-size-default\">\u010cASTO KLADEN\u00c9 DOTAZY<\/h1>\t\t\t\t<\/div>\n\t\t\t\t<\/div>\n\t\t\t\t<div class=\"elementor-element elementor-element-97214d0 elementor-widget elementor-widget-text-editor\" data-id=\"97214d0\" data-element_type=\"widget\" data-e-type=\"widget\" data-widget_type=\"text-editor.default\">\n\t\t\t\t<div class=\"elementor-widget-container\">\n\t\t\t\t\t\t\t\t\t<p><strong>B\u011b\u017en\u00e9 ot\u00e1zky, se kter\u00fdmi se m\u016f\u017eete setkat, jsou se\u0159azeny a zodpov\u011bzeny a podle odpov\u011bd\u00ed m\u016f\u017eete probl\u00e9m rychle vy\u0159e\u0161it.<\/strong><\/p>\t\t\t\t\t\t\t\t<\/div>\n\t\t\t\t<\/div>\n\t\t\t\t<div class=\"elementor-element elementor-element-8eec64a elementor-widget elementor-widget-toggle\" data-id=\"8eec64a\" data-element_type=\"widget\" data-e-type=\"widget\" data-widget_type=\"toggle.default\">\n\t\t\t\t<div class=\"elementor-widget-container\">\n\t\t\t\t\t\t\t<div class=\"elementor-toggle\">\n\t\t\t\t\t\t\t<div class=\"elementor-toggle-item\">\n\t\t\t\t\t<div id=\"elementor-tab-title-1491\" class=\"elementor-tab-title\" data-tab=\"1\" role=\"button\" aria-controls=\"elementor-tab-content-1491\" aria-expanded=\"false\">\n\t\t\t\t\t\t\t\t\t\t\t\t<span class=\"elementor-toggle-icon elementor-toggle-icon-left\" aria-hidden=\"true\">\n\t\t\t\t\t\t\t\t\t\t\t\t\t\t\t<span class=\"elementor-toggle-icon-closed\"><i class=\"fas fa-caret-right\"><\/i><\/span>\n\t\t\t\t\t\t\t\t<span class=\"elementor-toggle-icon-opened\"><i class=\"elementor-toggle-icon-opened fas fa-caret-up\"><\/i><\/span>\n\t\t\t\t\t\t\t\t\t\t\t\t\t<\/span>\n\t\t\t\t\t\t\t\t\t\t\t\t<a class=\"elementor-toggle-title\" tabindex=\"0\">1.Kolik kus\u016f je na palet\u011b\/kolik kus\u016f je v kontejneru?<\/a>\n\t\t\t\t\t<\/div>\n\n\t\t\t\t\t<div id=\"elementor-tab-content-1491\" class=\"elementor-tab-content elementor-clearfix\" data-tab=\"1\" role=\"region\" aria-labelledby=\"elementor-tab-title-1491\"><p>Nen\u00ed pevn\u011b stanovena a rozhoduj\u00edc\u00ed je skute\u010dn\u00fd stav konkr\u00e9tn\u00edch \u0161ar\u017e\u00ed.<\/p>\n<\/div>\n\t\t\t\t<\/div>\n\t\t\t\t\t\t\t<div class=\"elementor-toggle-item\">\n\t\t\t\t\t<div id=\"elementor-tab-title-1492\" class=\"elementor-tab-title\" data-tab=\"2\" role=\"button\" aria-controls=\"elementor-tab-content-1492\" aria-expanded=\"false\">\n\t\t\t\t\t\t\t\t\t\t\t\t<span class=\"elementor-toggle-icon elementor-toggle-icon-left\" aria-hidden=\"true\">\n\t\t\t\t\t\t\t\t\t\t\t\t\t\t\t<span class=\"elementor-toggle-icon-closed\"><i class=\"fas fa-caret-right\"><\/i><\/span>\n\t\t\t\t\t\t\t\t<span class=\"elementor-toggle-icon-opened\"><i class=\"elementor-toggle-icon-opened fas fa-caret-up\"><\/i><\/span>\n\t\t\t\t\t\t\t\t\t\t\t\t\t<\/span>\n\t\t\t\t\t\t\t\t\t\t\t\t<a class=\"elementor-toggle-title\" tabindex=\"0\">2.Existuje cen\u00edk (cena jednoho sol\u00e1rn\u00edho panelu pro v\u0161echny produkty)?<\/a>\n\t\t\t\t\t<\/div>\n\n\t\t\t\t\t<div id=\"elementor-tab-content-1492\" class=\"elementor-tab-content elementor-clearfix\" data-tab=\"2\" role=\"region\" aria-labelledby=\"elementor-tab-title-1492\"><p>R\u016fzn\u00e9 v\u00fdrobky a r\u016fzn\u00e1 mno\u017estv\u00ed nejsou cenov\u011b stejn\u00e9 a cena kol\u00eds\u00e1 v z\u00e1vislosti na surovin\u00e1ch a trhu. M\u016f\u017eete komunikovat s na\u0161\u00edm profesion\u00e1ln\u00edm prodejcem a z\u00edskat aktu\u00e1ln\u00ed cenovou nab\u00eddku. <\/p>\n<\/div>\n\t\t\t\t<\/div>\n\t\t\t\t\t\t\t<div class=\"elementor-toggle-item\">\n\t\t\t\t\t<div id=\"elementor-tab-title-1493\" class=\"elementor-tab-title\" data-tab=\"3\" role=\"button\" aria-controls=\"elementor-tab-content-1493\" aria-expanded=\"false\">\n\t\t\t\t\t\t\t\t\t\t\t\t<span class=\"elementor-toggle-icon elementor-toggle-icon-left\" aria-hidden=\"true\">\n\t\t\t\t\t\t\t\t\t\t\t\t\t\t\t<span class=\"elementor-toggle-icon-closed\"><i class=\"fas fa-caret-right\"><\/i><\/span>\n\t\t\t\t\t\t\t\t<span class=\"elementor-toggle-icon-opened\"><i class=\"elementor-toggle-icon-opened fas fa-caret-up\"><\/i><\/span>\n\t\t\t\t\t\t\t\t\t\t\t\t\t<\/span>\n\t\t\t\t\t\t\t\t\t\t\t\t<a class=\"elementor-toggle-title\" tabindex=\"0\">3.Jak\u00fd je skute\u010dn\u00fd v\u00fdkon desky za 24 hodin denn\u011b?<\/a>\n\t\t\t\t\t<\/div>\n\n\t\t\t\t\t<div id=\"elementor-tab-content-1493\" class=\"elementor-tab-content elementor-clearfix\" data-tab=\"3\" role=\"region\" aria-labelledby=\"elementor-tab-title-1493\"><p>Sol\u00e1rn\u00ed panely vyr\u00e1b\u011bj\u00ed elekt\u0159inu pouze za p\u0159\u00edtomnosti slune\u010dn\u00edho sv\u011btla, tak\u017ee se ned\u00e1 \u0159\u00edci, \u017ee by fungovaly 24 hodin denn\u011b. Vezmeme-li jako p\u0159\u00edklad zem\u011bpisnou \u0161\u00ed\u0159ku provincie \u0160an-tung v \u010c\u00edn\u011b, je denn\u00ed v\u00fdkon b\u011b\u017en\u00e9ho 1000W asi 3 stupn\u011b Celsia. <\/p>\n<\/div>\n\t\t\t\t<\/div>\n\t\t\t\t\t\t\t<div class=\"elementor-toggle-item\">\n\t\t\t\t\t<div id=\"elementor-tab-title-1494\" class=\"elementor-tab-title\" data-tab=\"4\" role=\"button\" aria-controls=\"elementor-tab-content-1494\" aria-expanded=\"false\">\n\t\t\t\t\t\t\t\t\t\t\t\t<span class=\"elementor-toggle-icon elementor-toggle-icon-left\" aria-hidden=\"true\">\n\t\t\t\t\t\t\t\t\t\t\t\t\t\t\t<span class=\"elementor-toggle-icon-closed\"><i class=\"fas fa-caret-right\"><\/i><\/span>\n\t\t\t\t\t\t\t\t<span class=\"elementor-toggle-icon-opened\"><i class=\"elementor-toggle-icon-opened fas fa-caret-up\"><\/i><\/span>\n\t\t\t\t\t\t\t\t\t\t\t\t\t<\/span>\n\t\t\t\t\t\t\t\t\t\t\t\t<a class=\"elementor-toggle-title\" tabindex=\"0\">4.Jak\u00e9 certifik\u00e1ty na\u0161e v\u00fdrobky z\u00edskaly?<\/a>\n\t\t\t\t\t<\/div>\n\n\t\t\t\t\t<div id=\"elementor-tab-content-1494\" class=\"elementor-tab-content elementor-clearfix\" data-tab=\"4\" role=\"region\" aria-labelledby=\"elementor-tab-title-1494\"><p>Pro\u0161el syst\u00e9mem \u0159\u00edzen\u00ed kvality ISO9001 a z\u00edskal certifikace CE, TUV, Dewa, SGS, IEC, MCS a dal\u0161\u00ed.<\/p>\n<\/div>\n\t\t\t\t<\/div>\n\t\t\t\t\t\t\t<div class=\"elementor-toggle-item\">\n\t\t\t\t\t<div id=\"elementor-tab-title-1495\" class=\"elementor-tab-title\" data-tab=\"5\" role=\"button\" aria-controls=\"elementor-tab-content-1495\" aria-expanded=\"false\">\n\t\t\t\t\t\t\t\t\t\t\t\t<span class=\"elementor-toggle-icon elementor-toggle-icon-left\" aria-hidden=\"true\">\n\t\t\t\t\t\t\t\t\t\t\t\t\t\t\t<span class=\"elementor-toggle-icon-closed\"><i class=\"fas fa-caret-right\"><\/i><\/span>\n\t\t\t\t\t\t\t\t<span class=\"elementor-toggle-icon-opened\"><i class=\"elementor-toggle-icon-opened fas fa-caret-up\"><\/i><\/span>\n\t\t\t\t\t\t\t\t\t\t\t\t\t<\/span>\n\t\t\t\t\t\t\t\t\t\t\t\t<a class=\"elementor-toggle-title\" tabindex=\"0\">5.Jak vypo\u010d\u00edtat, kolik panel\u016f lze instalovat na z\u00e1klad\u011b plochy st\u0159echy.<\/a>\n\t\t\t\t\t<\/div>\n\n\t\t\t\t\t<div id=\"elementor-tab-content-1495\" class=\"elementor-tab-content elementor-clearfix\" data-tab=\"5\" role=\"region\" aria-labelledby=\"elementor-tab-title-1495\"><p>V sou\u010dasn\u00e9 dob\u011b nesm\u00ed plocha panelu na st\u0159e\u0161e n\u011bmeck\u00e9ho domu p\u0159ekro\u010dit 2 metry \u010dtvere\u010dn\u00ed. Pokud se vypo\u010d\u00edt\u00e1 jako 2 metry \u010dtvere\u010dn\u00ed, lze konkr\u00e9tn\u00ed po\u010det panel\u016f z\u00edskat vyd\u011blen\u00edm plochy st\u0159echy 2 metry \u010dtvere\u010dn\u00edmi. <\/p>\n<\/div>\n\t\t\t\t<\/div>\n\t\t\t\t\t\t\t<div class=\"elementor-toggle-item\">\n\t\t\t\t\t<div id=\"elementor-tab-title-1496\" class=\"elementor-tab-title\" data-tab=\"6\" role=\"button\" aria-controls=\"elementor-tab-content-1496\" aria-expanded=\"false\">\n\t\t\t\t\t\t\t\t\t\t\t\t<span class=\"elementor-toggle-icon elementor-toggle-icon-left\" aria-hidden=\"true\">\n\t\t\t\t\t\t\t\t\t\t\t\t\t\t\t<span class=\"elementor-toggle-icon-closed\"><i class=\"fas fa-caret-right\"><\/i><\/span>\n\t\t\t\t\t\t\t\t<span class=\"elementor-toggle-icon-opened\"><i class=\"elementor-toggle-icon-opened fas fa-caret-up\"><\/i><\/span>\n\t\t\t\t\t\t\t\t\t\t\t\t\t<\/span>\n\t\t\t\t\t\t\t\t\t\t\t\t<a class=\"elementor-toggle-title\" tabindex=\"0\">6.Jak \u010dasto by se m\u011bl v\u00fdrobek \u010distit?<\/a>\n\t\t\t\t\t<\/div>\n\n\t\t\t\t\t<div id=\"elementor-tab-content-1496\" class=\"elementor-tab-content elementor-clearfix\" data-tab=\"6\" role=\"region\" aria-labelledby=\"elementor-tab-title-1496\"><p>Pokud je na desce mnoho prachu nebo povlaku, o\u010dist\u011bte ji podle aktu\u00e1ln\u00ed situace.<\/p>\n<\/div>\n\t\t\t\t<\/div>\n\t\t\t\t\t\t\t\t<\/div>\n\t\t\t\t\t\t<\/div>\n\t\t\t\t<\/div>\n\t\t\t\t\t<\/div>\n\t\t<\/div>\n\t\t\t\t\t<\/div>\n\t\t<\/section>\n\t\t\t\t<\/div>\n\t\t","protected":false},"excerpt":{"rendered":"<p>\u010cASTO KLADEN\u00c9 DOTAZY B\u011b\u017en\u00e9 ot\u00e1zky, se kter\u00fdmi se m\u016f\u017eete setkat, jsou se\u0159azeny a zodpov\u011bzeny a podle odpov\u011bd\u00ed m\u016f\u017eete probl\u00e9m rychle vy\u0159e\u0161it. 1.Kolik kus\u016f je na palet\u011b\/kolik kus\u016f je v kontejneru? Nen\u00ed pevn\u011b stanovena a rozhoduj\u00edc\u00ed je skute\u010dn\u00fd stav konkr\u00e9tn\u00edch \u0161ar\u017e\u00ed. 2.Existuje cen\u00edk (cena&hellip;<\/p>\n","protected":false},"author":1,"featured_media":0,"parent":0,"menu_order":0,"comment_status":"closed","ping_status":"closed","template":"","meta":{"_uag_custom_page_level_css":"","footnotes":""},"class_list":["post-67039","page","type-page","status-publish","hentry"],"yoast_head":"<!-- This site is optimized with the Yoast SEO plugin v27.4 - https:\/\/yoast.com\/product\/yoast-seo-wordpress\/ -->\n<title>\u010cASTO KLADEN\u00c9 DOTAZY - Professional Distributed PV Module Manufacturer<\/title>\n<meta name=\"robots\" content=\"index, follow, max-snippet:-1, max-image-preview:large, max-video-preview:-1\" \/>\n<link rel=\"canonical\" href=\"https:\/\/www.maysunsolar.com\/cs\/casto-kladene-dotazy\/\" \/>\n<meta property=\"og:locale\" content=\"cs_CZ\" \/>\n<meta property=\"og:type\" content=\"article\" \/>\n<meta property=\"og:title\" content=\"\u010cASTO KLADEN\u00c9 DOTAZY - Professional Distributed PV Module Manufacturer\" \/>\n<meta property=\"og:description\" content=\"\u010cASTO KLADEN\u00c9 DOTAZY B\u011b\u017en\u00e9 ot\u00e1zky, se kter\u00fdmi se m\u016f\u017eete setkat, jsou se\u0159azeny a zodpov\u011bzeny a podle odpov\u011bd\u00ed m\u016f\u017eete probl\u00e9m rychle vy\u0159e\u0161it. 1.Kolik kus\u016f je na palet\u011b\/kolik kus\u016f je v kontejneru? Nen\u00ed pevn\u011b stanovena a rozhoduj\u00edc\u00ed je skute\u010dn\u00fd stav konkr\u00e9tn\u00edch \u0161ar\u017e\u00ed. 2.Existuje cen\u00edk (cena&hellip;\" \/>\n<meta property=\"og:url\" content=\"https:\/\/www.maysunsolar.com\/cs\/casto-kladene-dotazy\/\" \/>\n<meta property=\"og:site_name\" content=\"Professional Distributed PV Module Manufacturer\" \/>\n<meta property=\"article:modified_time\" content=\"2025-08-12T08:36:15+00:00\" \/>\n<meta property=\"og:image\" content=\"https:\/\/www.maysunsolar.com\/wp-content\/uploads\/2022\/09\/questions-question-mark-quiz-6988157-768x549.png\" \/>\n<meta name=\"twitter:card\" content=\"summary_large_image\" \/>\n<meta name=\"twitter:label1\" content=\"Odhadovan\u00e1 doba \u010dten\u00ed\" \/>\n\t<meta name=\"twitter:data1\" content=\"1 minuta\" \/>\n<script type=\"application\/ld+json\" class=\"yoast-schema-graph\">{\"@context\":\"https:\\\/\\\/schema.org\",\"@graph\":[{\"@type\":\"WebPage\",\"@id\":\"https:\\\/\\\/www.maysunsolar.com\\\/cs\\\/casto-kladene-dotazy\\\/\",\"url\":\"https:\\\/\\\/www.maysunsolar.com\\\/cs\\\/casto-kladene-dotazy\\\/\",\"name\":\"\u010cASTO KLADEN\u00c9 DOTAZY - Professional Distributed PV Module Manufacturer\",\"isPartOf\":{\"@id\":\"https:\\\/\\\/www.maysunsolar.com\\\/cs\\\/#website\"},\"primaryImageOfPage\":{\"@id\":\"https:\\\/\\\/www.maysunsolar.com\\\/cs\\\/casto-kladene-dotazy\\\/#primaryimage\"},\"image\":{\"@id\":\"https:\\\/\\\/www.maysunsolar.com\\\/cs\\\/casto-kladene-dotazy\\\/#primaryimage\"},\"thumbnailUrl\":\"https:\\\/\\\/www.maysunsolar.com\\\/wp-content\\\/uploads\\\/2022\\\/09\\\/questions-question-mark-quiz-6988157-768x549.png\",\"datePublished\":\"2022-09-05T08:47:53+00:00\",\"dateModified\":\"2025-08-12T08:36:15+00:00\",\"breadcrumb\":{\"@id\":\"https:\\\/\\\/www.maysunsolar.com\\\/cs\\\/casto-kladene-dotazy\\\/#breadcrumb\"},\"inLanguage\":\"cs\",\"potentialAction\":[{\"@type\":\"ReadAction\",\"target\":[\"https:\\\/\\\/www.maysunsolar.com\\\/cs\\\/casto-kladene-dotazy\\\/\"]}]},{\"@type\":\"ImageObject\",\"inLanguage\":\"cs\",\"@id\":\"https:\\\/\\\/www.maysunsolar.com\\\/cs\\\/casto-kladene-dotazy\\\/#primaryimage\",\"url\":\"https:\\\/\\\/www.maysunsolar.com\\\/wp-content\\\/uploads\\\/2022\\\/09\\\/questions-question-mark-quiz-6988157-768x549.png\",\"contentUrl\":\"https:\\\/\\\/www.maysunsolar.com\\\/wp-content\\\/uploads\\\/2022\\\/09\\\/questions-question-mark-quiz-6988157-768x549.png\"},{\"@type\":\"BreadcrumbList\",\"@id\":\"https:\\\/\\\/www.maysunsolar.com\\\/cs\\\/casto-kladene-dotazy\\\/#breadcrumb\",\"itemListElement\":[{\"@type\":\"ListItem\",\"position\":1,\"name\":\"Home\",\"item\":\"https:\\\/\\\/www.maysunsolar.com\\\/cs\\\/\"},{\"@type\":\"ListItem\",\"position\":2,\"name\":\"\u010cASTO KLADEN\u00c9 DOTAZY\"}]},{\"@type\":\"WebSite\",\"@id\":\"https:\\\/\\\/www.maysunsolar.com\\\/cs\\\/#website\",\"url\":\"https:\\\/\\\/www.maysunsolar.com\\\/cs\\\/\",\"name\":\"Professional Photovoltaic Panel Manufacturer\",\"description\":\"\",\"publisher\":{\"@id\":\"https:\\\/\\\/www.maysunsolar.com\\\/cs\\\/#organization\"},\"potentialAction\":[{\"@type\":\"SearchAction\",\"target\":{\"@type\":\"EntryPoint\",\"urlTemplate\":\"https:\\\/\\\/www.maysunsolar.com\\\/cs\\\/?s={search_term_string}\"},\"query-input\":{\"@type\":\"PropertyValueSpecification\",\"valueRequired\":true,\"valueName\":\"search_term_string\"}}],\"inLanguage\":\"cs\"},{\"@type\":\"Organization\",\"@id\":\"https:\\\/\\\/www.maysunsolar.com\\\/cs\\\/#organization\",\"name\":\"Maysun Solar\",\"url\":\"https:\\\/\\\/www.maysunsolar.com\\\/cs\\\/\",\"logo\":{\"@type\":\"ImageObject\",\"inLanguage\":\"cs\",\"@id\":\"https:\\\/\\\/www.maysunsolar.com\\\/cs\\\/#\\\/schema\\\/logo\\\/image\\\/\",\"url\":\"https:\\\/\\\/www.maysunsolar.com\\\/wp-content\\\/uploads\\\/2023\\\/12\\\/\u516c\u53f8logo\u900f\u660e\u5e95\u7f51\u7ad9\u5c0f\u5934\u50cf.png\",\"contentUrl\":\"https:\\\/\\\/www.maysunsolar.com\\\/wp-content\\\/uploads\\\/2023\\\/12\\\/\u516c\u53f8logo\u900f\u660e\u5e95\u7f51\u7ad9\u5c0f\u5934\u50cf.png\",\"width\":200,\"height\":200,\"caption\":\"Maysun Solar\"},\"image\":{\"@id\":\"https:\\\/\\\/www.maysunsolar.com\\\/cs\\\/#\\\/schema\\\/logo\\\/image\\\/\"}}]}<\/script>\n<!-- \/ Yoast SEO plugin. -->","yoast_head_json":{"title":"\u010cASTO KLADEN\u00c9 DOTAZY - Professional Distributed PV Module Manufacturer","robots":{"index":"index","follow":"follow","max-snippet":"max-snippet:-1","max-image-preview":"max-image-preview:large","max-video-preview":"max-video-preview:-1"},"canonical":"https:\/\/www.maysunsolar.com\/cs\/casto-kladene-dotazy\/","og_locale":"cs_CZ","og_type":"article","og_title":"\u010cASTO KLADEN\u00c9 DOTAZY - Professional Distributed PV Module Manufacturer","og_description":"\u010cASTO KLADEN\u00c9 DOTAZY B\u011b\u017en\u00e9 ot\u00e1zky, se kter\u00fdmi se m\u016f\u017eete setkat, jsou se\u0159azeny a zodpov\u011bzeny a podle odpov\u011bd\u00ed m\u016f\u017eete probl\u00e9m rychle vy\u0159e\u0161it. 1.Kolik kus\u016f je na palet\u011b\/kolik kus\u016f je v kontejneru? Nen\u00ed pevn\u011b stanovena a rozhoduj\u00edc\u00ed je skute\u010dn\u00fd stav konkr\u00e9tn\u00edch \u0161ar\u017e\u00ed. 2.Existuje cen\u00edk (cena&hellip;","og_url":"https:\/\/www.maysunsolar.com\/cs\/casto-kladene-dotazy\/","og_site_name":"Professional Distributed PV Module Manufacturer","article_modified_time":"2025-08-12T08:36:15+00:00","og_image":[{"url":"https:\/\/www.maysunsolar.com\/wp-content\/uploads\/2022\/09\/questions-question-mark-quiz-6988157-768x549.png","type":"","width":"","height":""}],"twitter_card":"summary_large_image","twitter_misc":{"Odhadovan\u00e1 doba \u010dten\u00ed":"1 minuta"},"schema":{"@context":"https:\/\/schema.org","@graph":[{"@type":"WebPage","@id":"https:\/\/www.maysunsolar.com\/cs\/casto-kladene-dotazy\/","url":"https:\/\/www.maysunsolar.com\/cs\/casto-kladene-dotazy\/","name":"\u010cASTO KLADEN\u00c9 DOTAZY - Professional Distributed PV Module Manufacturer","isPartOf":{"@id":"https:\/\/www.maysunsolar.com\/cs\/#website"},"primaryImageOfPage":{"@id":"https:\/\/www.maysunsolar.com\/cs\/casto-kladene-dotazy\/#primaryimage"},"image":{"@id":"https:\/\/www.maysunsolar.com\/cs\/casto-kladene-dotazy\/#primaryimage"},"thumbnailUrl":"https:\/\/www.maysunsolar.com\/wp-content\/uploads\/2022\/09\/questions-question-mark-quiz-6988157-768x549.png","datePublished":"2022-09-05T08:47:53+00:00","dateModified":"2025-08-12T08:36:15+00:00","breadcrumb":{"@id":"https:\/\/www.maysunsolar.com\/cs\/casto-kladene-dotazy\/#breadcrumb"},"inLanguage":"cs","potentialAction":[{"@type":"ReadAction","target":["https:\/\/www.maysunsolar.com\/cs\/casto-kladene-dotazy\/"]}]},{"@type":"ImageObject","inLanguage":"cs","@id":"https:\/\/www.maysunsolar.com\/cs\/casto-kladene-dotazy\/#primaryimage","url":"https:\/\/www.maysunsolar.com\/wp-content\/uploads\/2022\/09\/questions-question-mark-quiz-6988157-768x549.png","contentUrl":"https:\/\/www.maysunsolar.com\/wp-content\/uploads\/2022\/09\/questions-question-mark-quiz-6988157-768x549.png"},{"@type":"BreadcrumbList","@id":"https:\/\/www.maysunsolar.com\/cs\/casto-kladene-dotazy\/#breadcrumb","itemListElement":[{"@type":"ListItem","position":1,"name":"Home","item":"https:\/\/www.maysunsolar.com\/cs\/"},{"@type":"ListItem","position":2,"name":"\u010cASTO KLADEN\u00c9 DOTAZY"}]},{"@type":"WebSite","@id":"https:\/\/www.maysunsolar.com\/cs\/#website","url":"https:\/\/www.maysunsolar.com\/cs\/","name":"Professional Photovoltaic Panel Manufacturer","description":"","publisher":{"@id":"https:\/\/www.maysunsolar.com\/cs\/#organization"},"potentialAction":[{"@type":"SearchAction","target":{"@type":"EntryPoint","urlTemplate":"https:\/\/www.maysunsolar.com\/cs\/?s={search_term_string}"},"query-input":{"@type":"PropertyValueSpecification","valueRequired":true,"valueName":"search_term_string"}}],"inLanguage":"cs"},{"@type":"Organization","@id":"https:\/\/www.maysunsolar.com\/cs\/#organization","name":"Maysun Solar","url":"https:\/\/www.maysunsolar.com\/cs\/","logo":{"@type":"ImageObject","inLanguage":"cs","@id":"https:\/\/www.maysunsolar.com\/cs\/#\/schema\/logo\/image\/","url":"https:\/\/www.maysunsolar.com\/wp-content\/uploads\/2023\/12\/\u516c\u53f8logo\u900f\u660e\u5e95\u7f51\u7ad9\u5c0f\u5934\u50cf.png","contentUrl":"https:\/\/www.maysunsolar.com\/wp-content\/uploads\/2023\/12\/\u516c\u53f8logo\u900f\u660e\u5e95\u7f51\u7ad9\u5c0f\u5934\u50cf.png","width":200,"height":200,"caption":"Maysun Solar"},"image":{"@id":"https:\/\/www.maysunsolar.com\/cs\/#\/schema\/logo\/image\/"}}]}},"uagb_featured_image_src":{"full":false,"thumbnail":false,"medium":false,"medium_large":false,"large":false,"1536x1536":false,"2048x2048":false,"menu-24x24":false,"menu-36x36":false,"menu-48x48":false},"uagb_author_info":{"display_name":"Brian","author_link":"https:\/\/www.maysunsolar.com\/cs\/author\/brian\/"},"uagb_comment_info":0,"uagb_excerpt":"\u010cASTO KLADEN\u00c9 DOTAZY B\u011b\u017en\u00e9 ot\u00e1zky, se kter\u00fdmi se m\u016f\u017eete setkat, jsou se\u0159azeny a zodpov\u011bzeny a podle odpov\u011bd\u00ed m\u016f\u017eete probl\u00e9m rychle vy\u0159e\u0161it. 1.Kolik kus\u016f je na palet\u011b\/kolik kus\u016f je v kontejneru? Nen\u00ed pevn\u011b stanovena a rozhoduj\u00edc\u00ed je skute\u010dn\u00fd stav konkr\u00e9tn\u00edch \u0161ar\u017e\u00ed. 2.Existuje cen\u00edk (cena&hellip;","_links":{"self":[{"href":"https:\/\/www.maysunsolar.com\/cs\/wp-json\/wp\/v2\/pages\/67039","targetHints":{"allow":["GET"]}}],"collection":[{"href":"https:\/\/www.maysunsolar.com\/cs\/wp-json\/wp\/v2\/pages"}],"about":[{"href":"https:\/\/www.maysunsolar.com\/cs\/wp-json\/wp\/v2\/types\/page"}],"author":[{"embeddable":true,"href":"https:\/\/www.maysunsolar.com\/cs\/wp-json\/wp\/v2\/users\/1"}],"replies":[{"embeddable":true,"href":"https:\/\/www.maysunsolar.com\/cs\/wp-json\/wp\/v2\/comments?post=67039"}],"version-history":[{"count":2,"href":"https:\/\/www.maysunsolar.com\/cs\/wp-json\/wp\/v2\/pages\/67039\/revisions"}],"predecessor-version":[{"id":67044,"href":"https:\/\/www.maysunsolar.com\/cs\/wp-json\/wp\/v2\/pages\/67039\/revisions\/67044"}],"wp:attachment":[{"href":"https:\/\/www.maysunsolar.com\/cs\/wp-json\/wp\/v2\/media?parent=67039"}],"curies":[{"name":"wp","href":"https:\/\/api.w.org\/{rel}","templated":true}]}}