{"id":66974,"date":"2022-09-05T16:47:53","date_gmt":"2022-09-05T08:47:53","guid":{"rendered":"https:\/\/www.maysunsolar.com\/ofte-stillede-spoergsmaal\/"},"modified":"2025-08-12T16:35:52","modified_gmt":"2025-08-12T08:35:52","slug":"ofte-stillede-spoergsmaal","status":"publish","type":"page","link":"https:\/\/www.maysunsolar.com\/da\/ofte-stillede-spoergsmaal\/","title":{"rendered":"OFTE STILLEDE SP\u00d8RGSM\u00c5L"},"content":{"rendered":"\t\t<div data-elementor-type=\"wp-page\" data-elementor-id=\"66974\" class=\"elementor elementor-66974 elementor-3624\" data-elementor-post-type=\"page\">\n\t\t\t\t\t\t<section class=\"elementor-section elementor-top-section elementor-element elementor-element-3168f5d elementor-section-boxed elementor-section-height-default elementor-section-height-default\" data-id=\"3168f5d\" data-element_type=\"section\" data-e-type=\"section\">\n\t\t\t\t\t\t<div class=\"elementor-container elementor-column-gap-default\">\n\t\t\t\t\t<div class=\"elementor-column elementor-col-100 elementor-top-column elementor-element elementor-element-d6185f1\" data-id=\"d6185f1\" data-element_type=\"column\" data-e-type=\"column\">\n\t\t\t<div class=\"elementor-widget-wrap elementor-element-populated\">\n\t\t\t\t\t\t<div class=\"elementor-element elementor-element-e2e12de elementor-widget elementor-widget-image\" data-id=\"e2e12de\" data-element_type=\"widget\" data-e-type=\"widget\" data-widget_type=\"image.default\">\n\t\t\t\t<div class=\"elementor-widget-container\">\n\t\t\t\t\t\t\t\t\t\t\t\t\t\t\t<img fetchpriority=\"high\" decoding=\"async\" width=\"768\" height=\"549\" src=\"https:\/\/www.maysunsolar.com\/wp-content\/uploads\/2022\/09\/questions-question-mark-quiz-6988157-768x549.png\" class=\"attachment-medium_large size-medium_large wp-image-3911\" alt=\"questions, question mark, quiz-6988157.jpg\" srcset=\"https:\/\/www.maysunsolar.com\/wp-content\/uploads\/2022\/09\/questions-question-mark-quiz-6988157-768x549.png 768w, https:\/\/www.maysunsolar.com\/wp-content\/uploads\/2022\/09\/questions-question-mark-quiz-6988157-300x214.png 300w, https:\/\/www.maysunsolar.com\/wp-content\/uploads\/2022\/09\/questions-question-mark-quiz-6988157-1024x732.png 1024w, https:\/\/www.maysunsolar.com\/wp-content\/uploads\/2022\/09\/questions-question-mark-quiz-6988157.png 1280w\" sizes=\"(max-width: 768px) 100vw, 768px\" \/>\t\t\t\t\t\t\t\t\t\t\t\t\t\t\t<\/div>\n\t\t\t\t<\/div>\n\t\t\t\t<div class=\"elementor-element elementor-element-43d3faa elementor-widget elementor-widget-heading\" data-id=\"43d3faa\" data-element_type=\"widget\" data-e-type=\"widget\" data-widget_type=\"heading.default\">\n\t\t\t\t<div class=\"elementor-widget-container\">\n\t\t\t\t\t<h1 class=\"elementor-heading-title elementor-size-default\">OFTE STILLEDE SP\u00d8RGSM\u00c5L<\/h1>\t\t\t\t<\/div>\n\t\t\t\t<\/div>\n\t\t\t\t<div class=\"elementor-element elementor-element-97214d0 elementor-widget elementor-widget-text-editor\" data-id=\"97214d0\" data-element_type=\"widget\" data-e-type=\"widget\" data-widget_type=\"text-editor.default\">\n\t\t\t\t<div class=\"elementor-widget-container\">\n\t\t\t\t\t\t\t\t\t<p><strong>De almindelige sp\u00f8rgsm\u00e5l, du kan st\u00f8de p\u00e5, er sorteret og besvaret, og du kan hurtigt l\u00f8se problemet i henhold til svarene.<\/strong><\/p>\t\t\t\t\t\t\t\t<\/div>\n\t\t\t\t<\/div>\n\t\t\t\t<div class=\"elementor-element elementor-element-8eec64a elementor-widget elementor-widget-toggle\" data-id=\"8eec64a\" data-element_type=\"widget\" data-e-type=\"widget\" data-widget_type=\"toggle.default\">\n\t\t\t\t<div class=\"elementor-widget-container\">\n\t\t\t\t\t\t\t<div class=\"elementor-toggle\">\n\t\t\t\t\t\t\t<div class=\"elementor-toggle-item\">\n\t\t\t\t\t<div id=\"elementor-tab-title-1491\" class=\"elementor-tab-title\" data-tab=\"1\" role=\"button\" aria-controls=\"elementor-tab-content-1491\" aria-expanded=\"false\">\n\t\t\t\t\t\t\t\t\t\t\t\t<span class=\"elementor-toggle-icon elementor-toggle-icon-left\" aria-hidden=\"true\">\n\t\t\t\t\t\t\t\t\t\t\t\t\t\t\t<span class=\"elementor-toggle-icon-closed\"><i class=\"fas fa-caret-right\"><\/i><\/span>\n\t\t\t\t\t\t\t\t<span class=\"elementor-toggle-icon-opened\"><i class=\"elementor-toggle-icon-opened fas fa-caret-up\"><\/i><\/span>\n\t\t\t\t\t\t\t\t\t\t\t\t\t<\/span>\n\t\t\t\t\t\t\t\t\t\t\t\t<a class=\"elementor-toggle-title\" tabindex=\"0\">1. Hvor mange stykker er der i en palle\/hvor mange stykker er der i en container?<\/a>\n\t\t\t\t\t<\/div>\n\n\t\t\t\t\t<div id=\"elementor-tab-content-1491\" class=\"elementor-tab-content elementor-clearfix\" data-tab=\"1\" role=\"region\" aria-labelledby=\"elementor-tab-title-1491\"><p>Den er ikke fast, og den faktiske situation for specifikke partier skal v\u00e6re g\u00e6ldende.<\/p>\n<\/div>\n\t\t\t\t<\/div>\n\t\t\t\t\t\t\t<div class=\"elementor-toggle-item\">\n\t\t\t\t\t<div id=\"elementor-tab-title-1492\" class=\"elementor-tab-title\" data-tab=\"2\" role=\"button\" aria-controls=\"elementor-tab-content-1492\" aria-expanded=\"false\">\n\t\t\t\t\t\t\t\t\t\t\t\t<span class=\"elementor-toggle-icon elementor-toggle-icon-left\" aria-hidden=\"true\">\n\t\t\t\t\t\t\t\t\t\t\t\t\t\t\t<span class=\"elementor-toggle-icon-closed\"><i class=\"fas fa-caret-right\"><\/i><\/span>\n\t\t\t\t\t\t\t\t<span class=\"elementor-toggle-icon-opened\"><i class=\"elementor-toggle-icon-opened fas fa-caret-up\"><\/i><\/span>\n\t\t\t\t\t\t\t\t\t\t\t\t\t<\/span>\n\t\t\t\t\t\t\t\t\t\t\t\t<a class=\"elementor-toggle-title\" tabindex=\"0\">2. Er der en prisliste (prisen p\u00e5 et solpanel for alle produkter)?<\/a>\n\t\t\t\t\t<\/div>\n\n\t\t\t\t\t<div id=\"elementor-tab-content-1492\" class=\"elementor-tab-content elementor-clearfix\" data-tab=\"2\" role=\"region\" aria-labelledby=\"elementor-tab-title-1492\"><p>Forskellige produkter og forskellige prism\u00e6ngder er ikke ens, og prisen vil svinge i henhold til r\u00e5materialerne og markedet. Du kan kommunikere med vores professionelle s\u00e6lger for at f\u00e5 det seneste tilbud. <\/p>\n<\/div>\n\t\t\t\t<\/div>\n\t\t\t\t\t\t\t<div class=\"elementor-toggle-item\">\n\t\t\t\t\t<div id=\"elementor-tab-title-1493\" class=\"elementor-tab-title\" data-tab=\"3\" role=\"button\" aria-controls=\"elementor-tab-content-1493\" aria-expanded=\"false\">\n\t\t\t\t\t\t\t\t\t\t\t\t<span class=\"elementor-toggle-icon elementor-toggle-icon-left\" aria-hidden=\"true\">\n\t\t\t\t\t\t\t\t\t\t\t\t\t\t\t<span class=\"elementor-toggle-icon-closed\"><i class=\"fas fa-caret-right\"><\/i><\/span>\n\t\t\t\t\t\t\t\t<span class=\"elementor-toggle-icon-opened\"><i class=\"elementor-toggle-icon-opened fas fa-caret-up\"><\/i><\/span>\n\t\t\t\t\t\t\t\t\t\t\t\t\t<\/span>\n\t\t\t\t\t\t\t\t\t\t\t\t<a class=\"elementor-toggle-title\" tabindex=\"0\">3. Hvad er den reelle effekt af en tavle i 24 timer i d\u00f8gnet?<\/a>\n\t\t\t\t\t<\/div>\n\n\t\t\t\t\t<div id=\"elementor-tab-content-1493\" class=\"elementor-tab-content elementor-clearfix\" data-tab=\"3\" role=\"region\" aria-labelledby=\"elementor-tab-title-1493\"><p>Solpaneler producerer kun elektricitet, n\u00e5r der er sollys, s\u00e5 de kan ikke siges at fungere 24 timer i d\u00f8gnet. Hvis vi tager breddegraden i Shandong-provinsen i Kina som eksempel, er den daglige effekt fra en normal 1000W ca. 3 grader Celsius. <\/p>\n<\/div>\n\t\t\t\t<\/div>\n\t\t\t\t\t\t\t<div class=\"elementor-toggle-item\">\n\t\t\t\t\t<div id=\"elementor-tab-title-1494\" class=\"elementor-tab-title\" data-tab=\"4\" role=\"button\" aria-controls=\"elementor-tab-content-1494\" aria-expanded=\"false\">\n\t\t\t\t\t\t\t\t\t\t\t\t<span class=\"elementor-toggle-icon elementor-toggle-icon-left\" aria-hidden=\"true\">\n\t\t\t\t\t\t\t\t\t\t\t\t\t\t\t<span class=\"elementor-toggle-icon-closed\"><i class=\"fas fa-caret-right\"><\/i><\/span>\n\t\t\t\t\t\t\t\t<span class=\"elementor-toggle-icon-opened\"><i class=\"elementor-toggle-icon-opened fas fa-caret-up\"><\/i><\/span>\n\t\t\t\t\t\t\t\t\t\t\t\t\t<\/span>\n\t\t\t\t\t\t\t\t\t\t\t\t<a class=\"elementor-toggle-title\" tabindex=\"0\">4. Hvilke certificeringer har vores produkter best\u00e5et?<\/a>\n\t\t\t\t\t<\/div>\n\n\t\t\t\t\t<div id=\"elementor-tab-content-1494\" class=\"elementor-tab-content elementor-clearfix\" data-tab=\"4\" role=\"region\" aria-labelledby=\"elementor-tab-title-1494\"><p>Det har best\u00e5et ISO9001 kvalitetsstyringssystem og best\u00e5et CE, TUV, Dewa, SGS, IEC, MCS og andre certificeringer<\/p>\n<\/div>\n\t\t\t\t<\/div>\n\t\t\t\t\t\t\t<div class=\"elementor-toggle-item\">\n\t\t\t\t\t<div id=\"elementor-tab-title-1495\" class=\"elementor-tab-title\" data-tab=\"5\" role=\"button\" aria-controls=\"elementor-tab-content-1495\" aria-expanded=\"false\">\n\t\t\t\t\t\t\t\t\t\t\t\t<span class=\"elementor-toggle-icon elementor-toggle-icon-left\" aria-hidden=\"true\">\n\t\t\t\t\t\t\t\t\t\t\t\t\t\t\t<span class=\"elementor-toggle-icon-closed\"><i class=\"fas fa-caret-right\"><\/i><\/span>\n\t\t\t\t\t\t\t\t<span class=\"elementor-toggle-icon-opened\"><i class=\"elementor-toggle-icon-opened fas fa-caret-up\"><\/i><\/span>\n\t\t\t\t\t\t\t\t\t\t\t\t\t<\/span>\n\t\t\t\t\t\t\t\t\t\t\t\t<a class=\"elementor-toggle-title\" tabindex=\"0\">5. hvordan man beregner, hvor mange paneler der kan installeres ud fra tagets areal.<\/a>\n\t\t\t\t\t<\/div>\n\n\t\t\t\t\t<div id=\"elementor-tab-content-1495\" class=\"elementor-tab-content elementor-clearfix\" data-tab=\"5\" role=\"region\" aria-labelledby=\"elementor-tab-title-1495\"><p>P\u00e5 nuv\u00e6rende tidspunkt kan arealet af et panel p\u00e5 et tysk hustag ikke overstige 2 kvadratmeter. Hvis det beregnes som 2 kvadratmeter, kan det specifikke antal paneler opn\u00e5s ved at dividere tagarealet med 2 kvadratmeter. <\/p>\n<\/div>\n\t\t\t\t<\/div>\n\t\t\t\t\t\t\t<div class=\"elementor-toggle-item\">\n\t\t\t\t\t<div id=\"elementor-tab-title-1496\" class=\"elementor-tab-title\" data-tab=\"6\" role=\"button\" aria-controls=\"elementor-tab-content-1496\" aria-expanded=\"false\">\n\t\t\t\t\t\t\t\t\t\t\t\t<span class=\"elementor-toggle-icon elementor-toggle-icon-left\" aria-hidden=\"true\">\n\t\t\t\t\t\t\t\t\t\t\t\t\t\t\t<span class=\"elementor-toggle-icon-closed\"><i class=\"fas fa-caret-right\"><\/i><\/span>\n\t\t\t\t\t\t\t\t<span class=\"elementor-toggle-icon-opened\"><i class=\"elementor-toggle-icon-opened fas fa-caret-up\"><\/i><\/span>\n\t\t\t\t\t\t\t\t\t\t\t\t\t<\/span>\n\t\t\t\t\t\t\t\t\t\t\t\t<a class=\"elementor-toggle-title\" tabindex=\"0\">6. Hvor ofte skal produktet reng\u00f8res?<\/a>\n\t\t\t\t\t<\/div>\n\n\t\t\t\t\t<div id=\"elementor-tab-content-1496\" class=\"elementor-tab-content elementor-clearfix\" data-tab=\"6\" role=\"region\" aria-labelledby=\"elementor-tab-title-1496\"><p>Reng\u00f8r tavlen i henhold til den faktiske situation, hvis der er meget st\u00f8v eller bel\u00e6gning p\u00e5 panelet.<\/p>\n<\/div>\n\t\t\t\t<\/div>\n\t\t\t\t\t\t\t\t<\/div>\n\t\t\t\t\t\t<\/div>\n\t\t\t\t<\/div>\n\t\t\t\t\t<\/div>\n\t\t<\/div>\n\t\t\t\t\t<\/div>\n\t\t<\/section>\n\t\t\t\t<\/div>\n\t\t","protected":false},"excerpt":{"rendered":"<p>OFTE STILLEDE SP\u00d8RGSM\u00c5L De almindelige sp\u00f8rgsm\u00e5l, du kan st\u00f8de p\u00e5, er sorteret og besvaret, og du kan hurtigt l\u00f8se problemet i henhold til svarene. 1. Hvor mange stykker er der i en palle\/hvor mange stykker er der i en container? Den er ikke&hellip;<\/p>\n","protected":false},"author":1,"featured_media":0,"parent":0,"menu_order":0,"comment_status":"closed","ping_status":"closed","template":"","meta":{"_uag_custom_page_level_css":"","footnotes":""},"class_list":["post-66974","page","type-page","status-publish","hentry"],"yoast_head":"<!-- This site is optimized with the Yoast SEO plugin v27.4 - https:\/\/yoast.com\/product\/yoast-seo-wordpress\/ -->\n<title>OFTE STILLEDE SP\u00d8RGSM\u00c5L - Professional Distributed PV Module Manufacturer<\/title>\n<meta name=\"robots\" content=\"index, follow, max-snippet:-1, max-image-preview:large, max-video-preview:-1\" \/>\n<link rel=\"canonical\" href=\"https:\/\/www.maysunsolar.com\/da\/ofte-stillede-spoergsmaal\/\" \/>\n<meta property=\"og:locale\" content=\"da_DK\" \/>\n<meta property=\"og:type\" content=\"article\" \/>\n<meta property=\"og:title\" content=\"OFTE STILLEDE SP\u00d8RGSM\u00c5L - Professional Distributed PV Module Manufacturer\" \/>\n<meta property=\"og:description\" content=\"OFTE STILLEDE SP\u00d8RGSM\u00c5L De almindelige sp\u00f8rgsm\u00e5l, du kan st\u00f8de p\u00e5, er sorteret og besvaret, og du kan hurtigt l\u00f8se problemet i henhold til svarene. 1. Hvor mange stykker er der i en palle\/hvor mange stykker er der i en container? Den er ikke&hellip;\" \/>\n<meta property=\"og:url\" content=\"https:\/\/www.maysunsolar.com\/da\/ofte-stillede-spoergsmaal\/\" \/>\n<meta property=\"og:site_name\" content=\"Professional Distributed PV Module Manufacturer\" \/>\n<meta property=\"article:modified_time\" content=\"2025-08-12T08:35:52+00:00\" \/>\n<meta property=\"og:image\" content=\"https:\/\/www.maysunsolar.com\/wp-content\/uploads\/2022\/09\/questions-question-mark-quiz-6988157-768x549.png\" \/>\n<meta name=\"twitter:card\" content=\"summary_large_image\" \/>\n<meta name=\"twitter:label1\" content=\"Estimeret l\u00e6setid\" \/>\n\t<meta name=\"twitter:data1\" content=\"1 minut\" \/>\n<script type=\"application\/ld+json\" class=\"yoast-schema-graph\">{\"@context\":\"https:\\\/\\\/schema.org\",\"@graph\":[{\"@type\":\"WebPage\",\"@id\":\"https:\\\/\\\/www.maysunsolar.com\\\/da\\\/ofte-stillede-spoergsmaal\\\/\",\"url\":\"https:\\\/\\\/www.maysunsolar.com\\\/da\\\/ofte-stillede-spoergsmaal\\\/\",\"name\":\"OFTE STILLEDE SP\u00d8RGSM\u00c5L - Professional Distributed PV Module Manufacturer\",\"isPartOf\":{\"@id\":\"https:\\\/\\\/www.maysunsolar.com\\\/da\\\/#website\"},\"primaryImageOfPage\":{\"@id\":\"https:\\\/\\\/www.maysunsolar.com\\\/da\\\/ofte-stillede-spoergsmaal\\\/#primaryimage\"},\"image\":{\"@id\":\"https:\\\/\\\/www.maysunsolar.com\\\/da\\\/ofte-stillede-spoergsmaal\\\/#primaryimage\"},\"thumbnailUrl\":\"https:\\\/\\\/www.maysunsolar.com\\\/wp-content\\\/uploads\\\/2022\\\/09\\\/questions-question-mark-quiz-6988157-768x549.png\",\"datePublished\":\"2022-09-05T08:47:53+00:00\",\"dateModified\":\"2025-08-12T08:35:52+00:00\",\"breadcrumb\":{\"@id\":\"https:\\\/\\\/www.maysunsolar.com\\\/da\\\/ofte-stillede-spoergsmaal\\\/#breadcrumb\"},\"inLanguage\":\"da-DK\",\"potentialAction\":[{\"@type\":\"ReadAction\",\"target\":[\"https:\\\/\\\/www.maysunsolar.com\\\/da\\\/ofte-stillede-spoergsmaal\\\/\"]}]},{\"@type\":\"ImageObject\",\"inLanguage\":\"da-DK\",\"@id\":\"https:\\\/\\\/www.maysunsolar.com\\\/da\\\/ofte-stillede-spoergsmaal\\\/#primaryimage\",\"url\":\"https:\\\/\\\/www.maysunsolar.com\\\/wp-content\\\/uploads\\\/2022\\\/09\\\/questions-question-mark-quiz-6988157-768x549.png\",\"contentUrl\":\"https:\\\/\\\/www.maysunsolar.com\\\/wp-content\\\/uploads\\\/2022\\\/09\\\/questions-question-mark-quiz-6988157-768x549.png\"},{\"@type\":\"BreadcrumbList\",\"@id\":\"https:\\\/\\\/www.maysunsolar.com\\\/da\\\/ofte-stillede-spoergsmaal\\\/#breadcrumb\",\"itemListElement\":[{\"@type\":\"ListItem\",\"position\":1,\"name\":\"Home\",\"item\":\"https:\\\/\\\/www.maysunsolar.com\\\/da\\\/\"},{\"@type\":\"ListItem\",\"position\":2,\"name\":\"OFTE STILLEDE SP\u00d8RGSM\u00c5L\"}]},{\"@type\":\"WebSite\",\"@id\":\"https:\\\/\\\/www.maysunsolar.com\\\/da\\\/#website\",\"url\":\"https:\\\/\\\/www.maysunsolar.com\\\/da\\\/\",\"name\":\"Professional Photovoltaic Panel Manufacturer\",\"description\":\"\",\"publisher\":{\"@id\":\"https:\\\/\\\/www.maysunsolar.com\\\/da\\\/#organization\"},\"potentialAction\":[{\"@type\":\"SearchAction\",\"target\":{\"@type\":\"EntryPoint\",\"urlTemplate\":\"https:\\\/\\\/www.maysunsolar.com\\\/da\\\/?s={search_term_string}\"},\"query-input\":{\"@type\":\"PropertyValueSpecification\",\"valueRequired\":true,\"valueName\":\"search_term_string\"}}],\"inLanguage\":\"da-DK\"},{\"@type\":\"Organization\",\"@id\":\"https:\\\/\\\/www.maysunsolar.com\\\/da\\\/#organization\",\"name\":\"Maysun Solar\",\"url\":\"https:\\\/\\\/www.maysunsolar.com\\\/da\\\/\",\"logo\":{\"@type\":\"ImageObject\",\"inLanguage\":\"da-DK\",\"@id\":\"https:\\\/\\\/www.maysunsolar.com\\\/da\\\/#\\\/schema\\\/logo\\\/image\\\/\",\"url\":\"https:\\\/\\\/www.maysunsolar.com\\\/wp-content\\\/uploads\\\/2023\\\/12\\\/\u516c\u53f8logo\u900f\u660e\u5e95\u7f51\u7ad9\u5c0f\u5934\u50cf.png\",\"contentUrl\":\"https:\\\/\\\/www.maysunsolar.com\\\/wp-content\\\/uploads\\\/2023\\\/12\\\/\u516c\u53f8logo\u900f\u660e\u5e95\u7f51\u7ad9\u5c0f\u5934\u50cf.png\",\"width\":200,\"height\":200,\"caption\":\"Maysun Solar\"},\"image\":{\"@id\":\"https:\\\/\\\/www.maysunsolar.com\\\/da\\\/#\\\/schema\\\/logo\\\/image\\\/\"}}]}<\/script>\n<!-- \/ Yoast SEO plugin. -->","yoast_head_json":{"title":"OFTE STILLEDE SP\u00d8RGSM\u00c5L - Professional Distributed PV Module Manufacturer","robots":{"index":"index","follow":"follow","max-snippet":"max-snippet:-1","max-image-preview":"max-image-preview:large","max-video-preview":"max-video-preview:-1"},"canonical":"https:\/\/www.maysunsolar.com\/da\/ofte-stillede-spoergsmaal\/","og_locale":"da_DK","og_type":"article","og_title":"OFTE STILLEDE SP\u00d8RGSM\u00c5L - Professional Distributed PV Module Manufacturer","og_description":"OFTE STILLEDE SP\u00d8RGSM\u00c5L De almindelige sp\u00f8rgsm\u00e5l, du kan st\u00f8de p\u00e5, er sorteret og besvaret, og du kan hurtigt l\u00f8se problemet i henhold til svarene. 1. Hvor mange stykker er der i en palle\/hvor mange stykker er der i en container? Den er ikke&hellip;","og_url":"https:\/\/www.maysunsolar.com\/da\/ofte-stillede-spoergsmaal\/","og_site_name":"Professional Distributed PV Module Manufacturer","article_modified_time":"2025-08-12T08:35:52+00:00","og_image":[{"url":"https:\/\/www.maysunsolar.com\/wp-content\/uploads\/2022\/09\/questions-question-mark-quiz-6988157-768x549.png","type":"","width":"","height":""}],"twitter_card":"summary_large_image","twitter_misc":{"Estimeret l\u00e6setid":"1 minut"},"schema":{"@context":"https:\/\/schema.org","@graph":[{"@type":"WebPage","@id":"https:\/\/www.maysunsolar.com\/da\/ofte-stillede-spoergsmaal\/","url":"https:\/\/www.maysunsolar.com\/da\/ofte-stillede-spoergsmaal\/","name":"OFTE STILLEDE SP\u00d8RGSM\u00c5L - Professional Distributed PV Module Manufacturer","isPartOf":{"@id":"https:\/\/www.maysunsolar.com\/da\/#website"},"primaryImageOfPage":{"@id":"https:\/\/www.maysunsolar.com\/da\/ofte-stillede-spoergsmaal\/#primaryimage"},"image":{"@id":"https:\/\/www.maysunsolar.com\/da\/ofte-stillede-spoergsmaal\/#primaryimage"},"thumbnailUrl":"https:\/\/www.maysunsolar.com\/wp-content\/uploads\/2022\/09\/questions-question-mark-quiz-6988157-768x549.png","datePublished":"2022-09-05T08:47:53+00:00","dateModified":"2025-08-12T08:35:52+00:00","breadcrumb":{"@id":"https:\/\/www.maysunsolar.com\/da\/ofte-stillede-spoergsmaal\/#breadcrumb"},"inLanguage":"da-DK","potentialAction":[{"@type":"ReadAction","target":["https:\/\/www.maysunsolar.com\/da\/ofte-stillede-spoergsmaal\/"]}]},{"@type":"ImageObject","inLanguage":"da-DK","@id":"https:\/\/www.maysunsolar.com\/da\/ofte-stillede-spoergsmaal\/#primaryimage","url":"https:\/\/www.maysunsolar.com\/wp-content\/uploads\/2022\/09\/questions-question-mark-quiz-6988157-768x549.png","contentUrl":"https:\/\/www.maysunsolar.com\/wp-content\/uploads\/2022\/09\/questions-question-mark-quiz-6988157-768x549.png"},{"@type":"BreadcrumbList","@id":"https:\/\/www.maysunsolar.com\/da\/ofte-stillede-spoergsmaal\/#breadcrumb","itemListElement":[{"@type":"ListItem","position":1,"name":"Home","item":"https:\/\/www.maysunsolar.com\/da\/"},{"@type":"ListItem","position":2,"name":"OFTE STILLEDE SP\u00d8RGSM\u00c5L"}]},{"@type":"WebSite","@id":"https:\/\/www.maysunsolar.com\/da\/#website","url":"https:\/\/www.maysunsolar.com\/da\/","name":"Professional Photovoltaic Panel Manufacturer","description":"","publisher":{"@id":"https:\/\/www.maysunsolar.com\/da\/#organization"},"potentialAction":[{"@type":"SearchAction","target":{"@type":"EntryPoint","urlTemplate":"https:\/\/www.maysunsolar.com\/da\/?s={search_term_string}"},"query-input":{"@type":"PropertyValueSpecification","valueRequired":true,"valueName":"search_term_string"}}],"inLanguage":"da-DK"},{"@type":"Organization","@id":"https:\/\/www.maysunsolar.com\/da\/#organization","name":"Maysun Solar","url":"https:\/\/www.maysunsolar.com\/da\/","logo":{"@type":"ImageObject","inLanguage":"da-DK","@id":"https:\/\/www.maysunsolar.com\/da\/#\/schema\/logo\/image\/","url":"https:\/\/www.maysunsolar.com\/wp-content\/uploads\/2023\/12\/\u516c\u53f8logo\u900f\u660e\u5e95\u7f51\u7ad9\u5c0f\u5934\u50cf.png","contentUrl":"https:\/\/www.maysunsolar.com\/wp-content\/uploads\/2023\/12\/\u516c\u53f8logo\u900f\u660e\u5e95\u7f51\u7ad9\u5c0f\u5934\u50cf.png","width":200,"height":200,"caption":"Maysun Solar"},"image":{"@id":"https:\/\/www.maysunsolar.com\/da\/#\/schema\/logo\/image\/"}}]}},"uagb_featured_image_src":{"full":false,"thumbnail":false,"medium":false,"medium_large":false,"large":false,"1536x1536":false,"2048x2048":false,"menu-24x24":false,"menu-36x36":false,"menu-48x48":false},"uagb_author_info":{"display_name":"Brian","author_link":"https:\/\/www.maysunsolar.com\/da\/author\/brian\/"},"uagb_comment_info":0,"uagb_excerpt":"OFTE STILLEDE SP\u00d8RGSM\u00c5L De almindelige sp\u00f8rgsm\u00e5l, du kan st\u00f8de p\u00e5, er sorteret og besvaret, og du kan hurtigt l\u00f8se problemet i henhold til svarene. 1. Hvor mange stykker er der i en palle\/hvor mange stykker er der i en container? Den er ikke&hellip;","_links":{"self":[{"href":"https:\/\/www.maysunsolar.com\/da\/wp-json\/wp\/v2\/pages\/66974","targetHints":{"allow":["GET"]}}],"collection":[{"href":"https:\/\/www.maysunsolar.com\/da\/wp-json\/wp\/v2\/pages"}],"about":[{"href":"https:\/\/www.maysunsolar.com\/da\/wp-json\/wp\/v2\/types\/page"}],"author":[{"embeddable":true,"href":"https:\/\/www.maysunsolar.com\/da\/wp-json\/wp\/v2\/users\/1"}],"replies":[{"embeddable":true,"href":"https:\/\/www.maysunsolar.com\/da\/wp-json\/wp\/v2\/comments?post=66974"}],"version-history":[{"count":2,"href":"https:\/\/www.maysunsolar.com\/da\/wp-json\/wp\/v2\/pages\/66974\/revisions"}],"predecessor-version":[{"id":66980,"href":"https:\/\/www.maysunsolar.com\/da\/wp-json\/wp\/v2\/pages\/66974\/revisions\/66980"}],"wp:attachment":[{"href":"https:\/\/www.maysunsolar.com\/da\/wp-json\/wp\/v2\/media?parent=66974"}],"curies":[{"name":"wp","href":"https:\/\/api.w.org\/{rel}","templated":true}]}}