{"id":64328,"date":"2022-11-07T10:30:18","date_gmt":"2022-11-07T02:30:18","guid":{"rendered":"https:\/\/www.maysunsolar.com\/manual-de-instalacion\/"},"modified":"2025-08-12T14:03:26","modified_gmt":"2025-08-12T06:03:26","slug":"manual-de-instalacion","status":"publish","type":"page","link":"https:\/\/www.maysunsolar.com\/es\/manual-de-instalacion\/","title":{"rendered":"Manual de instalaci\u00f3n"},"content":{"rendered":"\t\t<div data-elementor-type=\"wp-page\" data-elementor-id=\"64328\" class=\"elementor elementor-64328 elementor-7208\" data-elementor-post-type=\"page\">\n\t\t\t\t\t\t<section class=\"elementor-section elementor-top-section elementor-element elementor-element-70ac7ad elementor-section-boxed elementor-section-height-default elementor-section-height-default\" data-id=\"70ac7ad\" data-element_type=\"section\" data-e-type=\"section\" data-settings=\"{&quot;background_background&quot;:&quot;gradient&quot;}\">\n\t\t\t\t\t\t<div class=\"elementor-container elementor-column-gap-default\">\n\t\t\t\t\t<div class=\"elementor-column elementor-col-100 elementor-top-column elementor-element elementor-element-da0ab80\" data-id=\"da0ab80\" data-element_type=\"column\" data-e-type=\"column\">\n\t\t\t<div class=\"elementor-widget-wrap elementor-element-populated\">\n\t\t\t\t\t\t<div class=\"elementor-element elementor-element-f8fb6ac elementor-widget elementor-widget-heading\" data-id=\"f8fb6ac\" data-element_type=\"widget\" data-e-type=\"widget\" data-widget_type=\"heading.default\">\n\t\t\t\t<div class=\"elementor-widget-container\">\n\t\t\t\t\t<h2 class=\"elementor-heading-title elementor-size-default\">Para m\u00f3dulos FV monofaciales<\/h2>\t\t\t\t<\/div>\n\t\t\t\t<\/div>\n\t\t\t\t<div class=\"elementor-element elementor-element-ac0162c elementor-view-default elementor-widget elementor-widget-icon\" data-id=\"ac0162c\" data-element_type=\"widget\" data-e-type=\"widget\" data-widget_type=\"icon.default\">\n\t\t\t\t<div class=\"elementor-widget-container\">\n\t\t\t\t\t\t\t<div class=\"elementor-icon-wrapper\">\n\t\t\t<a class=\"elementor-icon\" href=\"https:\/\/www.maysunsolar.com\/wp-content\/uploads\/2023\/09\/Monofacial-Solar-Panel-Installation-Manual.pdf\" target=\"_blank\">\n\t\t\t<i aria-hidden=\"true\" class=\"far fa-file-pdf\"><\/i>\t\t\t<\/a>\n\t\t<\/div>\n\t\t\t\t\t\t<\/div>\n\t\t\t\t<\/div>\n\t\t\t\t<div class=\"elementor-element elementor-element-d148d31 elementor-widget elementor-widget-text-editor\" data-id=\"d148d31\" data-element_type=\"widget\" data-e-type=\"widget\" data-widget_type=\"text-editor.default\">\n\t\t\t\t<div class=\"elementor-widget-container\">\n\t\t\t\t\t\t\t\t\t<p style=\"text-align: center;\">    <a style=\"font-family: Roboto, sans-serif; font-size: 1rem; font-weight: 500;\" href=\"https:\/\/www.maysunsolar.com\/wp-content\/uploads\/2023\/09\/Monofacial-Solar-Panel-Installation-Manual.pdf\" target=\"_blank\" rel=\"noopener\">Descarga  <\/a><\/p>\t\t\t\t\t\t\t\t<\/div>\n\t\t\t\t<\/div>\n\t\t\t\t<div class=\"elementor-element elementor-element-ed66e15 elementor-widget elementor-widget-spacer\" data-id=\"ed66e15\" data-element_type=\"widget\" data-e-type=\"widget\" data-widget_type=\"spacer.default\">\n\t\t\t\t<div class=\"elementor-widget-container\">\n\t\t\t\t\t\t\t<div class=\"elementor-spacer\">\n\t\t\t<div class=\"elementor-spacer-inner\"><\/div>\n\t\t<\/div>\n\t\t\t\t\t\t<\/div>\n\t\t\t\t<\/div>\n\t\t\t\t<div class=\"elementor-element elementor-element-0efa9ac elementor-widget elementor-widget-heading\" data-id=\"0efa9ac\" data-element_type=\"widget\" data-e-type=\"widget\" data-widget_type=\"heading.default\">\n\t\t\t\t<div class=\"elementor-widget-container\">\n\t\t\t\t\t<h2 class=\"elementor-heading-title elementor-size-default\">Para m\u00f3dulos fotovoltaicos de doble vidrio<\/h2>\t\t\t\t<\/div>\n\t\t\t\t<\/div>\n\t\t\t\t<div class=\"elementor-element elementor-element-fa6d4a5 elementor-view-default elementor-widget elementor-widget-icon\" data-id=\"fa6d4a5\" data-element_type=\"widget\" data-e-type=\"widget\" data-widget_type=\"icon.default\">\n\t\t\t\t<div class=\"elementor-widget-container\">\n\t\t\t\t\t\t\t<div class=\"elementor-icon-wrapper\">\n\t\t\t<a class=\"elementor-icon\" href=\"https:\/\/www.maysunsolar.com\/wp-content\/uploads\/2023\/09\/Double-Glass-Solar-Panel-Installation-Manual.pdf\" target=\"_blank\">\n\t\t\t<i aria-hidden=\"true\" class=\"far fa-file-pdf\"><\/i>\t\t\t<\/a>\n\t\t<\/div>\n\t\t\t\t\t\t<\/div>\n\t\t\t\t<\/div>\n\t\t\t\t<div class=\"elementor-element elementor-element-84fe73f elementor-widget elementor-widget-text-editor\" data-id=\"84fe73f\" data-element_type=\"widget\" data-e-type=\"widget\" data-widget_type=\"text-editor.default\">\n\t\t\t\t<div class=\"elementor-widget-container\">\n\t\t\t\t\t\t\t\t\t<p style=\"text-align: center;\"><a href=\"https:\/\/www.maysunsolar.com\/wp-content\/uploads\/2023\/09\/Double-Glass-Solar-Panel-Installation-Manual.pdf\" target=\"_blank\" rel=\"noopener\">  Descarga<\/a><\/p>\t\t\t\t\t\t\t\t<\/div>\n\t\t\t\t<\/div>\n\t\t\t\t<div class=\"elementor-element elementor-element-db89841 elementor-widget elementor-widget-spacer\" data-id=\"db89841\" data-element_type=\"widget\" data-e-type=\"widget\" data-widget_type=\"spacer.default\">\n\t\t\t\t<div class=\"elementor-widget-container\">\n\t\t\t\t\t\t\t<div class=\"elementor-spacer\">\n\t\t\t<div class=\"elementor-spacer-inner\"><\/div>\n\t\t<\/div>\n\t\t\t\t\t\t<\/div>\n\t\t\t\t<\/div>\n\t\t\t\t<div class=\"elementor-element elementor-element-8af6806 elementor-widget elementor-widget-heading\" data-id=\"8af6806\" data-element_type=\"widget\" data-e-type=\"widget\" data-widget_type=\"heading.default\">\n\t\t\t\t<div class=\"elementor-widget-container\">\n\t\t\t\t\t<h2 class=\"elementor-heading-title elementor-size-default\">Para m\u00f3dulos FV en tejado<\/h2>\t\t\t\t<\/div>\n\t\t\t\t<\/div>\n\t\t\t\t<div class=\"elementor-element elementor-element-a5252c2 elementor-view-default elementor-widget elementor-widget-icon\" data-id=\"a5252c2\" data-element_type=\"widget\" data-e-type=\"widget\" data-widget_type=\"icon.default\">\n\t\t\t\t<div class=\"elementor-widget-container\">\n\t\t\t\t\t\t\t<div class=\"elementor-icon-wrapper\">\n\t\t\t<a class=\"elementor-icon\" href=\"https:\/\/www.maysunsolar.com\/wp-content\/uploads\/2023\/09\/Shingled-Solar-Panels-Installation-Manual.pdf\" target=\"_blank\">\n\t\t\t<i aria-hidden=\"true\" class=\"far fa-file-pdf\"><\/i>\t\t\t<\/a>\n\t\t<\/div>\n\t\t\t\t\t\t<\/div>\n\t\t\t\t<\/div>\n\t\t\t\t<div class=\"elementor-element elementor-element-dcfb04a elementor-widget elementor-widget-text-editor\" data-id=\"dcfb04a\" data-element_type=\"widget\" data-e-type=\"widget\" data-widget_type=\"text-editor.default\">\n\t\t\t\t<div class=\"elementor-widget-container\">\n\t\t\t\t\t\t\t\t\t<p style=\"text-align: center;\">  <a href=\"https:\/\/www.maysunsolar.com\/wp-content\/uploads\/2023\/09\/Shingled-Solar-Panels-Installation-Manual.pdf\">  Descarga<\/a><\/p>\t\t\t\t\t\t\t\t<\/div>\n\t\t\t\t<\/div>\n\t\t\t\t\t<\/div>\n\t\t<\/div>\n\t\t\t\t\t<\/div>\n\t\t<\/section>\n\t\t\t\t<\/div>\n\t\t","protected":false},"excerpt":{"rendered":"<p>Para m\u00f3dulos FV monofaciales Descarga Para m\u00f3dulos fotovoltaicos de doble vidrio Descarga Para m\u00f3dulos FV en tejado Descarga<\/p>\n","protected":false},"author":1,"featured_media":0,"parent":0,"menu_order":0,"comment_status":"closed","ping_status":"closed","template":"","meta":{"_uag_custom_page_level_css":"","footnotes":""},"class_list":["post-64328","page","type-page","status-publish","hentry"],"yoast_head":"<!-- This site is optimized with the Yoast SEO plugin v27.4 - https:\/\/yoast.com\/product\/yoast-seo-wordpress\/ -->\n<title>Manual de instalaci\u00f3n - Professional Distributed PV Module Manufacturer<\/title>\n<meta name=\"robots\" content=\"index, follow, max-snippet:-1, max-image-preview:large, max-video-preview:-1\" \/>\n<link rel=\"canonical\" href=\"https:\/\/www.maysunsolar.com\/es\/manual-de-instalacion\/\" \/>\n<meta property=\"og:locale\" content=\"es_ES\" \/>\n<meta property=\"og:type\" content=\"article\" \/>\n<meta property=\"og:title\" content=\"Manual de instalaci\u00f3n - Professional Distributed PV Module Manufacturer\" \/>\n<meta property=\"og:description\" content=\"Para m\u00f3dulos FV monofaciales Descarga Para m\u00f3dulos fotovoltaicos de doble vidrio Descarga Para m\u00f3dulos FV en tejado Descarga\" \/>\n<meta property=\"og:url\" content=\"https:\/\/www.maysunsolar.com\/es\/manual-de-instalacion\/\" \/>\n<meta property=\"og:site_name\" content=\"Professional Distributed PV Module Manufacturer\" \/>\n<meta property=\"article:modified_time\" content=\"2025-08-12T06:03:26+00:00\" \/>\n<meta name=\"twitter:card\" content=\"summary_large_image\" \/>\n<script type=\"application\/ld+json\" class=\"yoast-schema-graph\">{\"@context\":\"https:\\\/\\\/schema.org\",\"@graph\":[{\"@type\":\"WebPage\",\"@id\":\"https:\\\/\\\/www.maysunsolar.com\\\/es\\\/manual-de-instalacion\\\/\",\"url\":\"https:\\\/\\\/www.maysunsolar.com\\\/es\\\/manual-de-instalacion\\\/\",\"name\":\"Manual de instalaci\u00f3n - Professional Distributed PV Module Manufacturer\",\"isPartOf\":{\"@id\":\"https:\\\/\\\/www.maysunsolar.com\\\/es\\\/#website\"},\"datePublished\":\"2022-11-07T02:30:18+00:00\",\"dateModified\":\"2025-08-12T06:03:26+00:00\",\"breadcrumb\":{\"@id\":\"https:\\\/\\\/www.maysunsolar.com\\\/es\\\/manual-de-instalacion\\\/#breadcrumb\"},\"inLanguage\":\"es\",\"potentialAction\":[{\"@type\":\"ReadAction\",\"target\":[\"https:\\\/\\\/www.maysunsolar.com\\\/es\\\/manual-de-instalacion\\\/\"]}]},{\"@type\":\"BreadcrumbList\",\"@id\":\"https:\\\/\\\/www.maysunsolar.com\\\/es\\\/manual-de-instalacion\\\/#breadcrumb\",\"itemListElement\":[{\"@type\":\"ListItem\",\"position\":1,\"name\":\"Home\",\"item\":\"https:\\\/\\\/www.maysunsolar.com\\\/es\\\/\"},{\"@type\":\"ListItem\",\"position\":2,\"name\":\"Manual de instalaci\u00f3n\"}]},{\"@type\":\"WebSite\",\"@id\":\"https:\\\/\\\/www.maysunsolar.com\\\/es\\\/#website\",\"url\":\"https:\\\/\\\/www.maysunsolar.com\\\/es\\\/\",\"name\":\"Professional Photovoltaic Panel Manufacturer\",\"description\":\"\",\"publisher\":{\"@id\":\"https:\\\/\\\/www.maysunsolar.com\\\/es\\\/#organization\"},\"potentialAction\":[{\"@type\":\"SearchAction\",\"target\":{\"@type\":\"EntryPoint\",\"urlTemplate\":\"https:\\\/\\\/www.maysunsolar.com\\\/es\\\/?s={search_term_string}\"},\"query-input\":{\"@type\":\"PropertyValueSpecification\",\"valueRequired\":true,\"valueName\":\"search_term_string\"}}],\"inLanguage\":\"es\"},{\"@type\":\"Organization\",\"@id\":\"https:\\\/\\\/www.maysunsolar.com\\\/es\\\/#organization\",\"name\":\"Maysun Solar\",\"url\":\"https:\\\/\\\/www.maysunsolar.com\\\/es\\\/\",\"logo\":{\"@type\":\"ImageObject\",\"inLanguage\":\"es\",\"@id\":\"https:\\\/\\\/www.maysunsolar.com\\\/es\\\/#\\\/schema\\\/logo\\\/image\\\/\",\"url\":\"https:\\\/\\\/www.maysunsolar.com\\\/wp-content\\\/uploads\\\/2023\\\/12\\\/\u516c\u53f8logo\u900f\u660e\u5e95\u7f51\u7ad9\u5c0f\u5934\u50cf.png\",\"contentUrl\":\"https:\\\/\\\/www.maysunsolar.com\\\/wp-content\\\/uploads\\\/2023\\\/12\\\/\u516c\u53f8logo\u900f\u660e\u5e95\u7f51\u7ad9\u5c0f\u5934\u50cf.png\",\"width\":200,\"height\":200,\"caption\":\"Maysun Solar\"},\"image\":{\"@id\":\"https:\\\/\\\/www.maysunsolar.com\\\/es\\\/#\\\/schema\\\/logo\\\/image\\\/\"}}]}<\/script>\n<!-- \/ Yoast SEO plugin. -->","yoast_head_json":{"title":"Manual de instalaci\u00f3n - Professional Distributed PV Module Manufacturer","robots":{"index":"index","follow":"follow","max-snippet":"max-snippet:-1","max-image-preview":"max-image-preview:large","max-video-preview":"max-video-preview:-1"},"canonical":"https:\/\/www.maysunsolar.com\/es\/manual-de-instalacion\/","og_locale":"es_ES","og_type":"article","og_title":"Manual de instalaci\u00f3n - Professional Distributed PV Module Manufacturer","og_description":"Para m\u00f3dulos FV monofaciales Descarga Para m\u00f3dulos fotovoltaicos de doble vidrio Descarga Para m\u00f3dulos FV en tejado Descarga","og_url":"https:\/\/www.maysunsolar.com\/es\/manual-de-instalacion\/","og_site_name":"Professional Distributed PV Module Manufacturer","article_modified_time":"2025-08-12T06:03:26+00:00","twitter_card":"summary_large_image","schema":{"@context":"https:\/\/schema.org","@graph":[{"@type":"WebPage","@id":"https:\/\/www.maysunsolar.com\/es\/manual-de-instalacion\/","url":"https:\/\/www.maysunsolar.com\/es\/manual-de-instalacion\/","name":"Manual de instalaci\u00f3n - Professional Distributed PV Module Manufacturer","isPartOf":{"@id":"https:\/\/www.maysunsolar.com\/es\/#website"},"datePublished":"2022-11-07T02:30:18+00:00","dateModified":"2025-08-12T06:03:26+00:00","breadcrumb":{"@id":"https:\/\/www.maysunsolar.com\/es\/manual-de-instalacion\/#breadcrumb"},"inLanguage":"es","potentialAction":[{"@type":"ReadAction","target":["https:\/\/www.maysunsolar.com\/es\/manual-de-instalacion\/"]}]},{"@type":"BreadcrumbList","@id":"https:\/\/www.maysunsolar.com\/es\/manual-de-instalacion\/#breadcrumb","itemListElement":[{"@type":"ListItem","position":1,"name":"Home","item":"https:\/\/www.maysunsolar.com\/es\/"},{"@type":"ListItem","position":2,"name":"Manual de instalaci\u00f3n"}]},{"@type":"WebSite","@id":"https:\/\/www.maysunsolar.com\/es\/#website","url":"https:\/\/www.maysunsolar.com\/es\/","name":"Professional Photovoltaic Panel Manufacturer","description":"","publisher":{"@id":"https:\/\/www.maysunsolar.com\/es\/#organization"},"potentialAction":[{"@type":"SearchAction","target":{"@type":"EntryPoint","urlTemplate":"https:\/\/www.maysunsolar.com\/es\/?s={search_term_string}"},"query-input":{"@type":"PropertyValueSpecification","valueRequired":true,"valueName":"search_term_string"}}],"inLanguage":"es"},{"@type":"Organization","@id":"https:\/\/www.maysunsolar.com\/es\/#organization","name":"Maysun Solar","url":"https:\/\/www.maysunsolar.com\/es\/","logo":{"@type":"ImageObject","inLanguage":"es","@id":"https:\/\/www.maysunsolar.com\/es\/#\/schema\/logo\/image\/","url":"https:\/\/www.maysunsolar.com\/wp-content\/uploads\/2023\/12\/\u516c\u53f8logo\u900f\u660e\u5e95\u7f51\u7ad9\u5c0f\u5934\u50cf.png","contentUrl":"https:\/\/www.maysunsolar.com\/wp-content\/uploads\/2023\/12\/\u516c\u53f8logo\u900f\u660e\u5e95\u7f51\u7ad9\u5c0f\u5934\u50cf.png","width":200,"height":200,"caption":"Maysun Solar"},"image":{"@id":"https:\/\/www.maysunsolar.com\/es\/#\/schema\/logo\/image\/"}}]}},"uagb_featured_image_src":{"full":false,"thumbnail":false,"medium":false,"medium_large":false,"large":false,"1536x1536":false,"2048x2048":false,"menu-24x24":false,"menu-36x36":false,"menu-48x48":false},"uagb_author_info":{"display_name":"Brian","author_link":"https:\/\/www.maysunsolar.com\/es\/author\/brian\/"},"uagb_comment_info":0,"uagb_excerpt":"Para m\u00f3dulos FV monofaciales Descarga Para m\u00f3dulos fotovoltaicos de doble vidrio Descarga Para m\u00f3dulos FV en tejado Descarga","_links":{"self":[{"href":"https:\/\/www.maysunsolar.com\/es\/wp-json\/wp\/v2\/pages\/64328","targetHints":{"allow":["GET"]}}],"collection":[{"href":"https:\/\/www.maysunsolar.com\/es\/wp-json\/wp\/v2\/pages"}],"about":[{"href":"https:\/\/www.maysunsolar.com\/es\/wp-json\/wp\/v2\/types\/page"}],"author":[{"embeddable":true,"href":"https:\/\/www.maysunsolar.com\/es\/wp-json\/wp\/v2\/users\/1"}],"replies":[{"embeddable":true,"href":"https:\/\/www.maysunsolar.com\/es\/wp-json\/wp\/v2\/comments?post=64328"}],"version-history":[{"count":2,"href":"https:\/\/www.maysunsolar.com\/es\/wp-json\/wp\/v2\/pages\/64328\/revisions"}],"predecessor-version":[{"id":64332,"href":"https:\/\/www.maysunsolar.com\/es\/wp-json\/wp\/v2\/pages\/64328\/revisions\/64332"}],"wp:attachment":[{"href":"https:\/\/www.maysunsolar.com\/es\/wp-json\/wp\/v2\/media?parent=64328"}],"curies":[{"name":"wp","href":"https:\/\/api.w.org\/{rel}","templated":true}]}}