{"id":64566,"date":"2022-09-05T16:47:53","date_gmt":"2022-09-05T08:47:53","guid":{"rendered":"https:\/\/www.maysunsolar.com\/preguntas-frecuentes\/"},"modified":"2025-08-06T17:51:46","modified_gmt":"2025-08-06T09:51:46","slug":"preguntas-frecuentes","status":"publish","type":"page","link":"https:\/\/www.maysunsolar.com\/es\/preguntas-frecuentes\/","title":{"rendered":"PREGUNTAS FRECUENTES"},"content":{"rendered":"\t\t<div data-elementor-type=\"wp-page\" data-elementor-id=\"64566\" class=\"elementor elementor-64566 elementor-3624\" data-elementor-post-type=\"page\">\n\t\t\t\t\t\t<section class=\"elementor-section elementor-top-section elementor-element elementor-element-3168f5d elementor-section-boxed elementor-section-height-default elementor-section-height-default\" data-id=\"3168f5d\" data-element_type=\"section\" data-e-type=\"section\">\n\t\t\t\t\t\t<div class=\"elementor-container elementor-column-gap-default\">\n\t\t\t\t\t<div class=\"elementor-column elementor-col-100 elementor-top-column elementor-element elementor-element-d6185f1\" data-id=\"d6185f1\" data-element_type=\"column\" data-e-type=\"column\">\n\t\t\t<div class=\"elementor-widget-wrap elementor-element-populated\">\n\t\t\t\t\t\t<div class=\"elementor-element elementor-element-e2e12de elementor-widget elementor-widget-image\" data-id=\"e2e12de\" data-element_type=\"widget\" data-e-type=\"widget\" data-widget_type=\"image.default\">\n\t\t\t\t<div class=\"elementor-widget-container\">\n\t\t\t\t\t\t\t\t\t\t\t\t\t\t\t<img fetchpriority=\"high\" decoding=\"async\" width=\"768\" height=\"549\" src=\"https:\/\/www.maysunsolar.com\/wp-content\/uploads\/2022\/09\/questions-question-mark-quiz-6988157-768x549.png\" class=\"attachment-medium_large size-medium_large wp-image-3911\" alt=\"questions, question mark, quiz-6988157.jpg\" srcset=\"https:\/\/www.maysunsolar.com\/wp-content\/uploads\/2022\/09\/questions-question-mark-quiz-6988157-768x549.png 768w, https:\/\/www.maysunsolar.com\/wp-content\/uploads\/2022\/09\/questions-question-mark-quiz-6988157-300x214.png 300w, https:\/\/www.maysunsolar.com\/wp-content\/uploads\/2022\/09\/questions-question-mark-quiz-6988157-1024x732.png 1024w, https:\/\/www.maysunsolar.com\/wp-content\/uploads\/2022\/09\/questions-question-mark-quiz-6988157.png 1280w\" sizes=\"(max-width: 768px) 100vw, 768px\" \/>\t\t\t\t\t\t\t\t\t\t\t\t\t\t\t<\/div>\n\t\t\t\t<\/div>\n\t\t\t\t<div class=\"elementor-element elementor-element-43d3faa elementor-widget elementor-widget-heading\" data-id=\"43d3faa\" data-element_type=\"widget\" data-e-type=\"widget\" data-widget_type=\"heading.default\">\n\t\t\t\t<div class=\"elementor-widget-container\">\n\t\t\t\t\t<h1 class=\"elementor-heading-title elementor-size-default\">PREGUNTAS FRECUENTES<\/h1>\t\t\t\t<\/div>\n\t\t\t\t<\/div>\n\t\t\t\t<div class=\"elementor-element elementor-element-97214d0 elementor-widget elementor-widget-text-editor\" data-id=\"97214d0\" data-element_type=\"widget\" data-e-type=\"widget\" data-widget_type=\"text-editor.default\">\n\t\t\t\t<div class=\"elementor-widget-container\">\n\t\t\t\t\t\t\t\t\t<p><strong>Se clasifican y responden las preguntas m\u00e1s comunes que te puedes encontrar, y puedes resolver r\u00e1pidamente el problema seg\u00fan las respuestas.<\/strong><\/p>\t\t\t\t\t\t\t\t<\/div>\n\t\t\t\t<\/div>\n\t\t\t\t<div class=\"elementor-element elementor-element-8eec64a elementor-widget elementor-widget-toggle\" data-id=\"8eec64a\" data-element_type=\"widget\" data-e-type=\"widget\" data-widget_type=\"toggle.default\">\n\t\t\t\t<div class=\"elementor-widget-container\">\n\t\t\t\t\t\t\t<div class=\"elementor-toggle\">\n\t\t\t\t\t\t\t<div class=\"elementor-toggle-item\">\n\t\t\t\t\t<div id=\"elementor-tab-title-1491\" class=\"elementor-tab-title\" data-tab=\"1\" role=\"button\" aria-controls=\"elementor-tab-content-1491\" aria-expanded=\"false\">\n\t\t\t\t\t\t\t\t\t\t\t\t<span class=\"elementor-toggle-icon elementor-toggle-icon-left\" aria-hidden=\"true\">\n\t\t\t\t\t\t\t\t\t\t\t\t\t\t\t<span class=\"elementor-toggle-icon-closed\"><i class=\"fas fa-caret-right\"><\/i><\/span>\n\t\t\t\t\t\t\t\t<span class=\"elementor-toggle-icon-opened\"><i class=\"elementor-toggle-icon-opened fas fa-caret-up\"><\/i><\/span>\n\t\t\t\t\t\t\t\t\t\t\t\t\t<\/span>\n\t\t\t\t\t\t\t\t\t\t\t\t<a class=\"elementor-toggle-title\" tabindex=\"0\">1.\u00bfCu\u00e1ntas piezas hay en un pal\u00e9\/cu\u00e1ntas piezas hay en un contenedor?<\/a>\n\t\t\t\t\t<\/div>\n\n\t\t\t\t\t<div id=\"elementor-tab-content-1491\" class=\"elementor-tab-content elementor-clearfix\" data-tab=\"1\" role=\"region\" aria-labelledby=\"elementor-tab-title-1491\"><p>No es fijo, y prevalecer\u00e1 la situaci\u00f3n real de lotes concretos.<\/p>\n<\/div>\n\t\t\t\t<\/div>\n\t\t\t\t\t\t\t<div class=\"elementor-toggle-item\">\n\t\t\t\t\t<div id=\"elementor-tab-title-1492\" class=\"elementor-tab-title\" data-tab=\"2\" role=\"button\" aria-controls=\"elementor-tab-content-1492\" aria-expanded=\"false\">\n\t\t\t\t\t\t\t\t\t\t\t\t<span class=\"elementor-toggle-icon elementor-toggle-icon-left\" aria-hidden=\"true\">\n\t\t\t\t\t\t\t\t\t\t\t\t\t\t\t<span class=\"elementor-toggle-icon-closed\"><i class=\"fas fa-caret-right\"><\/i><\/span>\n\t\t\t\t\t\t\t\t<span class=\"elementor-toggle-icon-opened\"><i class=\"elementor-toggle-icon-opened fas fa-caret-up\"><\/i><\/span>\n\t\t\t\t\t\t\t\t\t\t\t\t\t<\/span>\n\t\t\t\t\t\t\t\t\t\t\t\t<a class=\"elementor-toggle-title\" tabindex=\"0\">2.\u00bfExiste una lista de precios (el precio de un panel solar para todos los productos)?<\/a>\n\t\t\t\t\t<\/div>\n\n\t\t\t\t\t<div id=\"elementor-tab-content-1492\" class=\"elementor-tab-content elementor-clearfix\" data-tab=\"2\" role=\"region\" aria-labelledby=\"elementor-tab-title-1492\"><p>Diferentes productos y diferentes cantidades de precio no son iguales, y el precio fluctuar\u00e1 en funci\u00f3n de las materias primas y el mercado. Puede comunicarse con nuestro vendedor profesional para obtener la \u00faltima cotizaci\u00f3n. <\/p>\n<\/div>\n\t\t\t\t<\/div>\n\t\t\t\t\t\t\t<div class=\"elementor-toggle-item\">\n\t\t\t\t\t<div id=\"elementor-tab-title-1493\" class=\"elementor-tab-title\" data-tab=\"3\" role=\"button\" aria-controls=\"elementor-tab-content-1493\" aria-expanded=\"false\">\n\t\t\t\t\t\t\t\t\t\t\t\t<span class=\"elementor-toggle-icon elementor-toggle-icon-left\" aria-hidden=\"true\">\n\t\t\t\t\t\t\t\t\t\t\t\t\t\t\t<span class=\"elementor-toggle-icon-closed\"><i class=\"fas fa-caret-right\"><\/i><\/span>\n\t\t\t\t\t\t\t\t<span class=\"elementor-toggle-icon-opened\"><i class=\"elementor-toggle-icon-opened fas fa-caret-up\"><\/i><\/span>\n\t\t\t\t\t\t\t\t\t\t\t\t\t<\/span>\n\t\t\t\t\t\t\t\t\t\t\t\t<a class=\"elementor-toggle-title\" tabindex=\"0\">3.\u00bfCu\u00e1l es la potencia real de un tablero durante 24 horas al d\u00eda?<\/a>\n\t\t\t\t\t<\/div>\n\n\t\t\t\t\t<div id=\"elementor-tab-content-1493\" class=\"elementor-tab-content elementor-clearfix\" data-tab=\"3\" role=\"region\" aria-labelledby=\"elementor-tab-title-1493\"><p>Los paneles solares s\u00f3lo producen electricidad cuando hay luz solar, por lo que no puede decirse que funcionen las 24 horas del d\u00eda. Tomando como ejemplo la latitud de la provincia china de Shandong, la potencia diaria de un panel normal de 1.000 W es de unos 3 grados cent\u00edgrados. <\/p>\n<\/div>\n\t\t\t\t<\/div>\n\t\t\t\t\t\t\t<div class=\"elementor-toggle-item\">\n\t\t\t\t\t<div id=\"elementor-tab-title-1494\" class=\"elementor-tab-title\" data-tab=\"4\" role=\"button\" aria-controls=\"elementor-tab-content-1494\" aria-expanded=\"false\">\n\t\t\t\t\t\t\t\t\t\t\t\t<span class=\"elementor-toggle-icon elementor-toggle-icon-left\" aria-hidden=\"true\">\n\t\t\t\t\t\t\t\t\t\t\t\t\t\t\t<span class=\"elementor-toggle-icon-closed\"><i class=\"fas fa-caret-right\"><\/i><\/span>\n\t\t\t\t\t\t\t\t<span class=\"elementor-toggle-icon-opened\"><i class=\"elementor-toggle-icon-opened fas fa-caret-up\"><\/i><\/span>\n\t\t\t\t\t\t\t\t\t\t\t\t\t<\/span>\n\t\t\t\t\t\t\t\t\t\t\t\t<a class=\"elementor-toggle-title\" tabindex=\"0\">4.\u00bfQu\u00e9 certificaciones han superado nuestros productos?<\/a>\n\t\t\t\t\t<\/div>\n\n\t\t\t\t\t<div id=\"elementor-tab-content-1494\" class=\"elementor-tab-content elementor-clearfix\" data-tab=\"4\" role=\"region\" aria-labelledby=\"elementor-tab-title-1494\"><p>Ha superado el sistema de gesti\u00f3n de calidad ISO9001 y las certificaciones CE, TUV, Dewa, SGS, IEC, MCS y otras.<\/p>\n<\/div>\n\t\t\t\t<\/div>\n\t\t\t\t\t\t\t<div class=\"elementor-toggle-item\">\n\t\t\t\t\t<div id=\"elementor-tab-title-1495\" class=\"elementor-tab-title\" data-tab=\"5\" role=\"button\" aria-controls=\"elementor-tab-content-1495\" aria-expanded=\"false\">\n\t\t\t\t\t\t\t\t\t\t\t\t<span class=\"elementor-toggle-icon elementor-toggle-icon-left\" aria-hidden=\"true\">\n\t\t\t\t\t\t\t\t\t\t\t\t\t\t\t<span class=\"elementor-toggle-icon-closed\"><i class=\"fas fa-caret-right\"><\/i><\/span>\n\t\t\t\t\t\t\t\t<span class=\"elementor-toggle-icon-opened\"><i class=\"elementor-toggle-icon-opened fas fa-caret-up\"><\/i><\/span>\n\t\t\t\t\t\t\t\t\t\t\t\t\t<\/span>\n\t\t\t\t\t\t\t\t\t\t\t\t<a class=\"elementor-toggle-title\" tabindex=\"0\">5.C\u00f3mo calcular cu\u00e1ntos paneles se pueden instalar en funci\u00f3n de la superficie del tejado.<\/a>\n\t\t\t\t\t<\/div>\n\n\t\t\t\t\t<div id=\"elementor-tab-content-1495\" class=\"elementor-tab-content elementor-clearfix\" data-tab=\"5\" role=\"region\" aria-labelledby=\"elementor-tab-title-1495\"><p>En la actualidad, la superficie de un panel en el tejado de una casa alemana no puede superar los 2 metros cuadrados. Si se calcula en 2 metros cuadrados, el n\u00famero concreto de paneles puede obtenerse dividiendo la superficie del tejado por 2 metros cuadrados. <\/p>\n<\/div>\n\t\t\t\t<\/div>\n\t\t\t\t\t\t\t<div class=\"elementor-toggle-item\">\n\t\t\t\t\t<div id=\"elementor-tab-title-1496\" class=\"elementor-tab-title\" data-tab=\"6\" role=\"button\" aria-controls=\"elementor-tab-content-1496\" aria-expanded=\"false\">\n\t\t\t\t\t\t\t\t\t\t\t\t<span class=\"elementor-toggle-icon elementor-toggle-icon-left\" aria-hidden=\"true\">\n\t\t\t\t\t\t\t\t\t\t\t\t\t\t\t<span class=\"elementor-toggle-icon-closed\"><i class=\"fas fa-caret-right\"><\/i><\/span>\n\t\t\t\t\t\t\t\t<span class=\"elementor-toggle-icon-opened\"><i class=\"elementor-toggle-icon-opened fas fa-caret-up\"><\/i><\/span>\n\t\t\t\t\t\t\t\t\t\t\t\t\t<\/span>\n\t\t\t\t\t\t\t\t\t\t\t\t<a class=\"elementor-toggle-title\" tabindex=\"0\">6.\u00bfCon qu\u00e9 frecuencia debe limpiarse el producto?<\/a>\n\t\t\t\t\t<\/div>\n\n\t\t\t\t\t<div id=\"elementor-tab-content-1496\" class=\"elementor-tab-content elementor-clearfix\" data-tab=\"6\" role=\"region\" aria-labelledby=\"elementor-tab-title-1496\"><p>Seg\u00fan la situaci\u00f3n real, limpie la placa si hay mucho polvo o recubrimiento en el panel.<\/p>\n<\/div>\n\t\t\t\t<\/div>\n\t\t\t\t\t\t\t\t<\/div>\n\t\t\t\t\t\t<\/div>\n\t\t\t\t<\/div>\n\t\t\t\t\t<\/div>\n\t\t<\/div>\n\t\t\t\t\t<\/div>\n\t\t<\/section>\n\t\t\t\t<\/div>\n\t\t","protected":false},"excerpt":{"rendered":"<p>PREGUNTAS FRECUENTES Se clasifican y responden las preguntas m\u00e1s comunes que te puedes encontrar, y puedes resolver r\u00e1pidamente el problema seg\u00fan las respuestas. 1.\u00bfCu\u00e1ntas piezas hay en un pal\u00e9\/cu\u00e1ntas piezas hay en un contenedor? No es fijo, y prevalecer\u00e1 la situaci\u00f3n real de&hellip;<\/p>\n","protected":false},"author":1,"featured_media":0,"parent":0,"menu_order":0,"comment_status":"closed","ping_status":"closed","template":"","meta":{"_uag_custom_page_level_css":"","footnotes":""},"class_list":["post-64566","page","type-page","status-publish","hentry"],"yoast_head":"<!-- This site is optimized with the Yoast SEO plugin v27.4 - https:\/\/yoast.com\/product\/yoast-seo-wordpress\/ -->\n<title>PREGUNTAS FRECUENTES - Professional Distributed PV Module Manufacturer<\/title>\n<meta name=\"robots\" content=\"index, follow, max-snippet:-1, max-image-preview:large, max-video-preview:-1\" \/>\n<link rel=\"canonical\" href=\"https:\/\/www.maysunsolar.com\/es\/preguntas-frecuentes\/\" \/>\n<meta property=\"og:locale\" content=\"es_ES\" \/>\n<meta property=\"og:type\" content=\"article\" \/>\n<meta property=\"og:title\" content=\"PREGUNTAS FRECUENTES - Professional Distributed PV Module Manufacturer\" \/>\n<meta property=\"og:description\" content=\"PREGUNTAS FRECUENTES Se clasifican y responden las preguntas m\u00e1s comunes que te puedes encontrar, y puedes resolver r\u00e1pidamente el problema seg\u00fan las respuestas. 1.\u00bfCu\u00e1ntas piezas hay en un pal\u00e9\/cu\u00e1ntas piezas hay en un contenedor? No es fijo, y prevalecer\u00e1 la situaci\u00f3n real de&hellip;\" \/>\n<meta property=\"og:url\" content=\"https:\/\/www.maysunsolar.com\/es\/preguntas-frecuentes\/\" \/>\n<meta property=\"og:site_name\" content=\"Professional Distributed PV Module Manufacturer\" \/>\n<meta property=\"article:modified_time\" content=\"2025-08-06T09:51:46+00:00\" \/>\n<meta property=\"og:image\" content=\"https:\/\/www.maysunsolar.com\/wp-content\/uploads\/2022\/09\/questions-question-mark-quiz-6988157-768x549.png\" \/>\n<meta name=\"twitter:card\" content=\"summary_large_image\" \/>\n<meta name=\"twitter:label1\" content=\"Tiempo de lectura\" \/>\n\t<meta name=\"twitter:data1\" content=\"1 minuto\" \/>\n<script type=\"application\/ld+json\" class=\"yoast-schema-graph\">{\"@context\":\"https:\\\/\\\/schema.org\",\"@graph\":[{\"@type\":\"WebPage\",\"@id\":\"https:\\\/\\\/www.maysunsolar.com\\\/es\\\/preguntas-frecuentes\\\/\",\"url\":\"https:\\\/\\\/www.maysunsolar.com\\\/es\\\/preguntas-frecuentes\\\/\",\"name\":\"PREGUNTAS FRECUENTES - Professional Distributed PV Module Manufacturer\",\"isPartOf\":{\"@id\":\"https:\\\/\\\/www.maysunsolar.com\\\/es\\\/#website\"},\"primaryImageOfPage\":{\"@id\":\"https:\\\/\\\/www.maysunsolar.com\\\/es\\\/preguntas-frecuentes\\\/#primaryimage\"},\"image\":{\"@id\":\"https:\\\/\\\/www.maysunsolar.com\\\/es\\\/preguntas-frecuentes\\\/#primaryimage\"},\"thumbnailUrl\":\"https:\\\/\\\/www.maysunsolar.com\\\/wp-content\\\/uploads\\\/2022\\\/09\\\/questions-question-mark-quiz-6988157-768x549.png\",\"datePublished\":\"2022-09-05T08:47:53+00:00\",\"dateModified\":\"2025-08-06T09:51:46+00:00\",\"breadcrumb\":{\"@id\":\"https:\\\/\\\/www.maysunsolar.com\\\/es\\\/preguntas-frecuentes\\\/#breadcrumb\"},\"inLanguage\":\"es\",\"potentialAction\":[{\"@type\":\"ReadAction\",\"target\":[\"https:\\\/\\\/www.maysunsolar.com\\\/es\\\/preguntas-frecuentes\\\/\"]}]},{\"@type\":\"ImageObject\",\"inLanguage\":\"es\",\"@id\":\"https:\\\/\\\/www.maysunsolar.com\\\/es\\\/preguntas-frecuentes\\\/#primaryimage\",\"url\":\"https:\\\/\\\/www.maysunsolar.com\\\/wp-content\\\/uploads\\\/2022\\\/09\\\/questions-question-mark-quiz-6988157-768x549.png\",\"contentUrl\":\"https:\\\/\\\/www.maysunsolar.com\\\/wp-content\\\/uploads\\\/2022\\\/09\\\/questions-question-mark-quiz-6988157-768x549.png\"},{\"@type\":\"BreadcrumbList\",\"@id\":\"https:\\\/\\\/www.maysunsolar.com\\\/es\\\/preguntas-frecuentes\\\/#breadcrumb\",\"itemListElement\":[{\"@type\":\"ListItem\",\"position\":1,\"name\":\"Home\",\"item\":\"https:\\\/\\\/www.maysunsolar.com\\\/es\\\/\"},{\"@type\":\"ListItem\",\"position\":2,\"name\":\"PREGUNTAS FRECUENTES\"}]},{\"@type\":\"WebSite\",\"@id\":\"https:\\\/\\\/www.maysunsolar.com\\\/es\\\/#website\",\"url\":\"https:\\\/\\\/www.maysunsolar.com\\\/es\\\/\",\"name\":\"Professional Photovoltaic Panel Manufacturer\",\"description\":\"\",\"publisher\":{\"@id\":\"https:\\\/\\\/www.maysunsolar.com\\\/es\\\/#organization\"},\"potentialAction\":[{\"@type\":\"SearchAction\",\"target\":{\"@type\":\"EntryPoint\",\"urlTemplate\":\"https:\\\/\\\/www.maysunsolar.com\\\/es\\\/?s={search_term_string}\"},\"query-input\":{\"@type\":\"PropertyValueSpecification\",\"valueRequired\":true,\"valueName\":\"search_term_string\"}}],\"inLanguage\":\"es\"},{\"@type\":\"Organization\",\"@id\":\"https:\\\/\\\/www.maysunsolar.com\\\/es\\\/#organization\",\"name\":\"Maysun Solar\",\"url\":\"https:\\\/\\\/www.maysunsolar.com\\\/es\\\/\",\"logo\":{\"@type\":\"ImageObject\",\"inLanguage\":\"es\",\"@id\":\"https:\\\/\\\/www.maysunsolar.com\\\/es\\\/#\\\/schema\\\/logo\\\/image\\\/\",\"url\":\"https:\\\/\\\/www.maysunsolar.com\\\/wp-content\\\/uploads\\\/2023\\\/12\\\/\u516c\u53f8logo\u900f\u660e\u5e95\u7f51\u7ad9\u5c0f\u5934\u50cf.png\",\"contentUrl\":\"https:\\\/\\\/www.maysunsolar.com\\\/wp-content\\\/uploads\\\/2023\\\/12\\\/\u516c\u53f8logo\u900f\u660e\u5e95\u7f51\u7ad9\u5c0f\u5934\u50cf.png\",\"width\":200,\"height\":200,\"caption\":\"Maysun Solar\"},\"image\":{\"@id\":\"https:\\\/\\\/www.maysunsolar.com\\\/es\\\/#\\\/schema\\\/logo\\\/image\\\/\"}}]}<\/script>\n<!-- \/ Yoast SEO plugin. -->","yoast_head_json":{"title":"PREGUNTAS FRECUENTES - Professional Distributed PV Module Manufacturer","robots":{"index":"index","follow":"follow","max-snippet":"max-snippet:-1","max-image-preview":"max-image-preview:large","max-video-preview":"max-video-preview:-1"},"canonical":"https:\/\/www.maysunsolar.com\/es\/preguntas-frecuentes\/","og_locale":"es_ES","og_type":"article","og_title":"PREGUNTAS FRECUENTES - Professional Distributed PV Module Manufacturer","og_description":"PREGUNTAS FRECUENTES Se clasifican y responden las preguntas m\u00e1s comunes que te puedes encontrar, y puedes resolver r\u00e1pidamente el problema seg\u00fan las respuestas. 1.\u00bfCu\u00e1ntas piezas hay en un pal\u00e9\/cu\u00e1ntas piezas hay en un contenedor? No es fijo, y prevalecer\u00e1 la situaci\u00f3n real de&hellip;","og_url":"https:\/\/www.maysunsolar.com\/es\/preguntas-frecuentes\/","og_site_name":"Professional Distributed PV Module Manufacturer","article_modified_time":"2025-08-06T09:51:46+00:00","og_image":[{"url":"https:\/\/www.maysunsolar.com\/wp-content\/uploads\/2022\/09\/questions-question-mark-quiz-6988157-768x549.png","type":"","width":"","height":""}],"twitter_card":"summary_large_image","twitter_misc":{"Tiempo de lectura":"1 minuto"},"schema":{"@context":"https:\/\/schema.org","@graph":[{"@type":"WebPage","@id":"https:\/\/www.maysunsolar.com\/es\/preguntas-frecuentes\/","url":"https:\/\/www.maysunsolar.com\/es\/preguntas-frecuentes\/","name":"PREGUNTAS FRECUENTES - Professional Distributed PV Module Manufacturer","isPartOf":{"@id":"https:\/\/www.maysunsolar.com\/es\/#website"},"primaryImageOfPage":{"@id":"https:\/\/www.maysunsolar.com\/es\/preguntas-frecuentes\/#primaryimage"},"image":{"@id":"https:\/\/www.maysunsolar.com\/es\/preguntas-frecuentes\/#primaryimage"},"thumbnailUrl":"https:\/\/www.maysunsolar.com\/wp-content\/uploads\/2022\/09\/questions-question-mark-quiz-6988157-768x549.png","datePublished":"2022-09-05T08:47:53+00:00","dateModified":"2025-08-06T09:51:46+00:00","breadcrumb":{"@id":"https:\/\/www.maysunsolar.com\/es\/preguntas-frecuentes\/#breadcrumb"},"inLanguage":"es","potentialAction":[{"@type":"ReadAction","target":["https:\/\/www.maysunsolar.com\/es\/preguntas-frecuentes\/"]}]},{"@type":"ImageObject","inLanguage":"es","@id":"https:\/\/www.maysunsolar.com\/es\/preguntas-frecuentes\/#primaryimage","url":"https:\/\/www.maysunsolar.com\/wp-content\/uploads\/2022\/09\/questions-question-mark-quiz-6988157-768x549.png","contentUrl":"https:\/\/www.maysunsolar.com\/wp-content\/uploads\/2022\/09\/questions-question-mark-quiz-6988157-768x549.png"},{"@type":"BreadcrumbList","@id":"https:\/\/www.maysunsolar.com\/es\/preguntas-frecuentes\/#breadcrumb","itemListElement":[{"@type":"ListItem","position":1,"name":"Home","item":"https:\/\/www.maysunsolar.com\/es\/"},{"@type":"ListItem","position":2,"name":"PREGUNTAS FRECUENTES"}]},{"@type":"WebSite","@id":"https:\/\/www.maysunsolar.com\/es\/#website","url":"https:\/\/www.maysunsolar.com\/es\/","name":"Professional Photovoltaic Panel Manufacturer","description":"","publisher":{"@id":"https:\/\/www.maysunsolar.com\/es\/#organization"},"potentialAction":[{"@type":"SearchAction","target":{"@type":"EntryPoint","urlTemplate":"https:\/\/www.maysunsolar.com\/es\/?s={search_term_string}"},"query-input":{"@type":"PropertyValueSpecification","valueRequired":true,"valueName":"search_term_string"}}],"inLanguage":"es"},{"@type":"Organization","@id":"https:\/\/www.maysunsolar.com\/es\/#organization","name":"Maysun Solar","url":"https:\/\/www.maysunsolar.com\/es\/","logo":{"@type":"ImageObject","inLanguage":"es","@id":"https:\/\/www.maysunsolar.com\/es\/#\/schema\/logo\/image\/","url":"https:\/\/www.maysunsolar.com\/wp-content\/uploads\/2023\/12\/\u516c\u53f8logo\u900f\u660e\u5e95\u7f51\u7ad9\u5c0f\u5934\u50cf.png","contentUrl":"https:\/\/www.maysunsolar.com\/wp-content\/uploads\/2023\/12\/\u516c\u53f8logo\u900f\u660e\u5e95\u7f51\u7ad9\u5c0f\u5934\u50cf.png","width":200,"height":200,"caption":"Maysun Solar"},"image":{"@id":"https:\/\/www.maysunsolar.com\/es\/#\/schema\/logo\/image\/"}}]}},"uagb_featured_image_src":{"full":false,"thumbnail":false,"medium":false,"medium_large":false,"large":false,"1536x1536":false,"2048x2048":false,"menu-24x24":false,"menu-36x36":false,"menu-48x48":false},"uagb_author_info":{"display_name":"Brian","author_link":"https:\/\/www.maysunsolar.com\/es\/author\/brian\/"},"uagb_comment_info":0,"uagb_excerpt":"PREGUNTAS FRECUENTES Se clasifican y responden las preguntas m\u00e1s comunes que te puedes encontrar, y puedes resolver r\u00e1pidamente el problema seg\u00fan las respuestas. 1.\u00bfCu\u00e1ntas piezas hay en un pal\u00e9\/cu\u00e1ntas piezas hay en un contenedor? No es fijo, y prevalecer\u00e1 la situaci\u00f3n real de&hellip;","_links":{"self":[{"href":"https:\/\/www.maysunsolar.com\/es\/wp-json\/wp\/v2\/pages\/64566","targetHints":{"allow":["GET"]}}],"collection":[{"href":"https:\/\/www.maysunsolar.com\/es\/wp-json\/wp\/v2\/pages"}],"about":[{"href":"https:\/\/www.maysunsolar.com\/es\/wp-json\/wp\/v2\/types\/page"}],"author":[{"embeddable":true,"href":"https:\/\/www.maysunsolar.com\/es\/wp-json\/wp\/v2\/users\/1"}],"replies":[{"embeddable":true,"href":"https:\/\/www.maysunsolar.com\/es\/wp-json\/wp\/v2\/comments?post=64566"}],"version-history":[{"count":2,"href":"https:\/\/www.maysunsolar.com\/es\/wp-json\/wp\/v2\/pages\/64566\/revisions"}],"predecessor-version":[{"id":64572,"href":"https:\/\/www.maysunsolar.com\/es\/wp-json\/wp\/v2\/pages\/64566\/revisions\/64572"}],"wp:attachment":[{"href":"https:\/\/www.maysunsolar.com\/es\/wp-json\/wp\/v2\/media?parent=64566"}],"curies":[{"name":"wp","href":"https:\/\/api.w.org\/{rel}","templated":true}]}}