{"id":66576,"date":"2022-09-02T09:50:45","date_gmt":"2022-09-02T01:50:45","guid":{"rendered":"https:\/\/www.maysunsolar.com\/blogin-luokat\/"},"modified":"2025-09-17T11:51:26","modified_gmt":"2025-09-17T03:51:26","slug":"blogin-luokat","status":"publish","type":"page","link":"https:\/\/www.maysunsolar.com\/fi\/blogin-luokat\/","title":{"rendered":"Blogin luokat"},"content":{"rendered":"\t\t<div data-elementor-type=\"wp-page\" data-elementor-id=\"66576\" class=\"elementor elementor-66576 elementor-3088\" data-elementor-post-type=\"page\">\n\t\t\t\t\t\t<section class=\"elementor-section elementor-top-section elementor-element elementor-element-2fe4346 elementor-section-boxed elementor-section-height-default elementor-section-height-default\" data-id=\"2fe4346\" data-element_type=\"section\" data-e-type=\"section\">\n\t\t\t\t\t\t<div class=\"elementor-container elementor-column-gap-default\">\n\t\t\t\t\t<div class=\"elementor-column elementor-col-100 elementor-top-column elementor-element elementor-element-7a1b087\" data-id=\"7a1b087\" data-element_type=\"column\" data-e-type=\"column\">\n\t\t\t<div class=\"elementor-widget-wrap elementor-element-populated\">\n\t\t\t\t\t\t<div class=\"elementor-element elementor-element-52b4eff elementor-grid-3 elementor-grid-tablet-2 elementor-grid-mobile-1 elementor-posts--thumbnail-top elementor-widget elementor-widget-posts\" data-id=\"52b4eff\" data-element_type=\"widget\" data-e-type=\"widget\" data-settings=\"{&quot;classic_columns&quot;:&quot;3&quot;,&quot;classic_columns_tablet&quot;:&quot;2&quot;,&quot;classic_columns_mobile&quot;:&quot;1&quot;,&quot;classic_row_gap&quot;:{&quot;unit&quot;:&quot;px&quot;,&quot;size&quot;:35,&quot;sizes&quot;:[]},&quot;classic_row_gap_tablet&quot;:{&quot;unit&quot;:&quot;px&quot;,&quot;size&quot;:&quot;&quot;,&quot;sizes&quot;:[]},&quot;classic_row_gap_mobile&quot;:{&quot;unit&quot;:&quot;px&quot;,&quot;size&quot;:&quot;&quot;,&quot;sizes&quot;:[]}}\" data-widget_type=\"posts.classic\">\n\t\t\t\t<div class=\"elementor-widget-container\">\n\t\t\t\t\t\t\t<div class=\"elementor-posts-container elementor-posts elementor-posts--skin-classic elementor-grid\" role=\"list\">\n\t\t\t\t<article class=\"elementor-post elementor-grid-item post-73007 post type-post status-publish format-standard has-post-thumbnail hentry category-aurinkoenergia tag-bifaciaalinen-aurinkopaneeli tag-hjt-aurinkopaneeli tag-ibc-aurinkopaneeli\" role=\"listitem\">\n\t\t\t\t<a class=\"elementor-post__thumbnail__link\" href=\"https:\/\/www.maysunsolar.com\/fi\/hjt-vai-ibc-katolle-euroopassa\/\" tabindex=\"-1\" >\n\t\t\t<div class=\"elementor-post__thumbnail\"><img decoding=\"async\" width=\"300\" height=\"97\" src=\"https:\/\/www.maysunsolar.com\/wp-content\/uploads\/2026\/04\/cover-300x97.png\" class=\"attachment-medium size-medium wp-image-72963 not-transparent\" alt=\"When can the bifacial advantage of HJT deliver real returns on European rooftop projects? And when is IBC the better choice?\" data-has-transparency=\"false\" data-dominant-color=\"9e9287\" style=\"--dominant-color: #9e9287\" srcset=\"https:\/\/www.maysunsolar.com\/wp-content\/uploads\/2026\/04\/cover-300x97.png 300w, https:\/\/www.maysunsolar.com\/wp-content\/uploads\/2026\/04\/cover-1024x330.png 1024w, https:\/\/www.maysunsolar.com\/wp-content\/uploads\/2026\/04\/cover-768x248.png 768w, https:\/\/www.maysunsolar.com\/wp-content\/uploads\/2026\/04\/cover-1536x496.png 1536w, https:\/\/www.maysunsolar.com\/wp-content\/uploads\/2026\/04\/cover-24x8.png 24w, https:\/\/www.maysunsolar.com\/wp-content\/uploads\/2026\/04\/cover-36x12.png 36w, https:\/\/www.maysunsolar.com\/wp-content\/uploads\/2026\/04\/cover-48x15.png 48w, https:\/\/www.maysunsolar.com\/wp-content\/uploads\/2026\/04\/cover.png 1587w\" sizes=\"(max-width: 300px) 100vw, 300px\" \/><\/div>\n\t\t<\/a>\n\t\t\t\t<div class=\"elementor-post__text\">\n\t\t\t\t<h3 class=\"elementor-post__title\">\n\t\t\t<a href=\"https:\/\/www.maysunsolar.com\/fi\/hjt-vai-ibc-katolle-euroopassa\/\" >\n\t\t\t\tMilloin HJT:n bifaciaalinen etu tuo todellista hy\u00f6ty\u00e4 Euroopan kattoprojekteissa? Milloin IBC on parempi valinta?\t\t\t<\/a>\n\t\t<\/h3>\n\t\t\t\t<div class=\"elementor-post__meta-data\">\n\t\t\t\t\t<span class=\"elementor-post-date\">\n\t\t\t20 huhtikuun, 2026\t\t<\/span>\n\t\t\t\t<span class=\"elementor-post-avatar\">\n\t\t\tEi kommentteja\t\t<\/span>\n\t\t\t\t<\/div>\n\t\t\t\t<div class=\"elementor-post__excerpt\">\n\t\t\t<p>Milloin HJT-bifaciaalimoduulit tuovat enemm\u00e4n hy\u00f6ty\u00e4 Euroopan kattoprojekteissa, ja milloin IBC-moduuleja kannattaa priorisoida?<\/p>\n\t\t<\/div>\n\t\t\n\t\t<a class=\"elementor-post__read-more\" href=\"https:\/\/www.maysunsolar.com\/fi\/hjt-vai-ibc-katolle-euroopassa\/\" aria-label=\"Read more about Milloin HJT:n bifaciaalinen etu tuo todellista hy\u00f6ty\u00e4 Euroopan kattoprojekteissa? Milloin IBC on parempi valinta?\" tabindex=\"-1\" >\n\t\t\tRead More \u00bb\t\t<\/a>\n\n\t\t\t\t<\/div>\n\t\t\t\t<\/article>\n\t\t\t\t<article class=\"elementor-post elementor-grid-item post-72745 post type-post status-publish format-standard has-post-thumbnail hentry category-aurinkoenergia tag-aurinkopaneelit-yrityksille tag-kattosahkojarjestelma\" role=\"listitem\">\n\t\t\t\t<a class=\"elementor-post__thumbnail__link\" href=\"https:\/\/www.maysunsolar.com\/fi\/paras-aurinkopaneeli-liike-ja-teollisuuskatolle\/\" tabindex=\"-1\" >\n\t\t\t<div class=\"elementor-post__thumbnail\"><img decoding=\"async\" width=\"300\" height=\"97\" src=\"https:\/\/www.maysunsolar.com\/wp-content\/uploads\/2026\/03\/cover-4-300x97.webp\" class=\"attachment-medium size-medium wp-image-72690 not-transparent\" alt=\"Is There a \u201cBest Solar Panel\u201d for Commercial and Industrial Rooftops?\" data-has-transparency=\"false\" data-dominant-color=\"949ca6\" style=\"--dominant-color: #949ca6\" srcset=\"https:\/\/www.maysunsolar.com\/wp-content\/uploads\/2026\/03\/cover-4-300x97.webp 300w, https:\/\/www.maysunsolar.com\/wp-content\/uploads\/2026\/03\/cover-4-1024x331.webp 1024w, https:\/\/www.maysunsolar.com\/wp-content\/uploads\/2026\/03\/cover-4-768x248.webp 768w, https:\/\/www.maysunsolar.com\/wp-content\/uploads\/2026\/03\/cover-4-1536x496.webp 1536w, https:\/\/www.maysunsolar.com\/wp-content\/uploads\/2026\/03\/cover-4-24x8.webp 24w, https:\/\/www.maysunsolar.com\/wp-content\/uploads\/2026\/03\/cover-4-36x12.webp 36w, https:\/\/www.maysunsolar.com\/wp-content\/uploads\/2026\/03\/cover-4-48x16.webp 48w, https:\/\/www.maysunsolar.com\/wp-content\/uploads\/2026\/03\/cover-4.webp 1920w\" sizes=\"(max-width: 300px) 100vw, 300px\" \/><\/div>\n\t\t<\/a>\n\t\t\t\t<div class=\"elementor-post__text\">\n\t\t\t\t<h3 class=\"elementor-post__title\">\n\t\t\t<a href=\"https:\/\/www.maysunsolar.com\/fi\/paras-aurinkopaneeli-liike-ja-teollisuuskatolle\/\" >\n\t\t\t\tOnko liike- ja teollisuuskiinteist\u00f6jen katoille olemassa \u201dparas aurinkopaneeli\u201d?\t\t\t<\/a>\n\t\t<\/h3>\n\t\t\t\t<div class=\"elementor-post__meta-data\">\n\t\t\t\t\t<span class=\"elementor-post-date\">\n\t\t\t23 maaliskuun, 2026\t\t<\/span>\n\t\t\t\t<span class=\"elementor-post-avatar\">\n\t\t\tEi kommentteja\t\t<\/span>\n\t\t\t\t<\/div>\n\t\t\t\t<div class=\"elementor-post__excerpt\">\n\t\t\t<p>Liike- ja teollisuuskiinteist\u00f6jen kattoprojekteihin ei ole yht\u00e4 \u201dparasta aurinkopaneelia\u201d. Paneelien valinta riippuu katon olosuhteista, j\u00e4rjestelm\u00e4n asettelusta ja siit\u00e4, miten moduulien ominaisuudet sopivat kohteeseen.<\/p>\n\t\t<\/div>\n\t\t\n\t\t<a class=\"elementor-post__read-more\" href=\"https:\/\/www.maysunsolar.com\/fi\/paras-aurinkopaneeli-liike-ja-teollisuuskatolle\/\" aria-label=\"Read more about Onko liike- ja teollisuuskiinteist\u00f6jen katoille olemassa \u201dparas aurinkopaneeli\u201d?\" tabindex=\"-1\" >\n\t\t\tRead More \u00bb\t\t<\/a>\n\n\t\t\t\t<\/div>\n\t\t\t\t<\/article>\n\t\t\t\t<article class=\"elementor-post elementor-grid-item post-72380 post type-post status-publish format-standard has-post-thumbnail hentry category-aurinkoenergia tag-iec-61701-4 tag-kaksoislasinen-aurinkopaneeli\" role=\"listitem\">\n\t\t\t\t<a class=\"elementor-post__thumbnail__link\" href=\"https:\/\/www.maysunsolar.com\/fi\/paras-aurinkopaneeli-suolainen-kostea-ymparisto\/\" tabindex=\"-1\" >\n\t\t\t<div class=\"elementor-post__thumbnail\"><img decoding=\"async\" width=\"300\" height=\"97\" src=\"https:\/\/www.maysunsolar.com\/wp-content\/uploads\/2026\/02\/cover-2-300x97.webp\" class=\"attachment-medium size-medium wp-image-72237 not-transparent\" alt=\"Is There a \u201cBest\u201d Solar Panel for Salt Mist and High-Humidity Environments?\" data-has-transparency=\"false\" data-dominant-color=\"537584\" style=\"--dominant-color: #537584\" srcset=\"https:\/\/www.maysunsolar.com\/wp-content\/uploads\/2026\/02\/cover-2-300x97.webp 300w, https:\/\/www.maysunsolar.com\/wp-content\/uploads\/2026\/02\/cover-2-1024x331.webp 1024w, https:\/\/www.maysunsolar.com\/wp-content\/uploads\/2026\/02\/cover-2-768x248.webp 768w, https:\/\/www.maysunsolar.com\/wp-content\/uploads\/2026\/02\/cover-2-1536x496.webp 1536w, https:\/\/www.maysunsolar.com\/wp-content\/uploads\/2026\/02\/cover-2-24x8.webp 24w, https:\/\/www.maysunsolar.com\/wp-content\/uploads\/2026\/02\/cover-2-36x12.webp 36w, https:\/\/www.maysunsolar.com\/wp-content\/uploads\/2026\/02\/cover-2-48x16.webp 48w, https:\/\/www.maysunsolar.com\/wp-content\/uploads\/2026\/02\/cover-2.webp 1920w\" sizes=\"(max-width: 300px) 100vw, 300px\" \/><\/div>\n\t\t<\/a>\n\t\t\t\t<div class=\"elementor-post__text\">\n\t\t\t\t<h3 class=\"elementor-post__title\">\n\t\t\t<a href=\"https:\/\/www.maysunsolar.com\/fi\/paras-aurinkopaneeli-suolainen-kostea-ymparisto\/\" >\n\t\t\t\tOnko olemassa \u201cparas aurinkopaneeli\u201d suolasumun ja korkean kosteuden ymp\u00e4rist\u00f6iss\u00e4?\t\t\t<\/a>\n\t\t<\/h3>\n\t\t\t\t<div class=\"elementor-post__meta-data\">\n\t\t\t\t\t<span class=\"elementor-post-date\">\n\t\t\t9 helmikuun, 2026\t\t<\/span>\n\t\t\t\t<span class=\"elementor-post-avatar\">\n\t\t\tEi kommentteja\t\t<\/span>\n\t\t\t\t<\/div>\n\t\t\t\t<div class=\"elementor-post__excerpt\">\n\t\t\t<p>T\u00e4m\u00e4 artikkeli keskittyy aurinkopaneelien valintaan suolasumun ja korkean kosteuden ymp\u00e4rist\u00f6iss\u00e4, analysoi IEC 61701 -standardin soveltamisrajoja ja k\u00e4sittelee kaksoislasisten aurinkopaneelien rakenteellista arviointilogiikkaa.<\/p>\n\t\t<\/div>\n\t\t\n\t\t<a class=\"elementor-post__read-more\" href=\"https:\/\/www.maysunsolar.com\/fi\/paras-aurinkopaneeli-suolainen-kostea-ymparisto\/\" aria-label=\"Read more about Onko olemassa \u201cparas aurinkopaneeli\u201d suolasumun ja korkean kosteuden ymp\u00e4rist\u00f6iss\u00e4?\" tabindex=\"-1\" >\n\t\t\tRead More \u00bb\t\t<\/a>\n\n\t\t\t\t<\/div>\n\t\t\t\t<\/article>\n\t\t\t\t<article class=\"elementor-post elementor-grid-item post-71939 post type-post status-publish format-standard has-post-thumbnail hentry category-aurinkoenergia\" role=\"listitem\">\n\t\t\t\t<a class=\"elementor-post__thumbnail__link\" href=\"https:\/\/www.maysunsolar.com\/fi\/miksi-ei-ole-parasta-aurinkopaneelia-topcon-hjt-ibc\/\" tabindex=\"-1\" >\n\t\t\t<div class=\"elementor-post__thumbnail\"><img loading=\"lazy\" decoding=\"async\" width=\"300\" height=\"97\" src=\"https:\/\/www.maysunsolar.com\/wp-content\/uploads\/2026\/01\/cover-1-300x97.webp\" class=\"attachment-medium size-medium wp-image-71876 not-transparent\" alt=\"Why \u201cthe best solar panel\u201d is a false premise: a return-based view of TOPCon, HJT and IBC\" data-has-transparency=\"false\" data-dominant-color=\"86858d\" style=\"--dominant-color: #86858d\" srcset=\"https:\/\/www.maysunsolar.com\/wp-content\/uploads\/2026\/01\/cover-1-300x97.webp 300w, https:\/\/www.maysunsolar.com\/wp-content\/uploads\/2026\/01\/cover-1-1024x331.webp 1024w, https:\/\/www.maysunsolar.com\/wp-content\/uploads\/2026\/01\/cover-1-768x248.webp 768w, https:\/\/www.maysunsolar.com\/wp-content\/uploads\/2026\/01\/cover-1-1536x496.webp 1536w, https:\/\/www.maysunsolar.com\/wp-content\/uploads\/2026\/01\/cover-1-24x8.webp 24w, https:\/\/www.maysunsolar.com\/wp-content\/uploads\/2026\/01\/cover-1-36x12.webp 36w, https:\/\/www.maysunsolar.com\/wp-content\/uploads\/2026\/01\/cover-1-48x16.webp 48w, https:\/\/www.maysunsolar.com\/wp-content\/uploads\/2026\/01\/cover-1.webp 1920w\" sizes=\"(max-width: 300px) 100vw, 300px\" \/><\/div>\n\t\t<\/a>\n\t\t\t\t<div class=\"elementor-post__text\">\n\t\t\t\t<h3 class=\"elementor-post__title\">\n\t\t\t<a href=\"https:\/\/www.maysunsolar.com\/fi\/miksi-ei-ole-parasta-aurinkopaneelia-topcon-hjt-ibc\/\" >\n\t\t\t\tMiksi \u201cparas aurinkopaneeli\u201d on harhaanjohtava kysymys?\t\t\t<\/a>\n\t\t<\/h3>\n\t\t\t\t<div class=\"elementor-post__meta-data\">\n\t\t\t\t\t<span class=\"elementor-post-date\">\n\t\t\t12 tammikuun, 2026\t\t<\/span>\n\t\t\t\t<span class=\"elementor-post-avatar\">\n\t\t\tEi kommentteja\t\t<\/span>\n\t\t\t\t<\/div>\n\t\t\t\t<div class=\"elementor-post__excerpt\">\n\t\t\t<p>T\u00e4ss\u00e4 artikkelissa tarkastellaan aurinkopaneelien valintaa tuoton n\u00e4k\u00f6kulmasta, pohditaan onko olemassa paras aurinkopaneeli ja analysoidaan eri teknologioiden soveltuvuuden rajoja todellisissa k\u00e4ytt\u00f6olosuhteissa.<\/p>\n\t\t<\/div>\n\t\t\n\t\t<a class=\"elementor-post__read-more\" href=\"https:\/\/www.maysunsolar.com\/fi\/miksi-ei-ole-parasta-aurinkopaneelia-topcon-hjt-ibc\/\" aria-label=\"Read more about Miksi \u201cparas aurinkopaneeli\u201d on harhaanjohtava kysymys?\" tabindex=\"-1\" >\n\t\t\tRead More \u00bb\t\t<\/a>\n\n\t\t\t\t<\/div>\n\t\t\t\t<\/article>\n\t\t\t\t<article class=\"elementor-post elementor-grid-item post-71526 post type-post status-publish format-standard has-post-thumbnail hentry category-aurinkoenergia tag-aurinkopaneelin-valmistus tag-pv-moduulin-laatu tag-topcon-hjt-ibc-2\" role=\"listitem\">\n\t\t\t\t<a class=\"elementor-post__thumbnail__link\" href=\"https:\/\/www.maysunsolar.com\/fi\/aurinkopaneelin-valmistusprosessi-ja-laatu\/\" tabindex=\"-1\" >\n\t\t\t<div class=\"elementor-post__thumbnail\"><img loading=\"lazy\" decoding=\"async\" width=\"300\" height=\"97\" src=\"https:\/\/www.maysunsolar.com\/wp-content\/uploads\/2025\/12\/cover-2-300x97.webp\" class=\"attachment-medium size-medium wp-image-71460 not-transparent\" alt=\"How Are Solar Panels Manufactured? Processes&amp;production\" data-has-transparency=\"false\" data-dominant-color=\"79353f\" style=\"--dominant-color: #79353f\" srcset=\"https:\/\/www.maysunsolar.com\/wp-content\/uploads\/2025\/12\/cover-2-300x97.webp 300w, https:\/\/www.maysunsolar.com\/wp-content\/uploads\/2025\/12\/cover-2-1024x331.webp 1024w, https:\/\/www.maysunsolar.com\/wp-content\/uploads\/2025\/12\/cover-2-768x248.webp 768w, https:\/\/www.maysunsolar.com\/wp-content\/uploads\/2025\/12\/cover-2-1536x496.webp 1536w, https:\/\/www.maysunsolar.com\/wp-content\/uploads\/2025\/12\/cover-2-24x8.webp 24w, https:\/\/www.maysunsolar.com\/wp-content\/uploads\/2025\/12\/cover-2-36x12.webp 36w, https:\/\/www.maysunsolar.com\/wp-content\/uploads\/2025\/12\/cover-2-48x16.webp 48w, https:\/\/www.maysunsolar.com\/wp-content\/uploads\/2025\/12\/cover-2.webp 1920w\" sizes=\"(max-width: 300px) 100vw, 300px\" \/><\/div>\n\t\t<\/a>\n\t\t\t\t<div class=\"elementor-post__text\">\n\t\t\t\t<h3 class=\"elementor-post__title\">\n\t\t\t<a href=\"https:\/\/www.maysunsolar.com\/fi\/aurinkopaneelin-valmistusprosessi-ja-laatu\/\" >\n\t\t\t\tMiten aurinkopaneelit valmistetaan?\t\t\t<\/a>\n\t\t<\/h3>\n\t\t\t\t<div class=\"elementor-post__meta-data\">\n\t\t\t\t\t<span class=\"elementor-post-date\">\n\t\t\t9 joulukuun, 2025\t\t<\/span>\n\t\t\t\t<span class=\"elementor-post-avatar\">\n\t\t\tEi kommentteja\t\t<\/span>\n\t\t\t\t<\/div>\n\t\t\t\t<div class=\"elementor-post__excerpt\">\n\t\t\t<p>Aurinkos\u00e4hk\u00f6moduulin valmistusprosessi m\u00e4\u00e4ritt\u00e4\u00e4 sen pitk\u00e4aikaisen suorituskyvyn ja luotettavuuden. Materiaalirakenteen, kennoteknologian, laminointiprosessin ja testausj\u00e4rjestelmien kautta voidaan arvioida toimittajan luotettavuutta.<\/p>\n\t\t<\/div>\n\t\t\n\t\t<a class=\"elementor-post__read-more\" href=\"https:\/\/www.maysunsolar.com\/fi\/aurinkopaneelin-valmistusprosessi-ja-laatu\/\" aria-label=\"Read more about Miten aurinkopaneelit valmistetaan?\" tabindex=\"-1\" >\n\t\t\tRead More \u00bb\t\t<\/a>\n\n\t\t\t\t<\/div>\n\t\t\t\t<\/article>\n\t\t\t\t<article class=\"elementor-post elementor-grid-item post-71212 post type-post status-publish format-standard has-post-thumbnail hentry category-uncategorized-fi\" role=\"listitem\">\n\t\t\t\t<a class=\"elementor-post__thumbnail__link\" href=\"https:\/\/www.maysunsolar.com\/fi\/aurinkomoduulit-ruutukuvio-takaisinmaksuaika\/\" tabindex=\"-1\" >\n\t\t\t<div class=\"elementor-post__thumbnail\"><img loading=\"lazy\" decoding=\"async\" width=\"300\" height=\"97\" src=\"https:\/\/www.maysunsolar.com\/wp-content\/uploads\/2025\/11\/cover-300x97.webp\" class=\"attachment-medium size-medium wp-image-71146 not-transparent\" alt=\"Do different solar module grid designs really affect solar ROI?\" data-has-transparency=\"false\" data-dominant-color=\"636e80\" style=\"--dominant-color: #636e80\" srcset=\"https:\/\/www.maysunsolar.com\/wp-content\/uploads\/2025\/11\/cover-300x97.webp 300w, https:\/\/www.maysunsolar.com\/wp-content\/uploads\/2025\/11\/cover-1024x331.webp 1024w, https:\/\/www.maysunsolar.com\/wp-content\/uploads\/2025\/11\/cover-768x248.webp 768w, https:\/\/www.maysunsolar.com\/wp-content\/uploads\/2025\/11\/cover-1536x496.webp 1536w, https:\/\/www.maysunsolar.com\/wp-content\/uploads\/2025\/11\/cover-24x8.webp 24w, https:\/\/www.maysunsolar.com\/wp-content\/uploads\/2025\/11\/cover-36x12.webp 36w, https:\/\/www.maysunsolar.com\/wp-content\/uploads\/2025\/11\/cover-48x16.webp 48w, https:\/\/www.maysunsolar.com\/wp-content\/uploads\/2025\/11\/cover.webp 1920w\" sizes=\"(max-width: 300px) 100vw, 300px\" \/><\/div>\n\t\t<\/a>\n\t\t\t\t<div class=\"elementor-post__text\">\n\t\t\t\t<h3 class=\"elementor-post__title\">\n\t\t\t<a href=\"https:\/\/www.maysunsolar.com\/fi\/aurinkomoduulit-ruutukuvio-takaisinmaksuaika\/\" >\n\t\t\t\tEri ruutukuvioilla varustetut aurinkomoduulit \u2013 vaikuttavatko ne todella takaisinmaksuaikaan?\t\t\t<\/a>\n\t\t<\/h3>\n\t\t\t\t<div class=\"elementor-post__meta-data\">\n\t\t\t\t\t<span class=\"elementor-post-date\">\n\t\t\t11 marraskuun, 2025\t\t<\/span>\n\t\t\t\t<span class=\"elementor-post-avatar\">\n\t\t\tEi kommentteja\t\t<\/span>\n\t\t\t\t<\/div>\n\t\t\t\t<div class=\"elementor-post__excerpt\">\n\t\t\t<p>Saman teholuokan aurinkomoduuleissa takaisinmaksuaika voi erota jopa 6\u201310 kuukautta. L\u00e4mp\u00f6tilanhallinta, varjostus ja kattorakenne \u2013 syv\u00e4analyysi ROI:hin vaikuttavista tekij\u00f6ist\u00e4.<\/p>\n\t\t<\/div>\n\t\t\n\t\t<a class=\"elementor-post__read-more\" href=\"https:\/\/www.maysunsolar.com\/fi\/aurinkomoduulit-ruutukuvio-takaisinmaksuaika\/\" aria-label=\"Read more about Eri ruutukuvioilla varustetut aurinkomoduulit \u2013 vaikuttavatko ne todella takaisinmaksuaikaan?\" tabindex=\"-1\" >\n\t\t\tRead More \u00bb\t\t<\/a>\n\n\t\t\t\t<\/div>\n\t\t\t\t<\/article>\n\t\t\t\t<\/div>\n\t\t\n\t\t\t\t\t\t<\/div>\n\t\t\t\t<\/div>\n\t\t\t\t\t<\/div>\n\t\t<\/div>\n\t\t\t\t\t<\/div>\n\t\t<\/section>\n\t\t\t\t<\/div>\n\t\t","protected":false},"excerpt":{"rendered":"","protected":false},"author":1,"featured_media":0,"parent":0,"menu_order":0,"comment_status":"closed","ping_status":"closed","template":"","meta":{"_uag_custom_page_level_css":"","footnotes":""},"class_list":["post-66576","page","type-page","status-publish","hentry"],"yoast_head":"<!-- This site is optimized with the Yoast SEO plugin v27.4 - https:\/\/yoast.com\/product\/yoast-seo-wordpress\/ -->\n<title>Blogin luokat - Professional Distributed PV Module Manufacturer<\/title>\n<meta name=\"robots\" content=\"index, follow, max-snippet:-1, max-image-preview:large, max-video-preview:-1\" \/>\n<link rel=\"canonical\" href=\"https:\/\/www.maysunsolar.com\/fi\/blogin-luokat\/\" \/>\n<meta property=\"og:locale\" content=\"fi_FI\" \/>\n<meta property=\"og:type\" content=\"article\" \/>\n<meta property=\"og:title\" content=\"Blogin luokat - Professional Distributed PV Module Manufacturer\" \/>\n<meta property=\"og:url\" content=\"https:\/\/www.maysunsolar.com\/fi\/blogin-luokat\/\" \/>\n<meta property=\"og:site_name\" content=\"Professional Distributed PV Module Manufacturer\" \/>\n<meta property=\"article:modified_time\" content=\"2025-09-17T03:51:26+00:00\" \/>\n<meta name=\"twitter:card\" content=\"summary_large_image\" \/>\n<meta name=\"twitter:label1\" content=\"Arvioitu lukuaika\" \/>\n\t<meta name=\"twitter:data1\" content=\"1 minuutti\" \/>\n<script type=\"application\/ld+json\" class=\"yoast-schema-graph\">{\"@context\":\"https:\\\/\\\/schema.org\",\"@graph\":[{\"@type\":\"WebPage\",\"@id\":\"https:\\\/\\\/www.maysunsolar.com\\\/fi\\\/blogin-luokat\\\/\",\"url\":\"https:\\\/\\\/www.maysunsolar.com\\\/fi\\\/blogin-luokat\\\/\",\"name\":\"Blogin luokat - Professional Distributed PV Module Manufacturer\",\"isPartOf\":{\"@id\":\"https:\\\/\\\/www.maysunsolar.com\\\/fi\\\/#website\"},\"datePublished\":\"2022-09-02T01:50:45+00:00\",\"dateModified\":\"2025-09-17T03:51:26+00:00\",\"breadcrumb\":{\"@id\":\"https:\\\/\\\/www.maysunsolar.com\\\/fi\\\/blogin-luokat\\\/#breadcrumb\"},\"inLanguage\":\"fi\",\"potentialAction\":[{\"@type\":\"ReadAction\",\"target\":[\"https:\\\/\\\/www.maysunsolar.com\\\/fi\\\/blogin-luokat\\\/\"]}]},{\"@type\":\"BreadcrumbList\",\"@id\":\"https:\\\/\\\/www.maysunsolar.com\\\/fi\\\/blogin-luokat\\\/#breadcrumb\",\"itemListElement\":[{\"@type\":\"ListItem\",\"position\":1,\"name\":\"Home\",\"item\":\"https:\\\/\\\/www.maysunsolar.com\\\/fi\\\/\"},{\"@type\":\"ListItem\",\"position\":2,\"name\":\"Blogin luokat\"}]},{\"@type\":\"WebSite\",\"@id\":\"https:\\\/\\\/www.maysunsolar.com\\\/fi\\\/#website\",\"url\":\"https:\\\/\\\/www.maysunsolar.com\\\/fi\\\/\",\"name\":\"Professional Photovoltaic Panel Manufacturer\",\"description\":\"\",\"publisher\":{\"@id\":\"https:\\\/\\\/www.maysunsolar.com\\\/fi\\\/#organization\"},\"potentialAction\":[{\"@type\":\"SearchAction\",\"target\":{\"@type\":\"EntryPoint\",\"urlTemplate\":\"https:\\\/\\\/www.maysunsolar.com\\\/fi\\\/?s={search_term_string}\"},\"query-input\":{\"@type\":\"PropertyValueSpecification\",\"valueRequired\":true,\"valueName\":\"search_term_string\"}}],\"inLanguage\":\"fi\"},{\"@type\":\"Organization\",\"@id\":\"https:\\\/\\\/www.maysunsolar.com\\\/fi\\\/#organization\",\"name\":\"Maysun Solar\",\"url\":\"https:\\\/\\\/www.maysunsolar.com\\\/fi\\\/\",\"logo\":{\"@type\":\"ImageObject\",\"inLanguage\":\"fi\",\"@id\":\"https:\\\/\\\/www.maysunsolar.com\\\/fi\\\/#\\\/schema\\\/logo\\\/image\\\/\",\"url\":\"https:\\\/\\\/www.maysunsolar.com\\\/wp-content\\\/uploads\\\/2023\\\/12\\\/\u516c\u53f8logo\u900f\u660e\u5e95\u7f51\u7ad9\u5c0f\u5934\u50cf.png\",\"contentUrl\":\"https:\\\/\\\/www.maysunsolar.com\\\/wp-content\\\/uploads\\\/2023\\\/12\\\/\u516c\u53f8logo\u900f\u660e\u5e95\u7f51\u7ad9\u5c0f\u5934\u50cf.png\",\"width\":200,\"height\":200,\"caption\":\"Maysun Solar\"},\"image\":{\"@id\":\"https:\\\/\\\/www.maysunsolar.com\\\/fi\\\/#\\\/schema\\\/logo\\\/image\\\/\"}}]}<\/script>\n<!-- \/ Yoast SEO plugin. -->","yoast_head_json":{"title":"Blogin luokat - Professional Distributed PV Module Manufacturer","robots":{"index":"index","follow":"follow","max-snippet":"max-snippet:-1","max-image-preview":"max-image-preview:large","max-video-preview":"max-video-preview:-1"},"canonical":"https:\/\/www.maysunsolar.com\/fi\/blogin-luokat\/","og_locale":"fi_FI","og_type":"article","og_title":"Blogin luokat - Professional Distributed PV Module Manufacturer","og_url":"https:\/\/www.maysunsolar.com\/fi\/blogin-luokat\/","og_site_name":"Professional Distributed PV Module Manufacturer","article_modified_time":"2025-09-17T03:51:26+00:00","twitter_card":"summary_large_image","twitter_misc":{"Arvioitu lukuaika":"1 minuutti"},"schema":{"@context":"https:\/\/schema.org","@graph":[{"@type":"WebPage","@id":"https:\/\/www.maysunsolar.com\/fi\/blogin-luokat\/","url":"https:\/\/www.maysunsolar.com\/fi\/blogin-luokat\/","name":"Blogin luokat - Professional Distributed PV Module Manufacturer","isPartOf":{"@id":"https:\/\/www.maysunsolar.com\/fi\/#website"},"datePublished":"2022-09-02T01:50:45+00:00","dateModified":"2025-09-17T03:51:26+00:00","breadcrumb":{"@id":"https:\/\/www.maysunsolar.com\/fi\/blogin-luokat\/#breadcrumb"},"inLanguage":"fi","potentialAction":[{"@type":"ReadAction","target":["https:\/\/www.maysunsolar.com\/fi\/blogin-luokat\/"]}]},{"@type":"BreadcrumbList","@id":"https:\/\/www.maysunsolar.com\/fi\/blogin-luokat\/#breadcrumb","itemListElement":[{"@type":"ListItem","position":1,"name":"Home","item":"https:\/\/www.maysunsolar.com\/fi\/"},{"@type":"ListItem","position":2,"name":"Blogin luokat"}]},{"@type":"WebSite","@id":"https:\/\/www.maysunsolar.com\/fi\/#website","url":"https:\/\/www.maysunsolar.com\/fi\/","name":"Professional Photovoltaic Panel Manufacturer","description":"","publisher":{"@id":"https:\/\/www.maysunsolar.com\/fi\/#organization"},"potentialAction":[{"@type":"SearchAction","target":{"@type":"EntryPoint","urlTemplate":"https:\/\/www.maysunsolar.com\/fi\/?s={search_term_string}"},"query-input":{"@type":"PropertyValueSpecification","valueRequired":true,"valueName":"search_term_string"}}],"inLanguage":"fi"},{"@type":"Organization","@id":"https:\/\/www.maysunsolar.com\/fi\/#organization","name":"Maysun Solar","url":"https:\/\/www.maysunsolar.com\/fi\/","logo":{"@type":"ImageObject","inLanguage":"fi","@id":"https:\/\/www.maysunsolar.com\/fi\/#\/schema\/logo\/image\/","url":"https:\/\/www.maysunsolar.com\/wp-content\/uploads\/2023\/12\/\u516c\u53f8logo\u900f\u660e\u5e95\u7f51\u7ad9\u5c0f\u5934\u50cf.png","contentUrl":"https:\/\/www.maysunsolar.com\/wp-content\/uploads\/2023\/12\/\u516c\u53f8logo\u900f\u660e\u5e95\u7f51\u7ad9\u5c0f\u5934\u50cf.png","width":200,"height":200,"caption":"Maysun Solar"},"image":{"@id":"https:\/\/www.maysunsolar.com\/fi\/#\/schema\/logo\/image\/"}}]}},"uagb_featured_image_src":{"full":false,"thumbnail":false,"medium":false,"medium_large":false,"large":false,"1536x1536":false,"2048x2048":false,"menu-24x24":false,"menu-36x36":false,"menu-48x48":false},"uagb_author_info":{"display_name":"Brian","author_link":"https:\/\/www.maysunsolar.com\/fi\/author\/brian\/"},"uagb_comment_info":0,"uagb_excerpt":null,"_links":{"self":[{"href":"https:\/\/www.maysunsolar.com\/fi\/wp-json\/wp\/v2\/pages\/66576","targetHints":{"allow":["GET"]}}],"collection":[{"href":"https:\/\/www.maysunsolar.com\/fi\/wp-json\/wp\/v2\/pages"}],"about":[{"href":"https:\/\/www.maysunsolar.com\/fi\/wp-json\/wp\/v2\/types\/page"}],"author":[{"embeddable":true,"href":"https:\/\/www.maysunsolar.com\/fi\/wp-json\/wp\/v2\/users\/1"}],"replies":[{"embeddable":true,"href":"https:\/\/www.maysunsolar.com\/fi\/wp-json\/wp\/v2\/comments?post=66576"}],"version-history":[{"count":4,"href":"https:\/\/www.maysunsolar.com\/fi\/wp-json\/wp\/v2\/pages\/66576\/revisions"}],"predecessor-version":[{"id":69984,"href":"https:\/\/www.maysunsolar.com\/fi\/wp-json\/wp\/v2\/pages\/66576\/revisions\/69984"}],"wp:attachment":[{"href":"https:\/\/www.maysunsolar.com\/fi\/wp-json\/wp\/v2\/media?parent=66576"}],"curies":[{"name":"wp","href":"https:\/\/api.w.org\/{rel}","templated":true}]}}