{"id":66960,"date":"2023-06-28T15:15:53","date_gmt":"2023-06-28T07:15:53","guid":{"rendered":"https:\/\/www.maysunsolar.com\/youtube-arvostelu\/"},"modified":"2025-08-12T16:35:36","modified_gmt":"2025-08-12T08:35:36","slug":"youtube-arvostelu","status":"publish","type":"page","link":"https:\/\/www.maysunsolar.com\/fi\/youtube-arvostelu\/","title":{"rendered":"YouTube-arvostelu"},"content":{"rendered":"\t\t<div data-elementor-type=\"wp-page\" data-elementor-id=\"66960\" class=\"elementor elementor-66960 elementor-10210\" data-elementor-post-type=\"page\">\n\t\t\t\t\t\t<section class=\"elementor-section elementor-top-section elementor-element elementor-element-39f261d elementor-section-boxed elementor-section-height-default elementor-section-height-default\" data-id=\"39f261d\" data-element_type=\"section\" data-e-type=\"section\">\n\t\t\t\t\t\t<div class=\"elementor-container elementor-column-gap-default\">\n\t\t\t\t\t<div class=\"elementor-column elementor-col-100 elementor-top-column elementor-element elementor-element-586bd2a\" data-id=\"586bd2a\" data-element_type=\"column\" data-e-type=\"column\">\n\t\t\t<div class=\"elementor-widget-wrap elementor-element-populated\">\n\t\t\t\t\t\t<div class=\"elementor-element elementor-element-6c5e589 elementor-widget elementor-widget-spacer\" data-id=\"6c5e589\" data-element_type=\"widget\" data-e-type=\"widget\" data-widget_type=\"spacer.default\">\n\t\t\t\t<div class=\"elementor-widget-container\">\n\t\t\t\t\t\t\t<div class=\"elementor-spacer\">\n\t\t\t<div class=\"elementor-spacer-inner\"><\/div>\n\t\t<\/div>\n\t\t\t\t\t\t<\/div>\n\t\t\t\t<\/div>\n\t\t\t\t<div class=\"elementor-element elementor-element-54913a4 elementor-widget elementor-widget-heading\" data-id=\"54913a4\" data-element_type=\"widget\" data-e-type=\"widget\" data-widget_type=\"heading.default\">\n\t\t\t\t<div class=\"elementor-widget-container\">\n\t\t\t\t\t<h1 class=\"elementor-heading-title elementor-size-default\">YouTube-arvostelu<\/h1>\t\t\t\t<\/div>\n\t\t\t\t<\/div>\n\t\t\t\t<div class=\"elementor-element elementor-element-3165c3c elementor-widget elementor-widget-video\" data-id=\"3165c3c\" data-element_type=\"widget\" data-e-type=\"widget\" data-settings=\"{&quot;youtube_url&quot;:&quot;https:\\\/\\\/www.youtube.com\\\/watch?v=-EPbz1KxVk8&amp;t=625s&quot;,&quot;video_type&quot;:&quot;youtube&quot;,&quot;controls&quot;:&quot;yes&quot;}\" data-widget_type=\"video.default\">\n\t\t\t\t<div class=\"elementor-widget-container\">\n\t\t\t\t\t\t\t<div class=\"elementor-wrapper elementor-open-inline\">\n\t\t\t<div class=\"elementor-video\"><\/div>\t\t<\/div>\n\t\t\t\t\t\t<\/div>\n\t\t\t\t<\/div>\n\t\t\t\t\t<\/div>\n\t\t<\/div>\n\t\t\t\t\t<\/div>\n\t\t<\/section>\n\t\t\t\t<section class=\"elementor-section elementor-top-section elementor-element elementor-element-1923c30 elementor-section-boxed elementor-section-height-default elementor-section-height-default\" data-id=\"1923c30\" data-element_type=\"section\" data-e-type=\"section\">\n\t\t\t\t\t\t<div class=\"elementor-container elementor-column-gap-default\">\n\t\t\t\t\t<div class=\"elementor-column elementor-col-100 elementor-top-column elementor-element elementor-element-79ce4c9\" data-id=\"79ce4c9\" data-element_type=\"column\" data-e-type=\"column\">\n\t\t\t<div class=\"elementor-widget-wrap elementor-element-populated\">\n\t\t\t\t\t\t<div class=\"elementor-element elementor-element-33bd689 elementor-widget elementor-widget-text-editor\" data-id=\"33bd689\" data-element_type=\"widget\" data-e-type=\"widget\" data-widget_type=\"text-editor.default\">\n\t\t\t\t<div class=\"elementor-widget-container\">\n\t\t\t\t\t\t\t\t\t<div class=\"elementor-element elementor-element-42817e46 elementor-widget elementor-widget-heading\" data-id=\"42817e46\" data-element_type=\"widget\" data-widget_type=\"heading.default\"><div class=\"elementor-widget-container\"><h4><a href=\"https:\/\/www.maysunsolar.com\/390-410w-dual-glass-black-frame-pv-module\/\" target=\"_blank\" rel=\"noopener\">TwiSun musta kehys <\/a><a href=\"https:\/\/www.maysunsolar.com\/390-410w-dual-glass-black-frame-pv-module\/\" target=\"_blank\" rel=\"noopener\">390-410W Double Glass Musta kehys PV-moduuli<\/a><\/h4><\/div><\/div>\t\t\t\t\t\t\t\t<\/div>\n\t\t\t\t<\/div>\n\t\t\t\t\t<\/div>\n\t\t<\/div>\n\t\t\t\t\t<\/div>\n\t\t<\/section>\n\t\t\t\t<section class=\"elementor-section elementor-top-section elementor-element elementor-element-3b5eb9b elementor-section-boxed elementor-section-height-default elementor-section-height-default\" data-id=\"3b5eb9b\" data-element_type=\"section\" data-e-type=\"section\">\n\t\t\t\t\t\t<div class=\"elementor-container elementor-column-gap-default\">\n\t\t\t\t\t<div class=\"elementor-column elementor-col-100 elementor-top-column elementor-element elementor-element-ce12517\" data-id=\"ce12517\" data-element_type=\"column\" data-e-type=\"column\">\n\t\t\t<div class=\"elementor-widget-wrap elementor-element-populated\">\n\t\t\t\t\t\t<div class=\"elementor-element elementor-element-ad1a874 elementor-widget elementor-widget-video\" data-id=\"ad1a874\" data-element_type=\"widget\" data-e-type=\"widget\" data-settings=\"{&quot;youtube_url&quot;:&quot;https:\\\/\\\/youtu.be\\\/y4sOUrjHPV4&quot;,&quot;video_type&quot;:&quot;youtube&quot;,&quot;controls&quot;:&quot;yes&quot;}\" data-widget_type=\"video.default\">\n\t\t\t\t<div class=\"elementor-widget-container\">\n\t\t\t\t\t\t\t<div class=\"elementor-wrapper elementor-open-inline\">\n\t\t\t<div class=\"elementor-video\"><\/div>\t\t<\/div>\n\t\t\t\t\t\t<\/div>\n\t\t\t\t<\/div>\n\t\t\t\t\t<\/div>\n\t\t<\/div>\n\t\t\t\t\t<\/div>\n\t\t<\/section>\n\t\t\t\t<section class=\"elementor-section elementor-top-section elementor-element elementor-element-853e3f5 elementor-section-boxed elementor-section-height-default elementor-section-height-default\" data-id=\"853e3f5\" data-element_type=\"section\" data-e-type=\"section\">\n\t\t\t\t\t\t<div class=\"elementor-container elementor-column-gap-default\">\n\t\t\t\t\t<div class=\"elementor-column elementor-col-100 elementor-top-column elementor-element elementor-element-b75d5ba\" data-id=\"b75d5ba\" data-element_type=\"column\" data-e-type=\"column\">\n\t\t\t<div class=\"elementor-widget-wrap elementor-element-populated\">\n\t\t\t\t\t\t<div class=\"elementor-element elementor-element-0cb9a88 elementor-widget elementor-widget-text-editor\" data-id=\"0cb9a88\" data-element_type=\"widget\" data-e-type=\"widget\" data-widget_type=\"text-editor.default\">\n\t\t\t\t<div class=\"elementor-widget-container\">\n\t\t\t\t\t\t\t\t\t<div class=\"elementor-element elementor-element-42817e46 elementor-widget elementor-widget-heading\" data-id=\"42817e46\" data-element_type=\"widget\" data-widget_type=\"heading.default\"><div class=\"elementor-widget-container\"><div class=\"elementor-element elementor-element-5c30da4f elementor-widget elementor-widget-heading\" data-id=\"5c30da4f\" data-element_type=\"widget\" data-widget_type=\"heading.default\"><div class=\"elementor-widget-container\"><h4 class=\"elementor-heading-title elementor-size-default\"><a href=\"https:\/\/www.maysunsolar.com\/m6-360w-380w-full-black-pv-module\/\" target=\"_blank\" rel=\"noopener\">166MM Mono aurinkomoduuli 360W-380W Full Black PV-moduuli<\/a><\/h4><\/div><\/div><\/div><\/div>\t\t\t\t\t\t\t\t<\/div>\n\t\t\t\t<\/div>\n\t\t\t\t\t<\/div>\n\t\t<\/div>\n\t\t\t\t\t<\/div>\n\t\t<\/section>\n\t\t\t\t<section class=\"elementor-section elementor-top-section elementor-element elementor-element-1223123 elementor-section-boxed elementor-section-height-default elementor-section-height-default\" data-id=\"1223123\" data-element_type=\"section\" data-e-type=\"section\">\n\t\t\t\t\t\t<div class=\"elementor-container elementor-column-gap-default\">\n\t\t\t\t\t<div class=\"elementor-column elementor-col-100 elementor-top-column elementor-element elementor-element-f5953d1\" data-id=\"f5953d1\" data-element_type=\"column\" data-e-type=\"column\">\n\t\t\t<div class=\"elementor-widget-wrap elementor-element-populated\">\n\t\t\t\t\t\t<div class=\"elementor-element elementor-element-0c2dca9 elementor-widget elementor-widget-video\" data-id=\"0c2dca9\" data-element_type=\"widget\" data-e-type=\"widget\" data-settings=\"{&quot;youtube_url&quot;:&quot;https:\\\/\\\/www.youtube.com\\\/watch?v=eVREPvLLm1s&amp;t=89s&quot;,&quot;video_type&quot;:&quot;youtube&quot;,&quot;controls&quot;:&quot;yes&quot;}\" data-widget_type=\"video.default\">\n\t\t\t\t<div class=\"elementor-widget-container\">\n\t\t\t\t\t\t\t<div class=\"elementor-wrapper elementor-open-inline\">\n\t\t\t<div class=\"elementor-video\"><\/div>\t\t<\/div>\n\t\t\t\t\t\t<\/div>\n\t\t\t\t<\/div>\n\t\t\t\t<div class=\"elementor-element elementor-element-3fb3071 elementor-widget elementor-widget-text-editor\" data-id=\"3fb3071\" data-element_type=\"widget\" data-e-type=\"widget\" data-widget_type=\"text-editor.default\">\n\t\t\t\t<div class=\"elementor-widget-container\">\n\t\t\t\t\t\t\t\t\t<div class=\"elementor-element elementor-element-42817e46 elementor-widget elementor-widget-heading\" data-id=\"42817e46\" data-element_type=\"widget\" data-widget_type=\"heading.default\"><div class=\"elementor-widget-container\"><div class=\"elementor-element elementor-element-5c30da4f elementor-widget elementor-widget-heading\" data-id=\"5c30da4f\" data-element_type=\"widget\" data-widget_type=\"heading.default\"><div class=\"elementor-widget-container\"><div class=\"elementor-element elementor-element-42817e46 elementor-widget elementor-widget-heading\" data-id=\"42817e46\" data-element_type=\"widget\" data-widget_type=\"heading.default\"><div class=\"elementor-widget-container\"><h4 class=\"elementor-heading-title elementor-size-default\"><a href=\"https:\/\/www.maysunsolar.com\/390-410w-dual-glass-black-frame-pv-module\/\" target=\"_blank\" rel=\"noopener\">TwiSun Black Frame 390-410W kaksinkertainen lasi musta runko PV-moduuli<\/a><\/h4><\/div><\/div><\/div><\/div><\/div><\/div>\t\t\t\t\t\t\t\t<\/div>\n\t\t\t\t<\/div>\n\t\t\t\t\t<\/div>\n\t\t<\/div>\n\t\t\t\t\t<\/div>\n\t\t<\/section>\n\t\t\t\t<section class=\"elementor-section elementor-top-section elementor-element elementor-element-0ff1be8 elementor-section-boxed elementor-section-height-default elementor-section-height-default\" data-id=\"0ff1be8\" data-element_type=\"section\" data-e-type=\"section\">\n\t\t\t\t\t\t<div class=\"elementor-container elementor-column-gap-default\">\n\t\t\t\t\t<div class=\"elementor-column elementor-col-100 elementor-top-column elementor-element elementor-element-706b498\" data-id=\"706b498\" data-element_type=\"column\" data-e-type=\"column\">\n\t\t\t<div class=\"elementor-widget-wrap\">\n\t\t\t\t\t\t\t<\/div>\n\t\t<\/div>\n\t\t\t\t\t<\/div>\n\t\t<\/section>\n\t\t\t\t<\/div>\n\t\t","protected":false},"excerpt":{"rendered":"<p>YouTube-arvostelu https:\/\/www.youtube.com\/watch?v=-EPbz1KxVk8&#038;t=625s TwiSun musta kehys 390-410W Double Glass Musta kehys PV-moduuli https:\/\/youtu.be\/y4sOUrjHPV4 166MM Mono aurinkomoduuli 360W-380W Full Black PV-moduuli https:\/\/www.youtube.com\/watch?v=eVREPvLLm1s&#038;t=89s TwiSun Black Frame 390-410W kaksinkertainen lasi musta runko PV-moduuli<\/p>\n","protected":false},"author":1,"featured_media":0,"parent":0,"menu_order":0,"comment_status":"closed","ping_status":"closed","template":"","meta":{"_uag_custom_page_level_css":"","footnotes":""},"class_list":["post-66960","page","type-page","status-publish","hentry"],"yoast_head":"<!-- This site is optimized with the Yoast SEO plugin v27.4 - https:\/\/yoast.com\/product\/yoast-seo-wordpress\/ -->\n<title>YouTube-arvostelu - Professional Distributed PV Module Manufacturer<\/title>\n<meta name=\"description\" content=\"Maysun Solar kutsui aurinkos\u00e4hk\u00f6alan asiantuntijoita suorittamaan kattavan aurinkos\u00e4hk\u00f6moduulien arvioinnin.\" \/>\n<meta name=\"robots\" content=\"index, follow, max-snippet:-1, max-image-preview:large, max-video-preview:-1\" \/>\n<link rel=\"canonical\" href=\"https:\/\/www.maysunsolar.com\/fi\/youtube-arvostelu\/\" \/>\n<meta property=\"og:locale\" content=\"fi_FI\" \/>\n<meta property=\"og:type\" content=\"article\" \/>\n<meta property=\"og:title\" content=\"YouTube-arvostelu - Professional Distributed PV Module Manufacturer\" \/>\n<meta property=\"og:description\" content=\"Maysun Solar kutsui aurinkos\u00e4hk\u00f6alan asiantuntijoita suorittamaan kattavan aurinkos\u00e4hk\u00f6moduulien arvioinnin.\" \/>\n<meta property=\"og:url\" content=\"https:\/\/www.maysunsolar.com\/fi\/youtube-arvostelu\/\" \/>\n<meta property=\"og:site_name\" content=\"Professional Distributed PV Module Manufacturer\" \/>\n<meta property=\"article:modified_time\" content=\"2025-08-12T08:35:36+00:00\" \/>\n<meta name=\"twitter:card\" content=\"summary_large_image\" \/>\n<script type=\"application\/ld+json\" class=\"yoast-schema-graph\">{\"@context\":\"https:\\\/\\\/schema.org\",\"@graph\":[{\"@type\":\"WebPage\",\"@id\":\"https:\\\/\\\/www.maysunsolar.com\\\/fi\\\/youtube-arvostelu\\\/\",\"url\":\"https:\\\/\\\/www.maysunsolar.com\\\/fi\\\/youtube-arvostelu\\\/\",\"name\":\"YouTube-arvostelu - Professional Distributed PV Module Manufacturer\",\"isPartOf\":{\"@id\":\"https:\\\/\\\/www.maysunsolar.com\\\/fi\\\/#website\"},\"datePublished\":\"2023-06-28T07:15:53+00:00\",\"dateModified\":\"2025-08-12T08:35:36+00:00\",\"description\":\"Maysun Solar kutsui aurinkos\u00e4hk\u00f6alan asiantuntijoita suorittamaan kattavan aurinkos\u00e4hk\u00f6moduulien arvioinnin.\",\"breadcrumb\":{\"@id\":\"https:\\\/\\\/www.maysunsolar.com\\\/fi\\\/youtube-arvostelu\\\/#breadcrumb\"},\"inLanguage\":\"fi\",\"potentialAction\":[{\"@type\":\"ReadAction\",\"target\":[\"https:\\\/\\\/www.maysunsolar.com\\\/fi\\\/youtube-arvostelu\\\/\"]}]},{\"@type\":\"BreadcrumbList\",\"@id\":\"https:\\\/\\\/www.maysunsolar.com\\\/fi\\\/youtube-arvostelu\\\/#breadcrumb\",\"itemListElement\":[{\"@type\":\"ListItem\",\"position\":1,\"name\":\"Home\",\"item\":\"https:\\\/\\\/www.maysunsolar.com\\\/fi\\\/\"},{\"@type\":\"ListItem\",\"position\":2,\"name\":\"YouTube-arvostelu\"}]},{\"@type\":\"WebSite\",\"@id\":\"https:\\\/\\\/www.maysunsolar.com\\\/fi\\\/#website\",\"url\":\"https:\\\/\\\/www.maysunsolar.com\\\/fi\\\/\",\"name\":\"Professional Photovoltaic Panel Manufacturer\",\"description\":\"\",\"publisher\":{\"@id\":\"https:\\\/\\\/www.maysunsolar.com\\\/fi\\\/#organization\"},\"potentialAction\":[{\"@type\":\"SearchAction\",\"target\":{\"@type\":\"EntryPoint\",\"urlTemplate\":\"https:\\\/\\\/www.maysunsolar.com\\\/fi\\\/?s={search_term_string}\"},\"query-input\":{\"@type\":\"PropertyValueSpecification\",\"valueRequired\":true,\"valueName\":\"search_term_string\"}}],\"inLanguage\":\"fi\"},{\"@type\":\"Organization\",\"@id\":\"https:\\\/\\\/www.maysunsolar.com\\\/fi\\\/#organization\",\"name\":\"Maysun Solar\",\"url\":\"https:\\\/\\\/www.maysunsolar.com\\\/fi\\\/\",\"logo\":{\"@type\":\"ImageObject\",\"inLanguage\":\"fi\",\"@id\":\"https:\\\/\\\/www.maysunsolar.com\\\/fi\\\/#\\\/schema\\\/logo\\\/image\\\/\",\"url\":\"https:\\\/\\\/www.maysunsolar.com\\\/wp-content\\\/uploads\\\/2023\\\/12\\\/\u516c\u53f8logo\u900f\u660e\u5e95\u7f51\u7ad9\u5c0f\u5934\u50cf.png\",\"contentUrl\":\"https:\\\/\\\/www.maysunsolar.com\\\/wp-content\\\/uploads\\\/2023\\\/12\\\/\u516c\u53f8logo\u900f\u660e\u5e95\u7f51\u7ad9\u5c0f\u5934\u50cf.png\",\"width\":200,\"height\":200,\"caption\":\"Maysun Solar\"},\"image\":{\"@id\":\"https:\\\/\\\/www.maysunsolar.com\\\/fi\\\/#\\\/schema\\\/logo\\\/image\\\/\"}}]}<\/script>\n<!-- \/ Yoast SEO plugin. -->","yoast_head_json":{"title":"YouTube-arvostelu - Professional Distributed PV Module Manufacturer","description":"Maysun Solar kutsui aurinkos\u00e4hk\u00f6alan asiantuntijoita suorittamaan kattavan aurinkos\u00e4hk\u00f6moduulien arvioinnin.","robots":{"index":"index","follow":"follow","max-snippet":"max-snippet:-1","max-image-preview":"max-image-preview:large","max-video-preview":"max-video-preview:-1"},"canonical":"https:\/\/www.maysunsolar.com\/fi\/youtube-arvostelu\/","og_locale":"fi_FI","og_type":"article","og_title":"YouTube-arvostelu - Professional Distributed PV Module Manufacturer","og_description":"Maysun Solar kutsui aurinkos\u00e4hk\u00f6alan asiantuntijoita suorittamaan kattavan aurinkos\u00e4hk\u00f6moduulien arvioinnin.","og_url":"https:\/\/www.maysunsolar.com\/fi\/youtube-arvostelu\/","og_site_name":"Professional Distributed PV Module Manufacturer","article_modified_time":"2025-08-12T08:35:36+00:00","twitter_card":"summary_large_image","schema":{"@context":"https:\/\/schema.org","@graph":[{"@type":"WebPage","@id":"https:\/\/www.maysunsolar.com\/fi\/youtube-arvostelu\/","url":"https:\/\/www.maysunsolar.com\/fi\/youtube-arvostelu\/","name":"YouTube-arvostelu - Professional Distributed PV Module Manufacturer","isPartOf":{"@id":"https:\/\/www.maysunsolar.com\/fi\/#website"},"datePublished":"2023-06-28T07:15:53+00:00","dateModified":"2025-08-12T08:35:36+00:00","description":"Maysun Solar kutsui aurinkos\u00e4hk\u00f6alan asiantuntijoita suorittamaan kattavan aurinkos\u00e4hk\u00f6moduulien arvioinnin.","breadcrumb":{"@id":"https:\/\/www.maysunsolar.com\/fi\/youtube-arvostelu\/#breadcrumb"},"inLanguage":"fi","potentialAction":[{"@type":"ReadAction","target":["https:\/\/www.maysunsolar.com\/fi\/youtube-arvostelu\/"]}]},{"@type":"BreadcrumbList","@id":"https:\/\/www.maysunsolar.com\/fi\/youtube-arvostelu\/#breadcrumb","itemListElement":[{"@type":"ListItem","position":1,"name":"Home","item":"https:\/\/www.maysunsolar.com\/fi\/"},{"@type":"ListItem","position":2,"name":"YouTube-arvostelu"}]},{"@type":"WebSite","@id":"https:\/\/www.maysunsolar.com\/fi\/#website","url":"https:\/\/www.maysunsolar.com\/fi\/","name":"Professional Photovoltaic Panel Manufacturer","description":"","publisher":{"@id":"https:\/\/www.maysunsolar.com\/fi\/#organization"},"potentialAction":[{"@type":"SearchAction","target":{"@type":"EntryPoint","urlTemplate":"https:\/\/www.maysunsolar.com\/fi\/?s={search_term_string}"},"query-input":{"@type":"PropertyValueSpecification","valueRequired":true,"valueName":"search_term_string"}}],"inLanguage":"fi"},{"@type":"Organization","@id":"https:\/\/www.maysunsolar.com\/fi\/#organization","name":"Maysun Solar","url":"https:\/\/www.maysunsolar.com\/fi\/","logo":{"@type":"ImageObject","inLanguage":"fi","@id":"https:\/\/www.maysunsolar.com\/fi\/#\/schema\/logo\/image\/","url":"https:\/\/www.maysunsolar.com\/wp-content\/uploads\/2023\/12\/\u516c\u53f8logo\u900f\u660e\u5e95\u7f51\u7ad9\u5c0f\u5934\u50cf.png","contentUrl":"https:\/\/www.maysunsolar.com\/wp-content\/uploads\/2023\/12\/\u516c\u53f8logo\u900f\u660e\u5e95\u7f51\u7ad9\u5c0f\u5934\u50cf.png","width":200,"height":200,"caption":"Maysun Solar"},"image":{"@id":"https:\/\/www.maysunsolar.com\/fi\/#\/schema\/logo\/image\/"}}]}},"uagb_featured_image_src":{"full":false,"thumbnail":false,"medium":false,"medium_large":false,"large":false,"1536x1536":false,"2048x2048":false,"menu-24x24":false,"menu-36x36":false,"menu-48x48":false},"uagb_author_info":{"display_name":"Brian","author_link":"https:\/\/www.maysunsolar.com\/fi\/author\/brian\/"},"uagb_comment_info":0,"uagb_excerpt":"YouTube-arvostelu https:\/\/www.youtube.com\/watch?v=-EPbz1KxVk8&#038;t=625s TwiSun musta kehys 390-410W Double Glass Musta kehys PV-moduuli https:\/\/youtu.be\/y4sOUrjHPV4 166MM Mono aurinkomoduuli 360W-380W Full Black PV-moduuli https:\/\/www.youtube.com\/watch?v=eVREPvLLm1s&#038;t=89s TwiSun Black Frame 390-410W kaksinkertainen lasi musta runko PV-moduuli","_links":{"self":[{"href":"https:\/\/www.maysunsolar.com\/fi\/wp-json\/wp\/v2\/pages\/66960","targetHints":{"allow":["GET"]}}],"collection":[{"href":"https:\/\/www.maysunsolar.com\/fi\/wp-json\/wp\/v2\/pages"}],"about":[{"href":"https:\/\/www.maysunsolar.com\/fi\/wp-json\/wp\/v2\/types\/page"}],"author":[{"embeddable":true,"href":"https:\/\/www.maysunsolar.com\/fi\/wp-json\/wp\/v2\/users\/1"}],"replies":[{"embeddable":true,"href":"https:\/\/www.maysunsolar.com\/fi\/wp-json\/wp\/v2\/comments?post=66960"}],"version-history":[{"count":2,"href":"https:\/\/www.maysunsolar.com\/fi\/wp-json\/wp\/v2\/pages\/66960\/revisions"}],"predecessor-version":[{"id":66963,"href":"https:\/\/www.maysunsolar.com\/fi\/wp-json\/wp\/v2\/pages\/66960\/revisions\/66963"}],"wp:attachment":[{"href":"https:\/\/www.maysunsolar.com\/fi\/wp-json\/wp\/v2\/media?parent=66960"}],"curies":[{"name":"wp","href":"https:\/\/api.w.org\/{rel}","templated":true}]}}