{"id":66912,"date":"2022-09-05T16:47:53","date_gmt":"2022-09-05T08:47:53","guid":{"rendered":"https:\/\/www.maysunsolar.com\/vanlige-sporsmal\/"},"modified":"2025-08-21T17:26:43","modified_gmt":"2025-08-21T09:26:43","slug":"vanlige-sporsmal","status":"publish","type":"page","link":"https:\/\/www.maysunsolar.com\/no\/vanlige-sporsmal\/","title":{"rendered":"VANLIGE SP\u00d8RSM\u00c5L"},"content":{"rendered":"\t\t<div data-elementor-type=\"wp-page\" data-elementor-id=\"66912\" class=\"elementor elementor-66912 elementor-3624\" data-elementor-post-type=\"page\">\n\t\t\t\t\t\t<section class=\"elementor-section elementor-top-section elementor-element elementor-element-3168f5d elementor-section-boxed elementor-section-height-default elementor-section-height-default\" data-id=\"3168f5d\" data-element_type=\"section\" data-e-type=\"section\">\n\t\t\t\t\t\t<div class=\"elementor-container elementor-column-gap-default\">\n\t\t\t\t\t<div class=\"elementor-column elementor-col-100 elementor-top-column elementor-element elementor-element-d6185f1\" data-id=\"d6185f1\" data-element_type=\"column\" data-e-type=\"column\">\n\t\t\t<div class=\"elementor-widget-wrap elementor-element-populated\">\n\t\t\t\t\t\t<div class=\"elementor-element elementor-element-e2e12de elementor-widget elementor-widget-image\" data-id=\"e2e12de\" data-element_type=\"widget\" data-e-type=\"widget\" data-widget_type=\"image.default\">\n\t\t\t\t<div class=\"elementor-widget-container\">\n\t\t\t\t\t\t\t\t\t\t\t\t\t\t\t<img fetchpriority=\"high\" decoding=\"async\" width=\"768\" height=\"549\" src=\"https:\/\/www.maysunsolar.com\/wp-content\/uploads\/2022\/09\/questions-question-mark-quiz-6988157-768x549.png\" class=\"attachment-medium_large size-medium_large wp-image-3911\" alt=\"questions, question mark, quiz-6988157.jpg\" srcset=\"https:\/\/www.maysunsolar.com\/wp-content\/uploads\/2022\/09\/questions-question-mark-quiz-6988157-768x549.png 768w, https:\/\/www.maysunsolar.com\/wp-content\/uploads\/2022\/09\/questions-question-mark-quiz-6988157-300x214.png 300w, https:\/\/www.maysunsolar.com\/wp-content\/uploads\/2022\/09\/questions-question-mark-quiz-6988157-1024x732.png 1024w, https:\/\/www.maysunsolar.com\/wp-content\/uploads\/2022\/09\/questions-question-mark-quiz-6988157.png 1280w\" sizes=\"(max-width: 768px) 100vw, 768px\" \/>\t\t\t\t\t\t\t\t\t\t\t\t\t\t\t<\/div>\n\t\t\t\t<\/div>\n\t\t\t\t<div class=\"elementor-element elementor-element-43d3faa elementor-widget elementor-widget-heading\" data-id=\"43d3faa\" data-element_type=\"widget\" data-e-type=\"widget\" data-widget_type=\"heading.default\">\n\t\t\t\t<div class=\"elementor-widget-container\">\n\t\t\t\t\t<h1 class=\"elementor-heading-title elementor-size-default\">VANLIGE SP\u00d8RSM\u00c5L<\/h1>\t\t\t\t<\/div>\n\t\t\t\t<\/div>\n\t\t\t\t<div class=\"elementor-element elementor-element-97214d0 elementor-widget elementor-widget-text-editor\" data-id=\"97214d0\" data-element_type=\"widget\" data-e-type=\"widget\" data-widget_type=\"text-editor.default\">\n\t\t\t\t<div class=\"elementor-widget-container\">\n\t\t\t\t\t\t\t\t\t<p><strong>De vanligste sp\u00f8rsm\u00e5lene du kan st\u00f8te p\u00e5, er sortert ut og besvart, og du kan raskt l\u00f8se problemet i henhold til svarene.<\/strong><\/p>\t\t\t\t\t\t\t\t<\/div>\n\t\t\t\t<\/div>\n\t\t\t\t<div class=\"elementor-element elementor-element-8eec64a elementor-widget elementor-widget-toggle\" data-id=\"8eec64a\" data-element_type=\"widget\" data-e-type=\"widget\" data-widget_type=\"toggle.default\">\n\t\t\t\t<div class=\"elementor-widget-container\">\n\t\t\t\t\t\t\t<div class=\"elementor-toggle\">\n\t\t\t\t\t\t\t<div class=\"elementor-toggle-item\">\n\t\t\t\t\t<div id=\"elementor-tab-title-1491\" class=\"elementor-tab-title\" data-tab=\"1\" role=\"button\" aria-controls=\"elementor-tab-content-1491\" aria-expanded=\"false\">\n\t\t\t\t\t\t\t\t\t\t\t\t<span class=\"elementor-toggle-icon elementor-toggle-icon-left\" aria-hidden=\"true\">\n\t\t\t\t\t\t\t\t\t\t\t\t\t\t\t<span class=\"elementor-toggle-icon-closed\"><i class=\"fas fa-caret-right\"><\/i><\/span>\n\t\t\t\t\t\t\t\t<span class=\"elementor-toggle-icon-opened\"><i class=\"elementor-toggle-icon-opened fas fa-caret-up\"><\/i><\/span>\n\t\t\t\t\t\t\t\t\t\t\t\t\t<\/span>\n\t\t\t\t\t\t\t\t\t\t\t\t<a class=\"elementor-toggle-title\" tabindex=\"0\">1. Hvor mange deler er det i en pall\/hvor mange deler er det i en container?<\/a>\n\t\t\t\t\t<\/div>\n\n\t\t\t\t\t<div id=\"elementor-tab-content-1491\" class=\"elementor-tab-content elementor-clearfix\" data-tab=\"1\" role=\"region\" aria-labelledby=\"elementor-tab-title-1491\"><p>Den er ikke fast, og den faktiske situasjonen for spesifikke partier skal gjelde.<\/p>\n<\/div>\n\t\t\t\t<\/div>\n\t\t\t\t\t\t\t<div class=\"elementor-toggle-item\">\n\t\t\t\t\t<div id=\"elementor-tab-title-1492\" class=\"elementor-tab-title\" data-tab=\"2\" role=\"button\" aria-controls=\"elementor-tab-content-1492\" aria-expanded=\"false\">\n\t\t\t\t\t\t\t\t\t\t\t\t<span class=\"elementor-toggle-icon elementor-toggle-icon-left\" aria-hidden=\"true\">\n\t\t\t\t\t\t\t\t\t\t\t\t\t\t\t<span class=\"elementor-toggle-icon-closed\"><i class=\"fas fa-caret-right\"><\/i><\/span>\n\t\t\t\t\t\t\t\t<span class=\"elementor-toggle-icon-opened\"><i class=\"elementor-toggle-icon-opened fas fa-caret-up\"><\/i><\/span>\n\t\t\t\t\t\t\t\t\t\t\t\t\t<\/span>\n\t\t\t\t\t\t\t\t\t\t\t\t<a class=\"elementor-toggle-title\" tabindex=\"0\">2. finnes det en prisliste (prisen p\u00e5 ett solcellepanel for alle produkter)?<\/a>\n\t\t\t\t\t<\/div>\n\n\t\t\t\t\t<div id=\"elementor-tab-content-1492\" class=\"elementor-tab-content elementor-clearfix\" data-tab=\"2\" role=\"region\" aria-labelledby=\"elementor-tab-title-1492\"><p>Ulike produkter og forskjellige prismengder er ikke de samme, og prisen vil svinge i henhold til r\u00e5varene og markedet. Du kan kommunisere med v\u00e5r profesjonelle selger for \u00e5 f\u00e5 det siste tilbudet. <\/p>\n<\/div>\n\t\t\t\t<\/div>\n\t\t\t\t\t\t\t<div class=\"elementor-toggle-item\">\n\t\t\t\t\t<div id=\"elementor-tab-title-1493\" class=\"elementor-tab-title\" data-tab=\"3\" role=\"button\" aria-controls=\"elementor-tab-content-1493\" aria-expanded=\"false\">\n\t\t\t\t\t\t\t\t\t\t\t\t<span class=\"elementor-toggle-icon elementor-toggle-icon-left\" aria-hidden=\"true\">\n\t\t\t\t\t\t\t\t\t\t\t\t\t\t\t<span class=\"elementor-toggle-icon-closed\"><i class=\"fas fa-caret-right\"><\/i><\/span>\n\t\t\t\t\t\t\t\t<span class=\"elementor-toggle-icon-opened\"><i class=\"elementor-toggle-icon-opened fas fa-caret-up\"><\/i><\/span>\n\t\t\t\t\t\t\t\t\t\t\t\t\t<\/span>\n\t\t\t\t\t\t\t\t\t\t\t\t<a class=\"elementor-toggle-title\" tabindex=\"0\">3. Hva er den reelle effekten fra et brett i 24 timer i d\u00f8gnet?<\/a>\n\t\t\t\t\t<\/div>\n\n\t\t\t\t\t<div id=\"elementor-tab-content-1493\" class=\"elementor-tab-content elementor-clearfix\" data-tab=\"3\" role=\"region\" aria-labelledby=\"elementor-tab-title-1493\"><p>Solcellepaneler produserer bare str\u00f8m n\u00e5r sollyset er til stede, s\u00e5 de kan ikke sies \u00e5 fungere 24 timer i d\u00f8gnet. Hvis vi tar breddegraden i Shandong-provinsen i Kina som et eksempel, er den daglige effekten til en normal 1000W ca. 3 grader Celsius. <\/p>\n<\/div>\n\t\t\t\t<\/div>\n\t\t\t\t\t\t\t<div class=\"elementor-toggle-item\">\n\t\t\t\t\t<div id=\"elementor-tab-title-1494\" class=\"elementor-tab-title\" data-tab=\"4\" role=\"button\" aria-controls=\"elementor-tab-content-1494\" aria-expanded=\"false\">\n\t\t\t\t\t\t\t\t\t\t\t\t<span class=\"elementor-toggle-icon elementor-toggle-icon-left\" aria-hidden=\"true\">\n\t\t\t\t\t\t\t\t\t\t\t\t\t\t\t<span class=\"elementor-toggle-icon-closed\"><i class=\"fas fa-caret-right\"><\/i><\/span>\n\t\t\t\t\t\t\t\t<span class=\"elementor-toggle-icon-opened\"><i class=\"elementor-toggle-icon-opened fas fa-caret-up\"><\/i><\/span>\n\t\t\t\t\t\t\t\t\t\t\t\t\t<\/span>\n\t\t\t\t\t\t\t\t\t\t\t\t<a class=\"elementor-toggle-title\" tabindex=\"0\">4. hvilke sertifiseringer har produktene v\u00e5re best\u00e5tt?<\/a>\n\t\t\t\t\t<\/div>\n\n\t\t\t\t\t<div id=\"elementor-tab-content-1494\" class=\"elementor-tab-content elementor-clearfix\" data-tab=\"4\" role=\"region\" aria-labelledby=\"elementor-tab-title-1494\"><p>Det har best\u00e5tt ISO9001 kvalitetsstyringssystem, og best\u00e5tt CE, TUV, Dewa, SGS, IEC, MCS og andre sertifiseringer<\/p>\n<\/div>\n\t\t\t\t<\/div>\n\t\t\t\t\t\t\t<div class=\"elementor-toggle-item\">\n\t\t\t\t\t<div id=\"elementor-tab-title-1495\" class=\"elementor-tab-title\" data-tab=\"5\" role=\"button\" aria-controls=\"elementor-tab-content-1495\" aria-expanded=\"false\">\n\t\t\t\t\t\t\t\t\t\t\t\t<span class=\"elementor-toggle-icon elementor-toggle-icon-left\" aria-hidden=\"true\">\n\t\t\t\t\t\t\t\t\t\t\t\t\t\t\t<span class=\"elementor-toggle-icon-closed\"><i class=\"fas fa-caret-right\"><\/i><\/span>\n\t\t\t\t\t\t\t\t<span class=\"elementor-toggle-icon-opened\"><i class=\"elementor-toggle-icon-opened fas fa-caret-up\"><\/i><\/span>\n\t\t\t\t\t\t\t\t\t\t\t\t\t<\/span>\n\t\t\t\t\t\t\t\t\t\t\t\t<a class=\"elementor-toggle-title\" tabindex=\"0\">5. hvordan man beregner hvor mange paneler som kan installeres basert p\u00e5 takets areal.<\/a>\n\t\t\t\t\t<\/div>\n\n\t\t\t\t\t<div id=\"elementor-tab-content-1495\" class=\"elementor-tab-content elementor-clearfix\" data-tab=\"5\" role=\"region\" aria-labelledby=\"elementor-tab-title-1495\"><p>For tiden kan ikke arealet av et panel p\u00e5 hustaket i Tyskland overstige 2 kvadratmeter. Hvis det beregnes som 2 kvadratmeter, kan det spesifikke antallet paneler oppn\u00e5s ved \u00e5 dele takarealet med 2 kvadratmeter. <\/p>\n<\/div>\n\t\t\t\t<\/div>\n\t\t\t\t\t\t\t<div class=\"elementor-toggle-item\">\n\t\t\t\t\t<div id=\"elementor-tab-title-1496\" class=\"elementor-tab-title\" data-tab=\"6\" role=\"button\" aria-controls=\"elementor-tab-content-1496\" aria-expanded=\"false\">\n\t\t\t\t\t\t\t\t\t\t\t\t<span class=\"elementor-toggle-icon elementor-toggle-icon-left\" aria-hidden=\"true\">\n\t\t\t\t\t\t\t\t\t\t\t\t\t\t\t<span class=\"elementor-toggle-icon-closed\"><i class=\"fas fa-caret-right\"><\/i><\/span>\n\t\t\t\t\t\t\t\t<span class=\"elementor-toggle-icon-opened\"><i class=\"elementor-toggle-icon-opened fas fa-caret-up\"><\/i><\/span>\n\t\t\t\t\t\t\t\t\t\t\t\t\t<\/span>\n\t\t\t\t\t\t\t\t\t\t\t\t<a class=\"elementor-toggle-title\" tabindex=\"0\">6. Hvor ofte b\u00f8r produktet rengj\u00f8res?<\/a>\n\t\t\t\t\t<\/div>\n\n\t\t\t\t\t<div id=\"elementor-tab-content-1496\" class=\"elementor-tab-content elementor-clearfix\" data-tab=\"6\" role=\"region\" aria-labelledby=\"elementor-tab-title-1496\"><p>Rengj\u00f8r brettet hvis det er mye st\u00f8v eller belegg p\u00e5 panelet, avhengig av den faktiske situasjonen.<\/p>\n<\/div>\n\t\t\t\t<\/div>\n\t\t\t\t\t\t\t\t<\/div>\n\t\t\t\t\t\t<\/div>\n\t\t\t\t<\/div>\n\t\t\t\t\t<\/div>\n\t\t<\/div>\n\t\t\t\t\t<\/div>\n\t\t<\/section>\n\t\t\t\t<\/div>\n\t\t","protected":false},"excerpt":{"rendered":"<p>VANLIGE SP\u00d8RSM\u00c5L De vanligste sp\u00f8rsm\u00e5lene du kan st\u00f8te p\u00e5, er sortert ut og besvart, og du kan raskt l\u00f8se problemet i henhold til svarene. 1. Hvor mange deler er det i en pall\/hvor mange deler er det i en container? Den er ikke&hellip;<\/p>\n","protected":false},"author":1,"featured_media":0,"parent":0,"menu_order":0,"comment_status":"closed","ping_status":"closed","template":"","meta":{"_uag_custom_page_level_css":"","footnotes":""},"class_list":["post-66912","page","type-page","status-publish","hentry"],"yoast_head":"<!-- This site is optimized with the Yoast SEO plugin v27.4 - https:\/\/yoast.com\/product\/yoast-seo-wordpress\/ -->\n<title>VANLIGE SP\u00d8RSM\u00c5L - Professional Distributed PV Module Manufacturer<\/title>\n<meta name=\"robots\" content=\"index, follow, max-snippet:-1, max-image-preview:large, max-video-preview:-1\" \/>\n<link rel=\"canonical\" href=\"https:\/\/www.maysunsolar.com\/no\/vanlige-sporsmal\/\" \/>\n<meta property=\"og:locale\" content=\"nb_NO\" \/>\n<meta property=\"og:type\" content=\"article\" \/>\n<meta property=\"og:title\" content=\"VANLIGE SP\u00d8RSM\u00c5L - Professional Distributed PV Module Manufacturer\" \/>\n<meta property=\"og:description\" content=\"VANLIGE SP\u00d8RSM\u00c5L De vanligste sp\u00f8rsm\u00e5lene du kan st\u00f8te p\u00e5, er sortert ut og besvart, og du kan raskt l\u00f8se problemet i henhold til svarene. 1. Hvor mange deler er det i en pall\/hvor mange deler er det i en container? Den er ikke&hellip;\" \/>\n<meta property=\"og:url\" content=\"https:\/\/www.maysunsolar.com\/no\/vanlige-sporsmal\/\" \/>\n<meta property=\"og:site_name\" content=\"Professional Distributed PV Module Manufacturer\" \/>\n<meta property=\"article:modified_time\" content=\"2025-08-21T09:26:43+00:00\" \/>\n<meta property=\"og:image\" content=\"https:\/\/www.maysunsolar.com\/wp-content\/uploads\/2022\/09\/questions-question-mark-quiz-6988157.png\" \/>\n\t<meta property=\"og:image:width\" content=\"1280\" \/>\n\t<meta property=\"og:image:height\" content=\"915\" \/>\n\t<meta property=\"og:image:type\" content=\"image\/png\" \/>\n<meta name=\"twitter:card\" content=\"summary_large_image\" \/>\n<meta name=\"twitter:label1\" content=\"Ansl. lesetid\" \/>\n\t<meta name=\"twitter:data1\" content=\"2 minutter\" \/>\n<script type=\"application\/ld+json\" class=\"yoast-schema-graph\">{\"@context\":\"https:\\\/\\\/schema.org\",\"@graph\":[{\"@type\":\"WebPage\",\"@id\":\"https:\\\/\\\/www.maysunsolar.com\\\/no\\\/vanlige-sporsmal\\\/\",\"url\":\"https:\\\/\\\/www.maysunsolar.com\\\/no\\\/vanlige-sporsmal\\\/\",\"name\":\"VANLIGE SP\u00d8RSM\u00c5L - Professional Distributed PV Module Manufacturer\",\"isPartOf\":{\"@id\":\"https:\\\/\\\/www.maysunsolar.com\\\/no\\\/#website\"},\"primaryImageOfPage\":{\"@id\":\"https:\\\/\\\/www.maysunsolar.com\\\/no\\\/vanlige-sporsmal\\\/#primaryimage\"},\"image\":{\"@id\":\"https:\\\/\\\/www.maysunsolar.com\\\/no\\\/vanlige-sporsmal\\\/#primaryimage\"},\"thumbnailUrl\":\"https:\\\/\\\/www.maysunsolar.com\\\/wp-content\\\/uploads\\\/2022\\\/09\\\/questions-question-mark-quiz-6988157-768x549.png\",\"datePublished\":\"2022-09-05T08:47:53+00:00\",\"dateModified\":\"2025-08-21T09:26:43+00:00\",\"breadcrumb\":{\"@id\":\"https:\\\/\\\/www.maysunsolar.com\\\/no\\\/vanlige-sporsmal\\\/#breadcrumb\"},\"inLanguage\":\"nb-NO\",\"potentialAction\":[{\"@type\":\"ReadAction\",\"target\":[\"https:\\\/\\\/www.maysunsolar.com\\\/no\\\/vanlige-sporsmal\\\/\"]}]},{\"@type\":\"ImageObject\",\"inLanguage\":\"nb-NO\",\"@id\":\"https:\\\/\\\/www.maysunsolar.com\\\/no\\\/vanlige-sporsmal\\\/#primaryimage\",\"url\":\"https:\\\/\\\/www.maysunsolar.com\\\/wp-content\\\/uploads\\\/2022\\\/09\\\/questions-question-mark-quiz-6988157-768x549.png\",\"contentUrl\":\"https:\\\/\\\/www.maysunsolar.com\\\/wp-content\\\/uploads\\\/2022\\\/09\\\/questions-question-mark-quiz-6988157-768x549.png\"},{\"@type\":\"BreadcrumbList\",\"@id\":\"https:\\\/\\\/www.maysunsolar.com\\\/no\\\/vanlige-sporsmal\\\/#breadcrumb\",\"itemListElement\":[{\"@type\":\"ListItem\",\"position\":1,\"name\":\"Home\",\"item\":\"https:\\\/\\\/www.maysunsolar.com\\\/no\\\/\"},{\"@type\":\"ListItem\",\"position\":2,\"name\":\"VANLIGE SP\u00d8RSM\u00c5L\"}]},{\"@type\":\"WebSite\",\"@id\":\"https:\\\/\\\/www.maysunsolar.com\\\/no\\\/#website\",\"url\":\"https:\\\/\\\/www.maysunsolar.com\\\/no\\\/\",\"name\":\"Professional Photovoltaic Panel Manufacturer\",\"description\":\"\",\"publisher\":{\"@id\":\"https:\\\/\\\/www.maysunsolar.com\\\/no\\\/#organization\"},\"potentialAction\":[{\"@type\":\"SearchAction\",\"target\":{\"@type\":\"EntryPoint\",\"urlTemplate\":\"https:\\\/\\\/www.maysunsolar.com\\\/no\\\/?s={search_term_string}\"},\"query-input\":{\"@type\":\"PropertyValueSpecification\",\"valueRequired\":true,\"valueName\":\"search_term_string\"}}],\"inLanguage\":\"nb-NO\"},{\"@type\":\"Organization\",\"@id\":\"https:\\\/\\\/www.maysunsolar.com\\\/no\\\/#organization\",\"name\":\"Maysun Solar\",\"url\":\"https:\\\/\\\/www.maysunsolar.com\\\/no\\\/\",\"logo\":{\"@type\":\"ImageObject\",\"inLanguage\":\"nb-NO\",\"@id\":\"https:\\\/\\\/www.maysunsolar.com\\\/no\\\/#\\\/schema\\\/logo\\\/image\\\/\",\"url\":\"https:\\\/\\\/www.maysunsolar.com\\\/wp-content\\\/uploads\\\/2023\\\/12\\\/\u516c\u53f8logo\u900f\u660e\u5e95\u7f51\u7ad9\u5c0f\u5934\u50cf.png\",\"contentUrl\":\"https:\\\/\\\/www.maysunsolar.com\\\/wp-content\\\/uploads\\\/2023\\\/12\\\/\u516c\u53f8logo\u900f\u660e\u5e95\u7f51\u7ad9\u5c0f\u5934\u50cf.png\",\"width\":200,\"height\":200,\"caption\":\"Maysun Solar\"},\"image\":{\"@id\":\"https:\\\/\\\/www.maysunsolar.com\\\/no\\\/#\\\/schema\\\/logo\\\/image\\\/\"}}]}<\/script>\n<!-- \/ Yoast SEO plugin. -->","yoast_head_json":{"title":"VANLIGE SP\u00d8RSM\u00c5L - Professional Distributed PV Module Manufacturer","robots":{"index":"index","follow":"follow","max-snippet":"max-snippet:-1","max-image-preview":"max-image-preview:large","max-video-preview":"max-video-preview:-1"},"canonical":"https:\/\/www.maysunsolar.com\/no\/vanlige-sporsmal\/","og_locale":"nb_NO","og_type":"article","og_title":"VANLIGE SP\u00d8RSM\u00c5L - Professional Distributed PV Module Manufacturer","og_description":"VANLIGE SP\u00d8RSM\u00c5L De vanligste sp\u00f8rsm\u00e5lene du kan st\u00f8te p\u00e5, er sortert ut og besvart, og du kan raskt l\u00f8se problemet i henhold til svarene. 1. Hvor mange deler er det i en pall\/hvor mange deler er det i en container? Den er ikke&hellip;","og_url":"https:\/\/www.maysunsolar.com\/no\/vanlige-sporsmal\/","og_site_name":"Professional Distributed PV Module Manufacturer","article_modified_time":"2025-08-21T09:26:43+00:00","og_image":[{"width":1280,"height":915,"url":"https:\/\/www.maysunsolar.com\/wp-content\/uploads\/2022\/09\/questions-question-mark-quiz-6988157.png","type":"image\/png"}],"twitter_card":"summary_large_image","twitter_misc":{"Ansl. lesetid":"2 minutter"},"schema":{"@context":"https:\/\/schema.org","@graph":[{"@type":"WebPage","@id":"https:\/\/www.maysunsolar.com\/no\/vanlige-sporsmal\/","url":"https:\/\/www.maysunsolar.com\/no\/vanlige-sporsmal\/","name":"VANLIGE SP\u00d8RSM\u00c5L - Professional Distributed PV Module Manufacturer","isPartOf":{"@id":"https:\/\/www.maysunsolar.com\/no\/#website"},"primaryImageOfPage":{"@id":"https:\/\/www.maysunsolar.com\/no\/vanlige-sporsmal\/#primaryimage"},"image":{"@id":"https:\/\/www.maysunsolar.com\/no\/vanlige-sporsmal\/#primaryimage"},"thumbnailUrl":"https:\/\/www.maysunsolar.com\/wp-content\/uploads\/2022\/09\/questions-question-mark-quiz-6988157-768x549.png","datePublished":"2022-09-05T08:47:53+00:00","dateModified":"2025-08-21T09:26:43+00:00","breadcrumb":{"@id":"https:\/\/www.maysunsolar.com\/no\/vanlige-sporsmal\/#breadcrumb"},"inLanguage":"nb-NO","potentialAction":[{"@type":"ReadAction","target":["https:\/\/www.maysunsolar.com\/no\/vanlige-sporsmal\/"]}]},{"@type":"ImageObject","inLanguage":"nb-NO","@id":"https:\/\/www.maysunsolar.com\/no\/vanlige-sporsmal\/#primaryimage","url":"https:\/\/www.maysunsolar.com\/wp-content\/uploads\/2022\/09\/questions-question-mark-quiz-6988157-768x549.png","contentUrl":"https:\/\/www.maysunsolar.com\/wp-content\/uploads\/2022\/09\/questions-question-mark-quiz-6988157-768x549.png"},{"@type":"BreadcrumbList","@id":"https:\/\/www.maysunsolar.com\/no\/vanlige-sporsmal\/#breadcrumb","itemListElement":[{"@type":"ListItem","position":1,"name":"Home","item":"https:\/\/www.maysunsolar.com\/no\/"},{"@type":"ListItem","position":2,"name":"VANLIGE SP\u00d8RSM\u00c5L"}]},{"@type":"WebSite","@id":"https:\/\/www.maysunsolar.com\/no\/#website","url":"https:\/\/www.maysunsolar.com\/no\/","name":"Professional Photovoltaic Panel Manufacturer","description":"","publisher":{"@id":"https:\/\/www.maysunsolar.com\/no\/#organization"},"potentialAction":[{"@type":"SearchAction","target":{"@type":"EntryPoint","urlTemplate":"https:\/\/www.maysunsolar.com\/no\/?s={search_term_string}"},"query-input":{"@type":"PropertyValueSpecification","valueRequired":true,"valueName":"search_term_string"}}],"inLanguage":"nb-NO"},{"@type":"Organization","@id":"https:\/\/www.maysunsolar.com\/no\/#organization","name":"Maysun Solar","url":"https:\/\/www.maysunsolar.com\/no\/","logo":{"@type":"ImageObject","inLanguage":"nb-NO","@id":"https:\/\/www.maysunsolar.com\/no\/#\/schema\/logo\/image\/","url":"https:\/\/www.maysunsolar.com\/wp-content\/uploads\/2023\/12\/\u516c\u53f8logo\u900f\u660e\u5e95\u7f51\u7ad9\u5c0f\u5934\u50cf.png","contentUrl":"https:\/\/www.maysunsolar.com\/wp-content\/uploads\/2023\/12\/\u516c\u53f8logo\u900f\u660e\u5e95\u7f51\u7ad9\u5c0f\u5934\u50cf.png","width":200,"height":200,"caption":"Maysun Solar"},"image":{"@id":"https:\/\/www.maysunsolar.com\/no\/#\/schema\/logo\/image\/"}}]}},"uagb_featured_image_src":{"full":false,"thumbnail":false,"medium":false,"medium_large":false,"large":false,"1536x1536":false,"2048x2048":false,"menu-24x24":false,"menu-36x36":false,"menu-48x48":false},"uagb_author_info":{"display_name":"Brian","author_link":"https:\/\/www.maysunsolar.com\/no\/author\/brian\/"},"uagb_comment_info":0,"uagb_excerpt":"VANLIGE SP\u00d8RSM\u00c5L De vanligste sp\u00f8rsm\u00e5lene du kan st\u00f8te p\u00e5, er sortert ut og besvart, og du kan raskt l\u00f8se problemet i henhold til svarene. 1. Hvor mange deler er det i en pall\/hvor mange deler er det i en container? Den er ikke&hellip;","_links":{"self":[{"href":"https:\/\/www.maysunsolar.com\/no\/wp-json\/wp\/v2\/pages\/66912","targetHints":{"allow":["GET"]}}],"collection":[{"href":"https:\/\/www.maysunsolar.com\/no\/wp-json\/wp\/v2\/pages"}],"about":[{"href":"https:\/\/www.maysunsolar.com\/no\/wp-json\/wp\/v2\/types\/page"}],"author":[{"embeddable":true,"href":"https:\/\/www.maysunsolar.com\/no\/wp-json\/wp\/v2\/users\/1"}],"replies":[{"embeddable":true,"href":"https:\/\/www.maysunsolar.com\/no\/wp-json\/wp\/v2\/comments?post=66912"}],"version-history":[{"count":5,"href":"https:\/\/www.maysunsolar.com\/no\/wp-json\/wp\/v2\/pages\/66912\/revisions"}],"predecessor-version":[{"id":68444,"href":"https:\/\/www.maysunsolar.com\/no\/wp-json\/wp\/v2\/pages\/66912\/revisions\/68444"}],"wp:attachment":[{"href":"https:\/\/www.maysunsolar.com\/no\/wp-json\/wp\/v2\/media?parent=66912"}],"curies":[{"name":"wp","href":"https:\/\/api.w.org\/{rel}","templated":true}]}}