{"id":66900,"date":"2024-03-22T16:47:05","date_gmt":"2024-03-22T08:47:05","guid":{"rendered":"https:\/\/www.maysunsolar.com\/catalogo-de-produtos-maysun-solar\/"},"modified":"2025-08-12T16:35:15","modified_gmt":"2025-08-12T08:35:15","slug":"catalogo-de-produtos-maysun-solar","status":"publish","type":"page","link":"https:\/\/www.maysunsolar.com\/pt-pt\/catalogo-de-produtos-maysun-solar\/","title":{"rendered":"Cat\u00e1logo de produtos Maysun Solar"},"content":{"rendered":"\t\t<div data-elementor-type=\"wp-page\" data-elementor-id=\"66900\" class=\"elementor elementor-66900 elementor-15277\" data-elementor-post-type=\"page\">\n\t\t\t\t\t\t<section class=\"elementor-section elementor-top-section elementor-element elementor-element-0c62114 elementor-section-boxed elementor-section-height-default elementor-section-height-default\" data-id=\"0c62114\" data-element_type=\"section\" data-e-type=\"section\">\n\t\t\t\t\t\t<div class=\"elementor-container elementor-column-gap-default\">\n\t\t\t\t\t<div class=\"elementor-column elementor-col-100 elementor-top-column elementor-element elementor-element-3ddbc01\" data-id=\"3ddbc01\" data-element_type=\"column\" data-e-type=\"column\">\n\t\t\t<div class=\"elementor-widget-wrap elementor-element-populated\">\n\t\t\t\t\t\t<div class=\"elementor-element elementor-element-3113d35 elementor-widget elementor-widget-html\" data-id=\"3113d35\" data-element_type=\"widget\" data-e-type=\"widget\" data-widget_type=\"html.default\">\n\t\t\t\t<div class=\"elementor-widget-container\">\n\t\t\t\t\t<div>\r\n\r\n\r\n  <meta charset=\"UTF-8\">\r\n  <meta name=\"viewport\" content=\"width=device-width, initial-scale=1.0\">\r\n  <link rel=\"stylesheet\" href=\"https:\/\/fonts.googleapis.com\/css?family=Josefin+Sans\">\r\n  <style type=\"text\/css\">\r\niframe{\r\n  width: 100%;\r\n  height: 1000px;\r\n}\r\n@media screen and (max-width: 768px) {\r\n  iframe{\r\n  width: 100%;\r\n  height: 500px;\r\n}\r\n}\r\n  <\/style>\r\n\r\n\r\n\r\n<iframe src=\"https:\/\/flbook.com.cn\/c\/PlSiGCwK8j\" seamless=\"seamless\" scrolling=\"no\" frameborder=\"0\" allowtransparency=\"true\" allowfullscreen=\"true\"><\/iframe>\r\n\r\n<\/div>\t\t\t\t<\/div>\n\t\t\t\t<\/div>\n\t\t\t\t\t<\/div>\n\t\t<\/div>\n\t\t\t\t\t<\/div>\n\t\t<\/section>\n\t\t\t\t<\/div>\n\t\t","protected":false},"excerpt":{"rendered":"","protected":false},"author":1,"featured_media":0,"parent":0,"menu_order":0,"comment_status":"closed","ping_status":"closed","template":"","meta":{"_uag_custom_page_level_css":"","footnotes":""},"class_list":["post-66900","page","type-page","status-publish","hentry"],"yoast_head":"<!-- This site is optimized with the Yoast SEO plugin v27.4 - https:\/\/yoast.com\/product\/yoast-seo-wordpress\/ -->\n<title>Cat\u00e1logo de produtos Maysun Solar - Professional Distributed PV Module Manufacturer<\/title>\n<meta name=\"description\" content=\"Consulte o vasto cat\u00e1logo de produtos de pain\u00e9is solares da Maysun Solar, incluindo m\u00f3dulos solares IBC, m\u00f3dulos solares HJT, m\u00f3dulos solares TOPCon e esta\u00e7\u00f5es de balc\u00e3o de energia solar, etc.\" \/>\n<meta name=\"robots\" content=\"index, follow, max-snippet:-1, max-image-preview:large, max-video-preview:-1\" \/>\n<link rel=\"canonical\" href=\"https:\/\/www.maysunsolar.com\/pt-pt\/catalogo-de-produtos-maysun-solar\/\" \/>\n<meta property=\"og:locale\" content=\"pt_PT\" \/>\n<meta property=\"og:type\" content=\"article\" \/>\n<meta property=\"og:title\" content=\"Cat\u00e1logo de produtos Maysun Solar - Professional Distributed PV Module Manufacturer\" \/>\n<meta property=\"og:description\" content=\"Consulte o vasto cat\u00e1logo de produtos de pain\u00e9is solares da Maysun Solar, incluindo m\u00f3dulos solares IBC, m\u00f3dulos solares HJT, m\u00f3dulos solares TOPCon e esta\u00e7\u00f5es de balc\u00e3o de energia solar, etc.\" \/>\n<meta property=\"og:url\" content=\"https:\/\/www.maysunsolar.com\/pt-pt\/catalogo-de-produtos-maysun-solar\/\" \/>\n<meta property=\"og:site_name\" content=\"Professional Distributed PV Module Manufacturer\" \/>\n<meta property=\"article:modified_time\" content=\"2025-08-12T08:35:15+00:00\" \/>\n<meta name=\"twitter:card\" content=\"summary_large_image\" \/>\n<script type=\"application\/ld+json\" class=\"yoast-schema-graph\">{\"@context\":\"https:\\\/\\\/schema.org\",\"@graph\":[{\"@type\":\"WebPage\",\"@id\":\"https:\\\/\\\/www.maysunsolar.com\\\/pt-pt\\\/catalogo-de-produtos-maysun-solar\\\/\",\"url\":\"https:\\\/\\\/www.maysunsolar.com\\\/pt-pt\\\/catalogo-de-produtos-maysun-solar\\\/\",\"name\":\"Cat\u00e1logo de produtos Maysun Solar - Professional Distributed PV Module Manufacturer\",\"isPartOf\":{\"@id\":\"https:\\\/\\\/www.maysunsolar.com\\\/pt-pt\\\/#website\"},\"datePublished\":\"2024-03-22T08:47:05+00:00\",\"dateModified\":\"2025-08-12T08:35:15+00:00\",\"description\":\"Consulte o vasto cat\u00e1logo de produtos de pain\u00e9is solares da Maysun Solar, incluindo m\u00f3dulos solares IBC, m\u00f3dulos solares HJT, m\u00f3dulos solares TOPCon e esta\u00e7\u00f5es de balc\u00e3o de energia solar, etc.\",\"breadcrumb\":{\"@id\":\"https:\\\/\\\/www.maysunsolar.com\\\/pt-pt\\\/catalogo-de-produtos-maysun-solar\\\/#breadcrumb\"},\"inLanguage\":\"pt-PT\",\"potentialAction\":[{\"@type\":\"ReadAction\",\"target\":[\"https:\\\/\\\/www.maysunsolar.com\\\/pt-pt\\\/catalogo-de-produtos-maysun-solar\\\/\"]}]},{\"@type\":\"BreadcrumbList\",\"@id\":\"https:\\\/\\\/www.maysunsolar.com\\\/pt-pt\\\/catalogo-de-produtos-maysun-solar\\\/#breadcrumb\",\"itemListElement\":[{\"@type\":\"ListItem\",\"position\":1,\"name\":\"Home\",\"item\":\"https:\\\/\\\/www.maysunsolar.com\\\/pt-pt\\\/maysun-solar\\\/\"},{\"@type\":\"ListItem\",\"position\":2,\"name\":\"Cat\u00e1logo de produtos Maysun Solar\"}]},{\"@type\":\"WebSite\",\"@id\":\"https:\\\/\\\/www.maysunsolar.com\\\/pt-pt\\\/#website\",\"url\":\"https:\\\/\\\/www.maysunsolar.com\\\/pt-pt\\\/\",\"name\":\"Professional Photovoltaic Panel Manufacturer\",\"description\":\"\",\"publisher\":{\"@id\":\"https:\\\/\\\/www.maysunsolar.com\\\/pt-pt\\\/#organization\"},\"potentialAction\":[{\"@type\":\"SearchAction\",\"target\":{\"@type\":\"EntryPoint\",\"urlTemplate\":\"https:\\\/\\\/www.maysunsolar.com\\\/pt-pt\\\/?s={search_term_string}\"},\"query-input\":{\"@type\":\"PropertyValueSpecification\",\"valueRequired\":true,\"valueName\":\"search_term_string\"}}],\"inLanguage\":\"pt-PT\"},{\"@type\":\"Organization\",\"@id\":\"https:\\\/\\\/www.maysunsolar.com\\\/pt-pt\\\/#organization\",\"name\":\"Maysun Solar\",\"url\":\"https:\\\/\\\/www.maysunsolar.com\\\/pt-pt\\\/\",\"logo\":{\"@type\":\"ImageObject\",\"inLanguage\":\"pt-PT\",\"@id\":\"https:\\\/\\\/www.maysunsolar.com\\\/pt-pt\\\/#\\\/schema\\\/logo\\\/image\\\/\",\"url\":\"https:\\\/\\\/www.maysunsolar.com\\\/wp-content\\\/uploads\\\/2023\\\/12\\\/\u516c\u53f8logo\u900f\u660e\u5e95\u7f51\u7ad9\u5c0f\u5934\u50cf.png\",\"contentUrl\":\"https:\\\/\\\/www.maysunsolar.com\\\/wp-content\\\/uploads\\\/2023\\\/12\\\/\u516c\u53f8logo\u900f\u660e\u5e95\u7f51\u7ad9\u5c0f\u5934\u50cf.png\",\"width\":200,\"height\":200,\"caption\":\"Maysun Solar\"},\"image\":{\"@id\":\"https:\\\/\\\/www.maysunsolar.com\\\/pt-pt\\\/#\\\/schema\\\/logo\\\/image\\\/\"}}]}<\/script>\n<!-- \/ Yoast SEO plugin. -->","yoast_head_json":{"title":"Cat\u00e1logo de produtos Maysun Solar - Professional Distributed PV Module Manufacturer","description":"Consulte o vasto cat\u00e1logo de produtos de pain\u00e9is solares da Maysun Solar, incluindo m\u00f3dulos solares IBC, m\u00f3dulos solares HJT, m\u00f3dulos solares TOPCon e esta\u00e7\u00f5es de balc\u00e3o de energia solar, etc.","robots":{"index":"index","follow":"follow","max-snippet":"max-snippet:-1","max-image-preview":"max-image-preview:large","max-video-preview":"max-video-preview:-1"},"canonical":"https:\/\/www.maysunsolar.com\/pt-pt\/catalogo-de-produtos-maysun-solar\/","og_locale":"pt_PT","og_type":"article","og_title":"Cat\u00e1logo de produtos Maysun Solar - Professional Distributed PV Module Manufacturer","og_description":"Consulte o vasto cat\u00e1logo de produtos de pain\u00e9is solares da Maysun Solar, incluindo m\u00f3dulos solares IBC, m\u00f3dulos solares HJT, m\u00f3dulos solares TOPCon e esta\u00e7\u00f5es de balc\u00e3o de energia solar, etc.","og_url":"https:\/\/www.maysunsolar.com\/pt-pt\/catalogo-de-produtos-maysun-solar\/","og_site_name":"Professional Distributed PV Module Manufacturer","article_modified_time":"2025-08-12T08:35:15+00:00","twitter_card":"summary_large_image","schema":{"@context":"https:\/\/schema.org","@graph":[{"@type":"WebPage","@id":"https:\/\/www.maysunsolar.com\/pt-pt\/catalogo-de-produtos-maysun-solar\/","url":"https:\/\/www.maysunsolar.com\/pt-pt\/catalogo-de-produtos-maysun-solar\/","name":"Cat\u00e1logo de produtos Maysun Solar - Professional Distributed PV Module Manufacturer","isPartOf":{"@id":"https:\/\/www.maysunsolar.com\/pt-pt\/#website"},"datePublished":"2024-03-22T08:47:05+00:00","dateModified":"2025-08-12T08:35:15+00:00","description":"Consulte o vasto cat\u00e1logo de produtos de pain\u00e9is solares da Maysun Solar, incluindo m\u00f3dulos solares IBC, m\u00f3dulos solares HJT, m\u00f3dulos solares TOPCon e esta\u00e7\u00f5es de balc\u00e3o de energia solar, etc.","breadcrumb":{"@id":"https:\/\/www.maysunsolar.com\/pt-pt\/catalogo-de-produtos-maysun-solar\/#breadcrumb"},"inLanguage":"pt-PT","potentialAction":[{"@type":"ReadAction","target":["https:\/\/www.maysunsolar.com\/pt-pt\/catalogo-de-produtos-maysun-solar\/"]}]},{"@type":"BreadcrumbList","@id":"https:\/\/www.maysunsolar.com\/pt-pt\/catalogo-de-produtos-maysun-solar\/#breadcrumb","itemListElement":[{"@type":"ListItem","position":1,"name":"Home","item":"https:\/\/www.maysunsolar.com\/pt-pt\/maysun-solar\/"},{"@type":"ListItem","position":2,"name":"Cat\u00e1logo de produtos Maysun Solar"}]},{"@type":"WebSite","@id":"https:\/\/www.maysunsolar.com\/pt-pt\/#website","url":"https:\/\/www.maysunsolar.com\/pt-pt\/","name":"Professional Photovoltaic Panel Manufacturer","description":"","publisher":{"@id":"https:\/\/www.maysunsolar.com\/pt-pt\/#organization"},"potentialAction":[{"@type":"SearchAction","target":{"@type":"EntryPoint","urlTemplate":"https:\/\/www.maysunsolar.com\/pt-pt\/?s={search_term_string}"},"query-input":{"@type":"PropertyValueSpecification","valueRequired":true,"valueName":"search_term_string"}}],"inLanguage":"pt-PT"},{"@type":"Organization","@id":"https:\/\/www.maysunsolar.com\/pt-pt\/#organization","name":"Maysun Solar","url":"https:\/\/www.maysunsolar.com\/pt-pt\/","logo":{"@type":"ImageObject","inLanguage":"pt-PT","@id":"https:\/\/www.maysunsolar.com\/pt-pt\/#\/schema\/logo\/image\/","url":"https:\/\/www.maysunsolar.com\/wp-content\/uploads\/2023\/12\/\u516c\u53f8logo\u900f\u660e\u5e95\u7f51\u7ad9\u5c0f\u5934\u50cf.png","contentUrl":"https:\/\/www.maysunsolar.com\/wp-content\/uploads\/2023\/12\/\u516c\u53f8logo\u900f\u660e\u5e95\u7f51\u7ad9\u5c0f\u5934\u50cf.png","width":200,"height":200,"caption":"Maysun Solar"},"image":{"@id":"https:\/\/www.maysunsolar.com\/pt-pt\/#\/schema\/logo\/image\/"}}]}},"uagb_featured_image_src":{"full":false,"thumbnail":false,"medium":false,"medium_large":false,"large":false,"1536x1536":false,"2048x2048":false,"menu-24x24":false,"menu-36x36":false,"menu-48x48":false},"uagb_author_info":{"display_name":"Brian","author_link":"https:\/\/www.maysunsolar.com\/pt-pt\/author\/brian\/"},"uagb_comment_info":0,"uagb_excerpt":null,"_links":{"self":[{"href":"https:\/\/www.maysunsolar.com\/pt-pt\/wp-json\/wp\/v2\/pages\/66900","targetHints":{"allow":["GET"]}}],"collection":[{"href":"https:\/\/www.maysunsolar.com\/pt-pt\/wp-json\/wp\/v2\/pages"}],"about":[{"href":"https:\/\/www.maysunsolar.com\/pt-pt\/wp-json\/wp\/v2\/types\/page"}],"author":[{"embeddable":true,"href":"https:\/\/www.maysunsolar.com\/pt-pt\/wp-json\/wp\/v2\/users\/1"}],"replies":[{"embeddable":true,"href":"https:\/\/www.maysunsolar.com\/pt-pt\/wp-json\/wp\/v2\/comments?post=66900"}],"version-history":[{"count":2,"href":"https:\/\/www.maysunsolar.com\/pt-pt\/wp-json\/wp\/v2\/pages\/66900\/revisions"}],"predecessor-version":[{"id":66904,"href":"https:\/\/www.maysunsolar.com\/pt-pt\/wp-json\/wp\/v2\/pages\/66900\/revisions\/66904"}],"wp:attachment":[{"href":"https:\/\/www.maysunsolar.com\/pt-pt\/wp-json\/wp\/v2\/media?parent=66900"}],"curies":[{"name":"wp","href":"https:\/\/api.w.org\/{rel}","templated":true}]}}