{"id":67033,"date":"2022-09-05T16:47:53","date_gmt":"2022-09-05T08:47:53","guid":{"rendered":"https:\/\/www.maysunsolar.com\/intrebari-frecvente\/"},"modified":"2025-08-12T16:36:15","modified_gmt":"2025-08-12T08:36:15","slug":"intrebari-frecvente","status":"publish","type":"page","link":"https:\/\/www.maysunsolar.com\/ro\/intrebari-frecvente\/","title":{"rendered":"\u00ceNTREB\u0102RI FRECVENTE"},"content":{"rendered":"\t\t<div data-elementor-type=\"wp-page\" data-elementor-id=\"67033\" class=\"elementor elementor-67033 elementor-3624\" data-elementor-post-type=\"page\">\n\t\t\t\t\t\t<section class=\"elementor-section elementor-top-section elementor-element elementor-element-3168f5d elementor-section-boxed elementor-section-height-default elementor-section-height-default\" data-id=\"3168f5d\" data-element_type=\"section\" data-e-type=\"section\">\n\t\t\t\t\t\t<div class=\"elementor-container elementor-column-gap-default\">\n\t\t\t\t\t<div class=\"elementor-column elementor-col-100 elementor-top-column elementor-element elementor-element-d6185f1\" data-id=\"d6185f1\" data-element_type=\"column\" data-e-type=\"column\">\n\t\t\t<div class=\"elementor-widget-wrap elementor-element-populated\">\n\t\t\t\t\t\t<div class=\"elementor-element elementor-element-e2e12de elementor-widget elementor-widget-image\" data-id=\"e2e12de\" data-element_type=\"widget\" data-e-type=\"widget\" data-widget_type=\"image.default\">\n\t\t\t\t<div class=\"elementor-widget-container\">\n\t\t\t\t\t\t\t\t\t\t\t\t\t\t\t<img fetchpriority=\"high\" decoding=\"async\" width=\"768\" height=\"549\" src=\"https:\/\/www.maysunsolar.com\/wp-content\/uploads\/2022\/09\/questions-question-mark-quiz-6988157-768x549.png\" class=\"attachment-medium_large size-medium_large wp-image-3911\" alt=\"questions, question mark, quiz-6988157.jpg\" srcset=\"https:\/\/www.maysunsolar.com\/wp-content\/uploads\/2022\/09\/questions-question-mark-quiz-6988157-768x549.png 768w, https:\/\/www.maysunsolar.com\/wp-content\/uploads\/2022\/09\/questions-question-mark-quiz-6988157-300x214.png 300w, https:\/\/www.maysunsolar.com\/wp-content\/uploads\/2022\/09\/questions-question-mark-quiz-6988157-1024x732.png 1024w, https:\/\/www.maysunsolar.com\/wp-content\/uploads\/2022\/09\/questions-question-mark-quiz-6988157.png 1280w\" sizes=\"(max-width: 768px) 100vw, 768px\" \/>\t\t\t\t\t\t\t\t\t\t\t\t\t\t\t<\/div>\n\t\t\t\t<\/div>\n\t\t\t\t<div class=\"elementor-element elementor-element-43d3faa elementor-widget elementor-widget-heading\" data-id=\"43d3faa\" data-element_type=\"widget\" data-e-type=\"widget\" data-widget_type=\"heading.default\">\n\t\t\t\t<div class=\"elementor-widget-container\">\n\t\t\t\t\t<h1 class=\"elementor-heading-title elementor-size-default\">\u00ceNTREB\u0102RI FRECVENTE<\/h1>\t\t\t\t<\/div>\n\t\t\t\t<\/div>\n\t\t\t\t<div class=\"elementor-element elementor-element-97214d0 elementor-widget elementor-widget-text-editor\" data-id=\"97214d0\" data-element_type=\"widget\" data-e-type=\"widget\" data-widget_type=\"text-editor.default\">\n\t\t\t\t<div class=\"elementor-widget-container\">\n\t\t\t\t\t\t\t\t\t<p><strong>\u00centreb\u0103rile frecvente pe care le pute\u021bi \u00eent\u00e2lni sunt sortate \u0219i li se r\u0103spunde, iar dumneavoastr\u0103 pute\u021bi rezolva rapid problema \u00een func\u021bie de r\u0103spunsuri.<\/strong><\/p>\t\t\t\t\t\t\t\t<\/div>\n\t\t\t\t<\/div>\n\t\t\t\t<div class=\"elementor-element elementor-element-8eec64a elementor-widget elementor-widget-toggle\" data-id=\"8eec64a\" data-element_type=\"widget\" data-e-type=\"widget\" data-widget_type=\"toggle.default\">\n\t\t\t\t<div class=\"elementor-widget-container\">\n\t\t\t\t\t\t\t<div class=\"elementor-toggle\">\n\t\t\t\t\t\t\t<div class=\"elementor-toggle-item\">\n\t\t\t\t\t<div id=\"elementor-tab-title-1491\" class=\"elementor-tab-title\" data-tab=\"1\" role=\"button\" aria-controls=\"elementor-tab-content-1491\" aria-expanded=\"false\">\n\t\t\t\t\t\t\t\t\t\t\t\t<span class=\"elementor-toggle-icon elementor-toggle-icon-left\" aria-hidden=\"true\">\n\t\t\t\t\t\t\t\t\t\t\t\t\t\t\t<span class=\"elementor-toggle-icon-closed\"><i class=\"fas fa-caret-right\"><\/i><\/span>\n\t\t\t\t\t\t\t\t<span class=\"elementor-toggle-icon-opened\"><i class=\"elementor-toggle-icon-opened fas fa-caret-up\"><\/i><\/span>\n\t\t\t\t\t\t\t\t\t\t\t\t\t<\/span>\n\t\t\t\t\t\t\t\t\t\t\t\t<a class=\"elementor-toggle-title\" tabindex=\"0\">1.C\u00e2te buc\u0103\u021bi sunt \u00eentr-un palet\/ c\u00e2te buc\u0103\u021bi sunt \u00eentr-un container?<\/a>\n\t\t\t\t\t<\/div>\n\n\t\t\t\t\t<div id=\"elementor-tab-content-1491\" class=\"elementor-tab-content elementor-clearfix\" data-tab=\"1\" role=\"region\" aria-labelledby=\"elementor-tab-title-1491\"><p>Acesta nu este fix, iar situa\u021bia real\u0103 a loturilor specifice va prevala.<\/p>\n<\/div>\n\t\t\t\t<\/div>\n\t\t\t\t\t\t\t<div class=\"elementor-toggle-item\">\n\t\t\t\t\t<div id=\"elementor-tab-title-1492\" class=\"elementor-tab-title\" data-tab=\"2\" role=\"button\" aria-controls=\"elementor-tab-content-1492\" aria-expanded=\"false\">\n\t\t\t\t\t\t\t\t\t\t\t\t<span class=\"elementor-toggle-icon elementor-toggle-icon-left\" aria-hidden=\"true\">\n\t\t\t\t\t\t\t\t\t\t\t\t\t\t\t<span class=\"elementor-toggle-icon-closed\"><i class=\"fas fa-caret-right\"><\/i><\/span>\n\t\t\t\t\t\t\t\t<span class=\"elementor-toggle-icon-opened\"><i class=\"elementor-toggle-icon-opened fas fa-caret-up\"><\/i><\/span>\n\t\t\t\t\t\t\t\t\t\t\t\t\t<\/span>\n\t\t\t\t\t\t\t\t\t\t\t\t<a class=\"elementor-toggle-title\" tabindex=\"0\">2.Exist\u0103 o list\u0103 de pre\u021buri (pre\u021bul unui panou solar pentru toate produsele)?<\/a>\n\t\t\t\t\t<\/div>\n\n\t\t\t\t\t<div id=\"elementor-tab-content-1492\" class=\"elementor-tab-content elementor-clearfix\" data-tab=\"2\" role=\"region\" aria-labelledby=\"elementor-tab-title-1492\"><p>Produsele diferite \u0219i cantit\u0103\u021bile diferite de pre\u021b nu sunt acelea\u0219i, iar pre\u021bul va fluctua \u00een func\u021bie de materiile prime \u0219i de pia\u021b\u0103. Pute\u021bi comunica cu v\u00e2nz\u0103torul nostru profesionist pentru a ob\u021bine cea mai recent\u0103 cota\u021bie. <\/p>\n<\/div>\n\t\t\t\t<\/div>\n\t\t\t\t\t\t\t<div class=\"elementor-toggle-item\">\n\t\t\t\t\t<div id=\"elementor-tab-title-1493\" class=\"elementor-tab-title\" data-tab=\"3\" role=\"button\" aria-controls=\"elementor-tab-content-1493\" aria-expanded=\"false\">\n\t\t\t\t\t\t\t\t\t\t\t\t<span class=\"elementor-toggle-icon elementor-toggle-icon-left\" aria-hidden=\"true\">\n\t\t\t\t\t\t\t\t\t\t\t\t\t\t\t<span class=\"elementor-toggle-icon-closed\"><i class=\"fas fa-caret-right\"><\/i><\/span>\n\t\t\t\t\t\t\t\t<span class=\"elementor-toggle-icon-opened\"><i class=\"elementor-toggle-icon-opened fas fa-caret-up\"><\/i><\/span>\n\t\t\t\t\t\t\t\t\t\t\t\t\t<\/span>\n\t\t\t\t\t\t\t\t\t\t\t\t<a class=\"elementor-toggle-title\" tabindex=\"0\">3.Care este puterea real\u0103 de ie\u0219ire a unei pl\u0103ci timp de 24 de ore pe zi?<\/a>\n\t\t\t\t\t<\/div>\n\n\t\t\t\t\t<div id=\"elementor-tab-content-1493\" class=\"elementor-tab-content elementor-clearfix\" data-tab=\"3\" role=\"region\" aria-labelledby=\"elementor-tab-title-1493\"><p>Panourile solare produc electricitate doar atunci c\u00e2nd lumina soarelui este prezent\u0103, deci nu se poate spune c\u0103 func\u021bioneaz\u0103 24 de ore pe zi. Lu\u00e2nd ca exemplu latitudinea provinciei Shandong din China, puterea zilnic\u0103 a unui panou normal de 1000W este de aproximativ 3 grade Celsius. <\/p>\n<\/div>\n\t\t\t\t<\/div>\n\t\t\t\t\t\t\t<div class=\"elementor-toggle-item\">\n\t\t\t\t\t<div id=\"elementor-tab-title-1494\" class=\"elementor-tab-title\" data-tab=\"4\" role=\"button\" aria-controls=\"elementor-tab-content-1494\" aria-expanded=\"false\">\n\t\t\t\t\t\t\t\t\t\t\t\t<span class=\"elementor-toggle-icon elementor-toggle-icon-left\" aria-hidden=\"true\">\n\t\t\t\t\t\t\t\t\t\t\t\t\t\t\t<span class=\"elementor-toggle-icon-closed\"><i class=\"fas fa-caret-right\"><\/i><\/span>\n\t\t\t\t\t\t\t\t<span class=\"elementor-toggle-icon-opened\"><i class=\"elementor-toggle-icon-opened fas fa-caret-up\"><\/i><\/span>\n\t\t\t\t\t\t\t\t\t\t\t\t\t<\/span>\n\t\t\t\t\t\t\t\t\t\t\t\t<a class=\"elementor-toggle-title\" tabindex=\"0\">4.Care sunt certific\u0103rile pe care le-au trecut produsele noastre?<\/a>\n\t\t\t\t\t<\/div>\n\n\t\t\t\t\t<div id=\"elementor-tab-content-1494\" class=\"elementor-tab-content elementor-clearfix\" data-tab=\"4\" role=\"region\" aria-labelledby=\"elementor-tab-title-1494\"><p>A trecut sistemul de management al calit\u0103\u021bii ISO9001 \u0219i a trecut CE, TUV, Dewa, SGS, IEC, MCS \u0219i alte certific\u0103ri<\/p>\n<\/div>\n\t\t\t\t<\/div>\n\t\t\t\t\t\t\t<div class=\"elementor-toggle-item\">\n\t\t\t\t\t<div id=\"elementor-tab-title-1495\" class=\"elementor-tab-title\" data-tab=\"5\" role=\"button\" aria-controls=\"elementor-tab-content-1495\" aria-expanded=\"false\">\n\t\t\t\t\t\t\t\t\t\t\t\t<span class=\"elementor-toggle-icon elementor-toggle-icon-left\" aria-hidden=\"true\">\n\t\t\t\t\t\t\t\t\t\t\t\t\t\t\t<span class=\"elementor-toggle-icon-closed\"><i class=\"fas fa-caret-right\"><\/i><\/span>\n\t\t\t\t\t\t\t\t<span class=\"elementor-toggle-icon-opened\"><i class=\"elementor-toggle-icon-opened fas fa-caret-up\"><\/i><\/span>\n\t\t\t\t\t\t\t\t\t\t\t\t\t<\/span>\n\t\t\t\t\t\t\t\t\t\t\t\t<a class=\"elementor-toggle-title\" tabindex=\"0\">5.Cum s\u0103 calcula\u021bi c\u00e2te panouri pot fi instalate \u00een func\u021bie de suprafa\u021ba acoperi\u0219ului.<\/a>\n\t\t\t\t\t<\/div>\n\n\t\t\t\t\t<div id=\"elementor-tab-content-1495\" class=\"elementor-tab-content elementor-clearfix\" data-tab=\"5\" role=\"region\" aria-labelledby=\"elementor-tab-title-1495\"><p>\u00cen prezent, suprafa\u021ba unui panou de pe acoperi\u0219ul casei din Germania nu poate dep\u0103\u0219i 2 metri p\u0103tra\u021bi. Dac\u0103 este calculat\u0103 ca fiind de 2 metri p\u0103tra\u021bi, num\u0103rul specific de panouri poate fi ob\u021binut prin \u00eemp\u0103r\u021birea suprafe\u021bei acoperi\u0219ului la 2 metri p\u0103tra\u021bi. <\/p>\n<\/div>\n\t\t\t\t<\/div>\n\t\t\t\t\t\t\t<div class=\"elementor-toggle-item\">\n\t\t\t\t\t<div id=\"elementor-tab-title-1496\" class=\"elementor-tab-title\" data-tab=\"6\" role=\"button\" aria-controls=\"elementor-tab-content-1496\" aria-expanded=\"false\">\n\t\t\t\t\t\t\t\t\t\t\t\t<span class=\"elementor-toggle-icon elementor-toggle-icon-left\" aria-hidden=\"true\">\n\t\t\t\t\t\t\t\t\t\t\t\t\t\t\t<span class=\"elementor-toggle-icon-closed\"><i class=\"fas fa-caret-right\"><\/i><\/span>\n\t\t\t\t\t\t\t\t<span class=\"elementor-toggle-icon-opened\"><i class=\"elementor-toggle-icon-opened fas fa-caret-up\"><\/i><\/span>\n\t\t\t\t\t\t\t\t\t\t\t\t\t<\/span>\n\t\t\t\t\t\t\t\t\t\t\t\t<a class=\"elementor-toggle-title\" tabindex=\"0\">6.C\u00e2t de des trebuie cur\u0103\u021bat produsul?<\/a>\n\t\t\t\t\t<\/div>\n\n\t\t\t\t\t<div id=\"elementor-tab-content-1496\" class=\"elementor-tab-content elementor-clearfix\" data-tab=\"6\" role=\"region\" aria-labelledby=\"elementor-tab-title-1496\"><p>\u00cen func\u021bie de situa\u021bia real\u0103, cur\u0103\u021ba\u021bi placa dac\u0103 exist\u0103 mult praf sau acoperire pe panou.<\/p>\n<\/div>\n\t\t\t\t<\/div>\n\t\t\t\t\t\t\t\t<\/div>\n\t\t\t\t\t\t<\/div>\n\t\t\t\t<\/div>\n\t\t\t\t\t<\/div>\n\t\t<\/div>\n\t\t\t\t\t<\/div>\n\t\t<\/section>\n\t\t\t\t<\/div>\n\t\t","protected":false},"excerpt":{"rendered":"<p>\u00ceNTREB\u0102RI FRECVENTE \u00centreb\u0103rile frecvente pe care le pute\u021bi \u00eent\u00e2lni sunt sortate \u0219i li se r\u0103spunde, iar dumneavoastr\u0103 pute\u021bi rezolva rapid problema \u00een func\u021bie de r\u0103spunsuri. 1.C\u00e2te buc\u0103\u021bi sunt \u00eentr-un palet\/ c\u00e2te buc\u0103\u021bi sunt \u00eentr-un container? Acesta nu este fix, iar situa\u021bia real\u0103 a&hellip;<\/p>\n","protected":false},"author":1,"featured_media":0,"parent":0,"menu_order":0,"comment_status":"closed","ping_status":"closed","template":"","meta":{"_uag_custom_page_level_css":"","footnotes":""},"class_list":["post-67033","page","type-page","status-publish","hentry"],"yoast_head":"<!-- This site is optimized with the Yoast SEO plugin v27.4 - https:\/\/yoast.com\/product\/yoast-seo-wordpress\/ -->\n<title>\u00ceNTREB\u0102RI FRECVENTE - Professional Distributed PV Module Manufacturer<\/title>\n<meta name=\"robots\" content=\"index, follow, max-snippet:-1, max-image-preview:large, max-video-preview:-1\" \/>\n<link rel=\"canonical\" href=\"https:\/\/www.maysunsolar.com\/ro\/intrebari-frecvente\/\" \/>\n<meta property=\"og:locale\" content=\"ro_RO\" \/>\n<meta property=\"og:type\" content=\"article\" \/>\n<meta property=\"og:title\" content=\"\u00ceNTREB\u0102RI FRECVENTE - Professional Distributed PV Module Manufacturer\" \/>\n<meta property=\"og:description\" content=\"\u00ceNTREB\u0102RI FRECVENTE \u00centreb\u0103rile frecvente pe care le pute\u021bi \u00eent\u00e2lni sunt sortate \u0219i li se r\u0103spunde, iar dumneavoastr\u0103 pute\u021bi rezolva rapid problema \u00een func\u021bie de r\u0103spunsuri. 1.C\u00e2te buc\u0103\u021bi sunt \u00eentr-un palet\/ c\u00e2te buc\u0103\u021bi sunt \u00eentr-un container? Acesta nu este fix, iar situa\u021bia real\u0103 a&hellip;\" \/>\n<meta property=\"og:url\" content=\"https:\/\/www.maysunsolar.com\/ro\/intrebari-frecvente\/\" \/>\n<meta property=\"og:site_name\" content=\"Professional Distributed PV Module Manufacturer\" \/>\n<meta property=\"article:modified_time\" content=\"2025-08-12T08:36:15+00:00\" \/>\n<meta property=\"og:image\" content=\"https:\/\/www.maysunsolar.com\/wp-content\/uploads\/2022\/09\/questions-question-mark-quiz-6988157-768x549.png\" \/>\n<meta name=\"twitter:card\" content=\"summary_large_image\" \/>\n<meta name=\"twitter:label1\" content=\"Timp estimat pentru citire\" \/>\n\t<meta name=\"twitter:data1\" content=\"2 minute\" \/>\n<script type=\"application\/ld+json\" class=\"yoast-schema-graph\">{\"@context\":\"https:\\\/\\\/schema.org\",\"@graph\":[{\"@type\":\"WebPage\",\"@id\":\"https:\\\/\\\/www.maysunsolar.com\\\/ro\\\/intrebari-frecvente\\\/\",\"url\":\"https:\\\/\\\/www.maysunsolar.com\\\/ro\\\/intrebari-frecvente\\\/\",\"name\":\"\u00ceNTREB\u0102RI FRECVENTE - Professional Distributed PV Module Manufacturer\",\"isPartOf\":{\"@id\":\"https:\\\/\\\/www.maysunsolar.com\\\/ro\\\/#website\"},\"primaryImageOfPage\":{\"@id\":\"https:\\\/\\\/www.maysunsolar.com\\\/ro\\\/intrebari-frecvente\\\/#primaryimage\"},\"image\":{\"@id\":\"https:\\\/\\\/www.maysunsolar.com\\\/ro\\\/intrebari-frecvente\\\/#primaryimage\"},\"thumbnailUrl\":\"https:\\\/\\\/www.maysunsolar.com\\\/wp-content\\\/uploads\\\/2022\\\/09\\\/questions-question-mark-quiz-6988157-768x549.png\",\"datePublished\":\"2022-09-05T08:47:53+00:00\",\"dateModified\":\"2025-08-12T08:36:15+00:00\",\"breadcrumb\":{\"@id\":\"https:\\\/\\\/www.maysunsolar.com\\\/ro\\\/intrebari-frecvente\\\/#breadcrumb\"},\"inLanguage\":\"ro-RO\",\"potentialAction\":[{\"@type\":\"ReadAction\",\"target\":[\"https:\\\/\\\/www.maysunsolar.com\\\/ro\\\/intrebari-frecvente\\\/\"]}]},{\"@type\":\"ImageObject\",\"inLanguage\":\"ro-RO\",\"@id\":\"https:\\\/\\\/www.maysunsolar.com\\\/ro\\\/intrebari-frecvente\\\/#primaryimage\",\"url\":\"https:\\\/\\\/www.maysunsolar.com\\\/wp-content\\\/uploads\\\/2022\\\/09\\\/questions-question-mark-quiz-6988157-768x549.png\",\"contentUrl\":\"https:\\\/\\\/www.maysunsolar.com\\\/wp-content\\\/uploads\\\/2022\\\/09\\\/questions-question-mark-quiz-6988157-768x549.png\"},{\"@type\":\"BreadcrumbList\",\"@id\":\"https:\\\/\\\/www.maysunsolar.com\\\/ro\\\/intrebari-frecvente\\\/#breadcrumb\",\"itemListElement\":[{\"@type\":\"ListItem\",\"position\":1,\"name\":\"Home\",\"item\":\"https:\\\/\\\/www.maysunsolar.com\\\/ro\\\/\"},{\"@type\":\"ListItem\",\"position\":2,\"name\":\"\u00ceNTREB\u0102RI FRECVENTE\"}]},{\"@type\":\"WebSite\",\"@id\":\"https:\\\/\\\/www.maysunsolar.com\\\/ro\\\/#website\",\"url\":\"https:\\\/\\\/www.maysunsolar.com\\\/ro\\\/\",\"name\":\"Professional Photovoltaic Panel Manufacturer\",\"description\":\"\",\"publisher\":{\"@id\":\"https:\\\/\\\/www.maysunsolar.com\\\/ro\\\/#organization\"},\"potentialAction\":[{\"@type\":\"SearchAction\",\"target\":{\"@type\":\"EntryPoint\",\"urlTemplate\":\"https:\\\/\\\/www.maysunsolar.com\\\/ro\\\/?s={search_term_string}\"},\"query-input\":{\"@type\":\"PropertyValueSpecification\",\"valueRequired\":true,\"valueName\":\"search_term_string\"}}],\"inLanguage\":\"ro-RO\"},{\"@type\":\"Organization\",\"@id\":\"https:\\\/\\\/www.maysunsolar.com\\\/ro\\\/#organization\",\"name\":\"Maysun Solar\",\"url\":\"https:\\\/\\\/www.maysunsolar.com\\\/ro\\\/\",\"logo\":{\"@type\":\"ImageObject\",\"inLanguage\":\"ro-RO\",\"@id\":\"https:\\\/\\\/www.maysunsolar.com\\\/ro\\\/#\\\/schema\\\/logo\\\/image\\\/\",\"url\":\"https:\\\/\\\/www.maysunsolar.com\\\/wp-content\\\/uploads\\\/2023\\\/12\\\/\u516c\u53f8logo\u900f\u660e\u5e95\u7f51\u7ad9\u5c0f\u5934\u50cf.png\",\"contentUrl\":\"https:\\\/\\\/www.maysunsolar.com\\\/wp-content\\\/uploads\\\/2023\\\/12\\\/\u516c\u53f8logo\u900f\u660e\u5e95\u7f51\u7ad9\u5c0f\u5934\u50cf.png\",\"width\":200,\"height\":200,\"caption\":\"Maysun Solar\"},\"image\":{\"@id\":\"https:\\\/\\\/www.maysunsolar.com\\\/ro\\\/#\\\/schema\\\/logo\\\/image\\\/\"}}]}<\/script>\n<!-- \/ Yoast SEO plugin. -->","yoast_head_json":{"title":"\u00ceNTREB\u0102RI FRECVENTE - Professional Distributed PV Module Manufacturer","robots":{"index":"index","follow":"follow","max-snippet":"max-snippet:-1","max-image-preview":"max-image-preview:large","max-video-preview":"max-video-preview:-1"},"canonical":"https:\/\/www.maysunsolar.com\/ro\/intrebari-frecvente\/","og_locale":"ro_RO","og_type":"article","og_title":"\u00ceNTREB\u0102RI FRECVENTE - Professional Distributed PV Module Manufacturer","og_description":"\u00ceNTREB\u0102RI FRECVENTE \u00centreb\u0103rile frecvente pe care le pute\u021bi \u00eent\u00e2lni sunt sortate \u0219i li se r\u0103spunde, iar dumneavoastr\u0103 pute\u021bi rezolva rapid problema \u00een func\u021bie de r\u0103spunsuri. 1.C\u00e2te buc\u0103\u021bi sunt \u00eentr-un palet\/ c\u00e2te buc\u0103\u021bi sunt \u00eentr-un container? Acesta nu este fix, iar situa\u021bia real\u0103 a&hellip;","og_url":"https:\/\/www.maysunsolar.com\/ro\/intrebari-frecvente\/","og_site_name":"Professional Distributed PV Module Manufacturer","article_modified_time":"2025-08-12T08:36:15+00:00","og_image":[{"url":"https:\/\/www.maysunsolar.com\/wp-content\/uploads\/2022\/09\/questions-question-mark-quiz-6988157-768x549.png","type":"","width":"","height":""}],"twitter_card":"summary_large_image","twitter_misc":{"Timp estimat pentru citire":"2 minute"},"schema":{"@context":"https:\/\/schema.org","@graph":[{"@type":"WebPage","@id":"https:\/\/www.maysunsolar.com\/ro\/intrebari-frecvente\/","url":"https:\/\/www.maysunsolar.com\/ro\/intrebari-frecvente\/","name":"\u00ceNTREB\u0102RI FRECVENTE - Professional Distributed PV Module Manufacturer","isPartOf":{"@id":"https:\/\/www.maysunsolar.com\/ro\/#website"},"primaryImageOfPage":{"@id":"https:\/\/www.maysunsolar.com\/ro\/intrebari-frecvente\/#primaryimage"},"image":{"@id":"https:\/\/www.maysunsolar.com\/ro\/intrebari-frecvente\/#primaryimage"},"thumbnailUrl":"https:\/\/www.maysunsolar.com\/wp-content\/uploads\/2022\/09\/questions-question-mark-quiz-6988157-768x549.png","datePublished":"2022-09-05T08:47:53+00:00","dateModified":"2025-08-12T08:36:15+00:00","breadcrumb":{"@id":"https:\/\/www.maysunsolar.com\/ro\/intrebari-frecvente\/#breadcrumb"},"inLanguage":"ro-RO","potentialAction":[{"@type":"ReadAction","target":["https:\/\/www.maysunsolar.com\/ro\/intrebari-frecvente\/"]}]},{"@type":"ImageObject","inLanguage":"ro-RO","@id":"https:\/\/www.maysunsolar.com\/ro\/intrebari-frecvente\/#primaryimage","url":"https:\/\/www.maysunsolar.com\/wp-content\/uploads\/2022\/09\/questions-question-mark-quiz-6988157-768x549.png","contentUrl":"https:\/\/www.maysunsolar.com\/wp-content\/uploads\/2022\/09\/questions-question-mark-quiz-6988157-768x549.png"},{"@type":"BreadcrumbList","@id":"https:\/\/www.maysunsolar.com\/ro\/intrebari-frecvente\/#breadcrumb","itemListElement":[{"@type":"ListItem","position":1,"name":"Home","item":"https:\/\/www.maysunsolar.com\/ro\/"},{"@type":"ListItem","position":2,"name":"\u00ceNTREB\u0102RI FRECVENTE"}]},{"@type":"WebSite","@id":"https:\/\/www.maysunsolar.com\/ro\/#website","url":"https:\/\/www.maysunsolar.com\/ro\/","name":"Professional Photovoltaic Panel Manufacturer","description":"","publisher":{"@id":"https:\/\/www.maysunsolar.com\/ro\/#organization"},"potentialAction":[{"@type":"SearchAction","target":{"@type":"EntryPoint","urlTemplate":"https:\/\/www.maysunsolar.com\/ro\/?s={search_term_string}"},"query-input":{"@type":"PropertyValueSpecification","valueRequired":true,"valueName":"search_term_string"}}],"inLanguage":"ro-RO"},{"@type":"Organization","@id":"https:\/\/www.maysunsolar.com\/ro\/#organization","name":"Maysun Solar","url":"https:\/\/www.maysunsolar.com\/ro\/","logo":{"@type":"ImageObject","inLanguage":"ro-RO","@id":"https:\/\/www.maysunsolar.com\/ro\/#\/schema\/logo\/image\/","url":"https:\/\/www.maysunsolar.com\/wp-content\/uploads\/2023\/12\/\u516c\u53f8logo\u900f\u660e\u5e95\u7f51\u7ad9\u5c0f\u5934\u50cf.png","contentUrl":"https:\/\/www.maysunsolar.com\/wp-content\/uploads\/2023\/12\/\u516c\u53f8logo\u900f\u660e\u5e95\u7f51\u7ad9\u5c0f\u5934\u50cf.png","width":200,"height":200,"caption":"Maysun Solar"},"image":{"@id":"https:\/\/www.maysunsolar.com\/ro\/#\/schema\/logo\/image\/"}}]}},"uagb_featured_image_src":{"full":false,"thumbnail":false,"medium":false,"medium_large":false,"large":false,"1536x1536":false,"2048x2048":false,"menu-24x24":false,"menu-36x36":false,"menu-48x48":false},"uagb_author_info":{"display_name":"Brian","author_link":"https:\/\/www.maysunsolar.com\/ro\/author\/brian\/"},"uagb_comment_info":0,"uagb_excerpt":"\u00ceNTREB\u0102RI FRECVENTE \u00centreb\u0103rile frecvente pe care le pute\u021bi \u00eent\u00e2lni sunt sortate \u0219i li se r\u0103spunde, iar dumneavoastr\u0103 pute\u021bi rezolva rapid problema \u00een func\u021bie de r\u0103spunsuri. 1.C\u00e2te buc\u0103\u021bi sunt \u00eentr-un palet\/ c\u00e2te buc\u0103\u021bi sunt \u00eentr-un container? Acesta nu este fix, iar situa\u021bia real\u0103 a&hellip;","_links":{"self":[{"href":"https:\/\/www.maysunsolar.com\/ro\/wp-json\/wp\/v2\/pages\/67033","targetHints":{"allow":["GET"]}}],"collection":[{"href":"https:\/\/www.maysunsolar.com\/ro\/wp-json\/wp\/v2\/pages"}],"about":[{"href":"https:\/\/www.maysunsolar.com\/ro\/wp-json\/wp\/v2\/types\/page"}],"author":[{"embeddable":true,"href":"https:\/\/www.maysunsolar.com\/ro\/wp-json\/wp\/v2\/users\/1"}],"replies":[{"embeddable":true,"href":"https:\/\/www.maysunsolar.com\/ro\/wp-json\/wp\/v2\/comments?post=67033"}],"version-history":[{"count":2,"href":"https:\/\/www.maysunsolar.com\/ro\/wp-json\/wp\/v2\/pages\/67033\/revisions"}],"predecessor-version":[{"id":67038,"href":"https:\/\/www.maysunsolar.com\/ro\/wp-json\/wp\/v2\/pages\/67033\/revisions\/67038"}],"wp:attachment":[{"href":"https:\/\/www.maysunsolar.com\/ro\/wp-json\/wp\/v2\/media?parent=67033"}],"curies":[{"name":"wp","href":"https:\/\/api.w.org\/{rel}","templated":true}]}}